{"id":152470,"date":"2021-01-15T12:31:06","date_gmt":"2021-01-15T12:31:06","guid":{"rendered":"https:\/\/codengine3.ch\/?product=import-placeholder-for-201838"},"modified":"2021-01-15T12:31:09","modified_gmt":"2021-01-15T12:31:09","slug":"travaux-acrobatiques","status":"publish","type":"product","link":"https:\/\/pizbube.ch\/en\/shop\/travaux-acrobatiques\/","title":{"rendered":"Travaux acrobatiques"},"content":{"rendered":"<p>techniques alpines et sp\u00e9l\u00e9ologiques appliqu\u00e9es<\/p>","protected":false},"excerpt":{"rendered":"<p>techniques alpines et sp\u00e9l\u00e9ologiques appliqu\u00e9es<\/p>","protected":false},"featured_media":45070,"template":"","meta":[],"product_brand":[],"product_cat":[21538],"product_tag":[],"class_list":{"0":"post-152470","1":"product","2":"type-product","3":"status-publish","4":"has-post-thumbnail","6":"product_cat-lehrbuecher","7":"pa_autor-sournier","8":"pa_erscheinungsjahr-22060","9":"pa_region-klettertechnik","10":"pa_sprache-fr","12":"first","13":"instock","14":"taxable","15":"shipping-taxable","16":"purchasable","17":"product-type-simple"},"_links":{"self":[{"href":"https:\/\/pizbube.ch\/en\/wp-json\/wp\/v2\/product\/152470","targetHints":{"allow":["GET"]}}],"collection":[{"href":"https:\/\/pizbube.ch\/en\/wp-json\/wp\/v2\/product"}],"about":[{"href":"https:\/\/pizbube.ch\/en\/wp-json\/wp\/v2\/types\/product"}],"wp:featuredmedia":[{"embeddable":true,"href":"https:\/\/pizbube.ch\/en\/wp-json\/wp\/v2\/media\/45070"}],"wp:attachment":[{"href":"https:\/\/pizbube.ch\/en\/wp-json\/wp\/v2\/media?parent=152470"}],"wp:term":[{"taxonomy":"product_brand","embeddable":true,"href":"https:\/\/pizbube.ch\/en\/wp-json\/wp\/v2\/product_brand?post=152470"},{"taxonomy":"product_cat","embeddable":true,"href":"https:\/\/pizbube.ch\/en\/wp-json\/wp\/v2\/product_cat?post=152470"},{"taxonomy":"product_tag","embeddable":true,"href":"https:\/\/pizbube.ch\/en\/wp-json\/wp\/v2\/product_tag?post=152470"}],"curies":[{"name":"wp","href":"https:\/\/api.w.org\/{rel}","templated":true}]}}