{"id":152471,"date":"2021-01-15T12:31:06","date_gmt":"2021-01-15T12:31:06","guid":{"rendered":"https:\/\/codengine3.ch\/?product=import-placeholder-for-201839"},"modified":"2021-01-15T12:31:10","modified_gmt":"2021-01-15T12:31:10","slug":"sport-alpini-in-vallespluga","status":"publish","type":"product","link":"https:\/\/pizbube.ch\/en\/shop\/sport-alpini-in-vallespluga\/","title":{"rendered":"Sport Alpini in Vallespluga"},"content":{"rendered":"<p>arrampicata- ghiaccio- alpinismo- scialpinismo- trekking- mountainbike:<br \/>\nTopof\u00fchrer \u00fcber das Gebiet am Spl\u00fcgenpass. Beschrieben sind<br \/>\nSportkletterrouten, Skitouren, Eisf\u00e4lle und Wanderungen.<\/p>","protected":false},"excerpt":{"rendered":"<p>arrampicata- ghiaccio- alpinismo- scialpinismo- trekking- mountainbike: Topof\u00fchrer \u00fcber das Gebiet am Spl\u00fcgenpass. Beschrieben sind Sportkletterrouten, Skitouren, Eisf\u00e4lle und Wanderungen.<\/p>","protected":false},"featured_media":29225,"template":"","meta":[],"product_brand":[],"product_cat":[21539],"product_tag":[],"class_list":{"0":"post-152471","1":"product","2":"type-product","3":"status-publish","4":"has-post-thumbnail","6":"product_cat-fuehrerliteratur-sportklettern-bouldern","7":"pa_autor-gorelli","8":"pa_erscheinungsjahr-22060","9":"pa_region-italien","10":"pa_sprache-it","12":"first","13":"instock","14":"taxable","15":"shipping-taxable","16":"purchasable","17":"product-type-simple"},"_links":{"self":[{"href":"https:\/\/pizbube.ch\/en\/wp-json\/wp\/v2\/product\/152471","targetHints":{"allow":["GET"]}}],"collection":[{"href":"https:\/\/pizbube.ch\/en\/wp-json\/wp\/v2\/product"}],"about":[{"href":"https:\/\/pizbube.ch\/en\/wp-json\/wp\/v2\/types\/product"}],"wp:featuredmedia":[{"embeddable":true,"href":"https:\/\/pizbube.ch\/en\/wp-json\/wp\/v2\/media\/29225"}],"wp:attachment":[{"href":"https:\/\/pizbube.ch\/en\/wp-json\/wp\/v2\/media?parent=152471"}],"wp:term":[{"taxonomy":"product_brand","embeddable":true,"href":"https:\/\/pizbube.ch\/en\/wp-json\/wp\/v2\/product_brand?post=152471"},{"taxonomy":"product_cat","embeddable":true,"href":"https:\/\/pizbube.ch\/en\/wp-json\/wp\/v2\/product_cat?post=152471"},{"taxonomy":"product_tag","embeddable":true,"href":"https:\/\/pizbube.ch\/en\/wp-json\/wp\/v2\/product_tag?post=152471"}],"curies":[{"name":"wp","href":"https:\/\/api.w.org\/{rel}","templated":true}]}}