{"id":152473,"date":"2021-01-15T12:31:06","date_gmt":"2021-01-15T12:31:06","guid":{"rendered":"https:\/\/codengine3.ch\/?product=import-placeholder-for-202335"},"modified":"2021-11-26T08:50:03","modified_gmt":"2021-11-26T07:50:03","slug":"via-spluga-durch-kulturen-wandern","status":"publish","type":"product","link":"https:\/\/pizbube.ch\/en\/shop\/via-spluga-durch-kulturen-wandern\/","title":{"rendered":"via spluga &#8211; Durch Kulturen wandern"},"content":{"rendered":"<p>Thusis &#8211; Spl\u00fcgenpass- Chiavenna. Ein Weitwanderweg auf historischen Pfaden.<br \/>\nDie Wegstrecke von Thusis nach Chiavenna \u00fcber den Spl\u00fcgenpass ist von<br \/>\nbesonderer historischer Bedeutung. R\u00f6mer, Walser, K\u00f6nige, H\u00e4ndle, Dichter und<br \/>\nDenker haben diese Route gew\u00e4hlt und haben ihre Spuren hinterlassen. Burgen,<br \/>\nKirchen, Kapellen und Herrenh\u00e4user s\u00e4umen den Weg und halsbrecherische Pfade<br \/>\ndurch die Viamala und den Cardinello zeugen von fr\u00fcher Strassenbaukunst. Die<br \/>\nregioViamala l\u00e4sst die &#8218;Via Spluga&#8216; durchwegs gestalten und signalisieren.<\/p>\n<p>In vier Abschnitten, Thusis-Zillis, Andeer-Spl\u00fcgen, Spl\u00fcgen-Isola und Isola-<br \/>\nChiavenna folgt der Wanderf\u00fchrer von Kurt Wanner dieser spektakul\u00e4ren Route.<br \/>\nIn einer historischen Einleitung erl\u00e4utert der Autor die Geschichte des Passes<br \/>\nund der Kulturen. Ausblicke in allen Himmelsrichtungen fehlen ebenso wenig wie<br \/>\nErinnerungen ber\u00fchmter Reisender. Selbstverst\u00e4ndlich enth\u00e4lt dieser F\u00fchrer<br \/>\nalle wichtigen touristischen Angaben und Wanderinformationen, Routenk\u00e4rtchen,<br \/>\nH\u00f6henprofile, und ausgesuchte Fotos von Romano Pedetti.<\/p>\n<p>50 Farbfotos, Krokis, H\u00f6henprofile<br \/>\n3. \u00fcberarbeitete Auflg. 2007<\/p>","protected":false},"excerpt":{"rendered":"<p>Thusis &#8211; Spl\u00fcgenpass- Chiavenna. Ein Weitwanderweg auf historischen Pfaden. Die Wegstrecke von Thusis nach Chiavenna \u00fcber den Spl\u00fcgenpass ist von besonderer historischer Bedeutung. R\u00f6mer, Walser, K\u00f6nige, H\u00e4ndle, Dichter und Denker haben diese Route gew\u00e4hlt und haben ihre Spuren hinterlassen. Burgen, Kirchen, Kapellen und Herrenh\u00e4user s\u00e4umen den Weg und halsbrecherische Pfade durch die Viamala und den [&#8230;]\n","protected":false},"featured_media":29711,"template":"","meta":[],"product_brand":[],"product_cat":[21605],"product_tag":[],"class_list":{"0":"post-152473","1":"product","2":"type-product","3":"status-publish","4":"has-post-thumbnail","6":"product_cat-wanderfuehrer-trekking","7":"pa_autor-wanner","8":"pa_erscheinungsjahr-21842","9":"pa_region-schweiz","10":"pa_sprache-de","12":"first","13":"outofstock","14":"taxable","15":"shipping-taxable","16":"purchasable","17":"product-type-simple"},"_links":{"self":[{"href":"https:\/\/pizbube.ch\/en\/wp-json\/wp\/v2\/product\/152473","targetHints":{"allow":["GET"]}}],"collection":[{"href":"https:\/\/pizbube.ch\/en\/wp-json\/wp\/v2\/product"}],"about":[{"href":"https:\/\/pizbube.ch\/en\/wp-json\/wp\/v2\/types\/product"}],"wp:featuredmedia":[{"embeddable":true,"href":"https:\/\/pizbube.ch\/en\/wp-json\/wp\/v2\/media\/29711"}],"wp:attachment":[{"href":"https:\/\/pizbube.ch\/en\/wp-json\/wp\/v2\/media?parent=152473"}],"wp:term":[{"taxonomy":"product_brand","embeddable":true,"href":"https:\/\/pizbube.ch\/en\/wp-json\/wp\/v2\/product_brand?post=152473"},{"taxonomy":"product_cat","embeddable":true,"href":"https:\/\/pizbube.ch\/en\/wp-json\/wp\/v2\/product_cat?post=152473"},{"taxonomy":"product_tag","embeddable":true,"href":"https:\/\/pizbube.ch\/en\/wp-json\/wp\/v2\/product_tag?post=152473"}],"curies":[{"name":"wp","href":"https:\/\/api.w.org\/{rel}","templated":true}]}}