{"id":152475,"date":"2021-01-15T12:31:07","date_gmt":"2021-01-15T12:31:07","guid":{"rendered":"https:\/\/codengine3.ch\/?product=import-placeholder-for-206845"},"modified":"2024-04-26T13:56:23","modified_gmt":"2024-04-26T11:56:23","slug":"via-sett-via-spluga","status":"publish","type":"product","link":"https:\/\/pizbube.ch\/en\/shop\/via-sett-via-spluga\/","title":{"rendered":"Via Sett Via Spluga"},"content":{"rendered":"<p>Von Thusis nach Chiavenna: zwei Wege, tausend Emotionen<\/p>\n<p>Die Via Sett und die Via Spluga sind zwei wundersch\u00f6ne historische<br \/>\nWeitwanderwege im Herzen der Alpen.<br \/>\nDie ViaSett f\u00fchrt von Thusis nach Chiavenna: Der Septimerpassgalt galt als<br \/>\neiner der wichtigsten Alpen\u00fcberg\u00e4nge in der R\u00f6merzeit. Im Zentrum des Kultur-<br \/>\nund Weitwanderwegs stehen die verschiedenen Sprachkulturen und die vielf\u00e4ltige<br \/>\nNaturkulisse der drei Talschaften.<\/p>\n<p>Die Via Spluga passiert die T\u00e4ler Schams (r\u00e4toromanisch Schons), Rheinwald und<br \/>\nVal San Giacomo auf einer L\u00e4nge von 65 km, folgt den Fl\u00fcssen Hinterrhein und<br \/>\nLiro durch die Schluchten Viamala, Roffla und Cardinello. Der Weg wird<br \/>\nnormalerweise in vier Tagesetappen zur\u00fcckgelegt.<\/p>","protected":false},"excerpt":{"rendered":"<p>Von Thusis nach Chiavenna: zwei Wege, tausend Emotionen Die Via Sett und die Via Spluga sind zwei wundersch\u00f6ne historische Weitwanderwege im Herzen der Alpen. Die ViaSett f\u00fchrt von Thusis nach Chiavenna: Der Septimerpassgalt galt als einer der wichtigsten Alpen\u00fcberg\u00e4nge in der R\u00f6merzeit. Im Zentrum des Kultur- und Weitwanderwegs stehen die verschiedenen Sprachkulturen und die vielf\u00e4ltige [&#8230;]\n","protected":false},"featured_media":36311,"template":"","meta":[],"product_brand":[],"product_cat":[21605],"product_tag":[],"class_list":{"0":"post-152475","1":"product","2":"type-product","3":"status-publish","4":"has-post-thumbnail","6":"product_cat-wanderfuehrer-trekking","7":"pa_autor-merisio","8":"pa_erscheinungsjahr-21550","9":"pa_region-schweiz","10":"pa_sprache-de","12":"first","13":"instock","14":"taxable","15":"shipping-taxable","16":"purchasable","17":"product-type-simple"},"_links":{"self":[{"href":"https:\/\/pizbube.ch\/en\/wp-json\/wp\/v2\/product\/152475","targetHints":{"allow":["GET"]}}],"collection":[{"href":"https:\/\/pizbube.ch\/en\/wp-json\/wp\/v2\/product"}],"about":[{"href":"https:\/\/pizbube.ch\/en\/wp-json\/wp\/v2\/types\/product"}],"wp:featuredmedia":[{"embeddable":true,"href":"https:\/\/pizbube.ch\/en\/wp-json\/wp\/v2\/media\/36311"}],"wp:attachment":[{"href":"https:\/\/pizbube.ch\/en\/wp-json\/wp\/v2\/media?parent=152475"}],"wp:term":[{"taxonomy":"product_brand","embeddable":true,"href":"https:\/\/pizbube.ch\/en\/wp-json\/wp\/v2\/product_brand?post=152475"},{"taxonomy":"product_cat","embeddable":true,"href":"https:\/\/pizbube.ch\/en\/wp-json\/wp\/v2\/product_cat?post=152475"},{"taxonomy":"product_tag","embeddable":true,"href":"https:\/\/pizbube.ch\/en\/wp-json\/wp\/v2\/product_tag?post=152475"}],"curies":[{"name":"wp","href":"https:\/\/api.w.org\/{rel}","templated":true}]}}