{"id":152480,"date":"2021-01-15T12:31:07","date_gmt":"2021-01-15T12:31:07","guid":{"rendered":"https:\/\/codengine3.ch\/?product=import-placeholder-for-205834"},"modified":"2021-01-15T14:44:18","modified_gmt":"2021-01-15T14:44:18","slug":"sir-edmund-hillary-die-biografie","status":"publish","type":"product","link":"https:\/\/pizbube.ch\/en\/shop\/sir-edmund-hillary-die-biografie\/","title":{"rendered":"Sir Edmund Hillary &#8211; Die Biografie."},"content":{"rendered":"<p>Nicht einmal ein Gipfelfoto existiert von ihm: Als Edmund Hillary (1919 &#8211;<br \/>\n2008) 1953 als Erster auf dem h\u00f6chsten Berg der Welt stand, war es ihm<br \/>\nwichtiger, seinen Begleiter, Sherpa Tenzing Norgay, abzulichten.<br \/>\nCharakteristisch f\u00fcr den bescheidenen Neuseel\u00e4nder, Vorbild f\u00fcr Generationen<br \/>\nvon Alpinisten. Nicht nur im Hochgebirge stellte er sich den<br \/>\nHerausforde\u00adrungen; er reiste an die Quellen des Ganges und auf den Spuren<br \/>\nRobert F. Scotts an den S\u00fcdpol.<br \/>\nDer inflation\u00e4ren Eroberung des Everest musste er machtlos zusehen, doch f\u00fcr<br \/>\ndas Volk der Sherpas erreichte er viel: mit gro\u00dfem humanit\u00e4ren Einsatz, dem<br \/>\nBau von Schulen und Hospit\u00e4lern, Br\u00fccken und Wasser\u00adleitungen. Sir Edmund<br \/>\nHillary: der Bergsteiger und Abenteurer, der zum Menschenfreund, Fundraiser<br \/>\nund Diplomaten wurde.<br \/>\nFarb., s\/w. Fotos. 330 S.  <\/p>","protected":false},"excerpt":{"rendered":"<p>Nicht einmal ein Gipfelfoto existiert von ihm: Als Edmund Hillary (1919 &#8211; 2008) 1953 als Erster auf dem h\u00f6chsten Berg der Welt stand, war es ihm wichtiger, seinen Begleiter, Sherpa Tenzing Norgay, abzulichten. Charakteristisch f\u00fcr den bescheidenen Neuseel\u00e4nder, Vorbild f\u00fcr Generationen von Alpinisten. Nicht nur im Hochgebirge stellte er sich den Herausforde\u00adrungen; er reiste an [&#8230;]\n","protected":false},"featured_media":34665,"template":"","meta":[],"product_brand":[],"product_cat":[21542],"product_tag":[],"class_list":{"0":"post-152480","1":"product","2":"type-product","3":"status-publish","4":"has-post-thumbnail","6":"product_cat-sachbuecher-dokumentationen","7":"pa_autor-johnston","8":"pa_erscheinungsjahr-21693","9":"pa_region-neuseeland","10":"pa_sprache-de","12":"first","13":"instock","14":"taxable","15":"shipping-taxable","16":"purchasable","17":"product-type-simple"},"_links":{"self":[{"href":"https:\/\/pizbube.ch\/en\/wp-json\/wp\/v2\/product\/152480","targetHints":{"allow":["GET"]}}],"collection":[{"href":"https:\/\/pizbube.ch\/en\/wp-json\/wp\/v2\/product"}],"about":[{"href":"https:\/\/pizbube.ch\/en\/wp-json\/wp\/v2\/types\/product"}],"wp:featuredmedia":[{"embeddable":true,"href":"https:\/\/pizbube.ch\/en\/wp-json\/wp\/v2\/media\/34665"}],"wp:attachment":[{"href":"https:\/\/pizbube.ch\/en\/wp-json\/wp\/v2\/media?parent=152480"}],"wp:term":[{"taxonomy":"product_brand","embeddable":true,"href":"https:\/\/pizbube.ch\/en\/wp-json\/wp\/v2\/product_brand?post=152480"},{"taxonomy":"product_cat","embeddable":true,"href":"https:\/\/pizbube.ch\/en\/wp-json\/wp\/v2\/product_cat?post=152480"},{"taxonomy":"product_tag","embeddable":true,"href":"https:\/\/pizbube.ch\/en\/wp-json\/wp\/v2\/product_tag?post=152480"}],"curies":[{"name":"wp","href":"https:\/\/api.w.org\/{rel}","templated":true}]}}