{"id":152511,"date":"2021-01-15T12:31:15","date_gmt":"2021-01-15T12:31:15","guid":{"rendered":"https:\/\/codengine3.ch\/?product=import-placeholder-for-205175"},"modified":"2022-09-10T09:33:50","modified_gmt":"2022-09-10T07:33:50","slug":"zu-fuss-von-genf-nach-nizza-band-1","status":"publish","type":"product","link":"https:\/\/pizbube.ch\/en\/shop\/zu-fuss-von-genf-nach-nizza-band-1\/","title":{"rendered":"Zu Fuss von Genf nach Nizza Band 1"},"content":{"rendered":"<p>Band 1: Savoyen und Dauphin\u00e9<\/p>\n<p>Durch die franz\u00f6sischen Alpen<br \/>\nIm ersten Band f\u00fchrt die Weitwanderung vom hektischen Genf durch ein<br \/>\nl\u00e4ndliches und gebirgiges Savoyen in die ehemalige Alpenrepublik Brian\u00e7on.<br \/>\nUnterwegs wechseln weite, offene Landschaften mit dunkeln W\u00e4ldern,<br \/>\naussichtsreiche Grate mit engen Schluchten, gr\u00fcne T\u00e4ler mit felsigem Gebirge,<br \/>\nhistorische St\u00e4dte mit abgelegenen Alpen und touristischer Kitsch mit<br \/>\nkulturellen Rarit\u00e4ten. Doch eines bleibt sich immer gleich: Es gibt (fast)<br \/>\n\u00fcberall etwas Gutes zu essen und zu trinken.<br \/>\nDie beiden B\u00e4nde sind in je f\u00fcnf zwei- bis sechst\u00e4gige Abschnitte eingeteilt,<br \/>\nderen Ausgangspunkte mit \u00f6ffentlichen Verkehrsmitteln erreicht werden k\u00f6nnen.<br \/>\nJede Tagesetappe weist mindestens eine Unterkunftsm\u00f6glichkeit auf. Oft ist es<br \/>\neine einfache Bergh\u00fctte, manchmal auch ein sch\u00f6nes Stadthotel. Daneben enth\u00e4lt<br \/>\nder F\u00fchrer viel Hintergrundinformationen zu Geografie, Geschichte und Kultur<\/p>\n<p>240 S., zahlr. farb. Abb., mit Routenskizze u. Servicetl.<\/p>","protected":false},"excerpt":{"rendered":"<p>Band 1: Savoyen und Dauphin\u00e9 Durch die franz\u00f6sischen Alpen Im ersten Band f\u00fchrt die Weitwanderung vom hektischen Genf durch ein l\u00e4ndliches und gebirgiges Savoyen in die ehemalige Alpenrepublik Brian\u00e7on. Unterwegs wechseln weite, offene Landschaften mit dunkeln W\u00e4ldern, aussichtsreiche Grate mit engen Schluchten, gr\u00fcne T\u00e4ler mit felsigem Gebirge, historische St\u00e4dte mit abgelegenen Alpen und touristischer Kitsch [&#8230;]\n","protected":false},"featured_media":33805,"template":"","meta":[],"product_brand":[],"product_cat":[21605],"product_tag":[],"class_list":{"0":"post-152511","1":"product","2":"type-product","3":"status-publish","4":"has-post-thumbnail","6":"product_cat-wanderfuehrer-trekking","7":"pa_autor-bachmann","8":"pa_erscheinungsjahr-21591","9":"pa_region-frankreich","10":"pa_sprache-de","12":"first","13":"instock","14":"taxable","15":"shipping-taxable","16":"purchasable","17":"product-type-simple"},"_links":{"self":[{"href":"https:\/\/pizbube.ch\/en\/wp-json\/wp\/v2\/product\/152511","targetHints":{"allow":["GET"]}}],"collection":[{"href":"https:\/\/pizbube.ch\/en\/wp-json\/wp\/v2\/product"}],"about":[{"href":"https:\/\/pizbube.ch\/en\/wp-json\/wp\/v2\/types\/product"}],"wp:featuredmedia":[{"embeddable":true,"href":"https:\/\/pizbube.ch\/en\/wp-json\/wp\/v2\/media\/33805"}],"wp:attachment":[{"href":"https:\/\/pizbube.ch\/en\/wp-json\/wp\/v2\/media?parent=152511"}],"wp:term":[{"taxonomy":"product_brand","embeddable":true,"href":"https:\/\/pizbube.ch\/en\/wp-json\/wp\/v2\/product_brand?post=152511"},{"taxonomy":"product_cat","embeddable":true,"href":"https:\/\/pizbube.ch\/en\/wp-json\/wp\/v2\/product_cat?post=152511"},{"taxonomy":"product_tag","embeddable":true,"href":"https:\/\/pizbube.ch\/en\/wp-json\/wp\/v2\/product_tag?post=152511"}],"curies":[{"name":"wp","href":"https:\/\/api.w.org\/{rel}","templated":true}]}}