{"id":152512,"date":"2021-01-15T12:31:15","date_gmt":"2021-01-15T12:31:15","guid":{"rendered":"https:\/\/codengine3.ch\/?product=import-placeholder-for-205638"},"modified":"2021-01-15T14:42:46","modified_gmt":"2021-01-15T14:42:46","slug":"fernwanderweg-e5-2","status":"publish","type":"product","link":"https:\/\/pizbube.ch\/en\/shop\/fernwanderweg-e5-2\/","title":{"rendered":"Fernwanderweg E5"},"content":{"rendered":"<p>Die 26 Etappen Fernwanderweg E5 vom Bodensee bis nach Venedig  <\/p>\n<p>Zu Fu\u00df vom Bodensee nach Venedig, \u00fcber die nat\u00fcrliche Barriere der Alpen:<br \/>\nSchon Goethe und D\u00fcrer wandelten auf \u00d6tzis Spuren. Robert Mayer stellt in<br \/>\nseinem F\u00fchrer den klassischen Fernwanderweg E5 durch archaisch wilde<br \/>\nLandschaften und liebliche T\u00e4ler, zu einsamen Bergh\u00f6fen und belebten<br \/>\nKulturzentren detailliert und kenntnisreich vor, inklusive der Panoramaroute<br \/>\ndurch die \u00d6tztaler Alpen und den Gipfeln am Wegesrand.  <\/p>","protected":false},"excerpt":{"rendered":"<p>Die 26 Etappen Fernwanderweg E5 vom Bodensee bis nach Venedig Zu Fu\u00df vom Bodensee nach Venedig, \u00fcber die nat\u00fcrliche Barriere der Alpen: Schon Goethe und D\u00fcrer wandelten auf \u00d6tzis Spuren. Robert Mayer stellt in seinem F\u00fchrer den klassischen Fernwanderweg E5 durch archaisch wilde Landschaften und liebliche T\u00e4ler, zu einsamen Bergh\u00f6fen und belebten Kulturzentren detailliert und [&#8230;]\n","protected":false},"featured_media":34421,"template":"","meta":[],"product_brand":[],"product_cat":[21605],"product_tag":[],"class_list":{"0":"post-152512","1":"product","2":"type-product","3":"status-publish","4":"has-post-thumbnail","6":"product_cat-wanderfuehrer-trekking","7":"pa_autor-mayer","8":"pa_erscheinungsjahr-21621","9":"pa_region-uebrigers-europa","10":"pa_sprache-de","12":"first","13":"instock","14":"taxable","15":"shipping-taxable","16":"purchasable","17":"product-type-simple"},"_links":{"self":[{"href":"https:\/\/pizbube.ch\/en\/wp-json\/wp\/v2\/product\/152512","targetHints":{"allow":["GET"]}}],"collection":[{"href":"https:\/\/pizbube.ch\/en\/wp-json\/wp\/v2\/product"}],"about":[{"href":"https:\/\/pizbube.ch\/en\/wp-json\/wp\/v2\/types\/product"}],"wp:featuredmedia":[{"embeddable":true,"href":"https:\/\/pizbube.ch\/en\/wp-json\/wp\/v2\/media\/34421"}],"wp:attachment":[{"href":"https:\/\/pizbube.ch\/en\/wp-json\/wp\/v2\/media?parent=152512"}],"wp:term":[{"taxonomy":"product_brand","embeddable":true,"href":"https:\/\/pizbube.ch\/en\/wp-json\/wp\/v2\/product_brand?post=152512"},{"taxonomy":"product_cat","embeddable":true,"href":"https:\/\/pizbube.ch\/en\/wp-json\/wp\/v2\/product_cat?post=152512"},{"taxonomy":"product_tag","embeddable":true,"href":"https:\/\/pizbube.ch\/en\/wp-json\/wp\/v2\/product_tag?post=152512"}],"curies":[{"name":"wp","href":"https:\/\/api.w.org\/{rel}","templated":true}]}}