{"id":152514,"date":"2021-01-15T12:31:15","date_gmt":"2021-01-15T12:31:15","guid":{"rendered":"https:\/\/codengine3.ch\/?product=import-placeholder-for-207649"},"modified":"2024-05-18T10:18:45","modified_gmt":"2024-05-18T08:18:45","slug":"e5-oberstdorf-meran-bozen","status":"publish","type":"product","link":"https:\/\/pizbube.ch\/en\/shop\/e5-oberstdorf-meran-bozen\/","title":{"rendered":"E5 Oberstdorf &#8211; Meran\/Bozen"},"content":{"rendered":"<p>Dieses OutdoorHandbuch beschreibt das Herzst\u00fcck des Europ\u00e4ischen<br \/>\nFernwanderweges E5 von Oberstdorf nach Bozen (203 km), eine der beliebtesten<br \/>\nRouten in den S\u00fcden. Daneben umfasst der Wanderf\u00fchrer auch die beliebte<br \/>\nE5-Variante von Oberstdorf nach Meran (110 km) sowie die anspruchsvolle<br \/>\nAlternative \u00fcber den Kaunergrat.<\/p>\n<p>Zu jeder Tagesetappe gibt es eine ausf\u00fchrliche Wegbeschreibung mit Angaben zu<br \/>\n\u00dcbernachtungsm\u00f6glichkeiten und \u00f6ffentlichem Nahverkehr am Weg, bei der<br \/>\nOrientierung helfen genaue Karten und GPS-Tracks, die kostenlos<br \/>\nheruntergeladen werden k\u00f6nnen. Informationen zur durchwanderten Region und<br \/>\nsehenswerten Abstechern fehlen ebenfalls nicht. Und dank des handlichen<br \/>\nFormats findet das Buch sogar noch im kleinsten Wanderrucksack Platz.<\/p>\n<p>1. Auflage 2016, 256 Seiten, 36 Karten, 60 farbige Abbildungen, 19 farbige<br \/>\nH\u00f6henprofile<\/p>","protected":false},"excerpt":{"rendered":"<p>Dieses OutdoorHandbuch beschreibt das Herzst\u00fcck des Europ\u00e4ischen Fernwanderweges E5 von Oberstdorf nach Bozen (203 km), eine der beliebtesten Routen in den S\u00fcden. Daneben umfasst der Wanderf\u00fchrer auch die beliebte E5-Variante von Oberstdorf nach Meran (110 km) sowie die anspruchsvolle Alternative \u00fcber den Kaunergrat. Zu jeder Tagesetappe gibt es eine ausf\u00fchrliche Wegbeschreibung mit Angaben zu \u00dcbernachtungsm\u00f6glichkeiten [&#8230;]\n","protected":false},"featured_media":38040,"template":"","meta":[],"product_brand":[],"product_cat":[21605],"product_tag":[],"class_list":{"0":"post-152514","1":"product","2":"type-product","3":"status-publish","4":"has-post-thumbnail","6":"product_cat-wanderfuehrer-trekking","7":"pa_autor-rupp","8":"pa_erscheinungsjahr-21571","9":"pa_region-uebrigers-europa","10":"pa_sprache-de","12":"first","13":"instock","14":"taxable","15":"shipping-taxable","16":"purchasable","17":"product-type-simple"},"_links":{"self":[{"href":"https:\/\/pizbube.ch\/en\/wp-json\/wp\/v2\/product\/152514","targetHints":{"allow":["GET"]}}],"collection":[{"href":"https:\/\/pizbube.ch\/en\/wp-json\/wp\/v2\/product"}],"about":[{"href":"https:\/\/pizbube.ch\/en\/wp-json\/wp\/v2\/types\/product"}],"wp:featuredmedia":[{"embeddable":true,"href":"https:\/\/pizbube.ch\/en\/wp-json\/wp\/v2\/media\/38040"}],"wp:attachment":[{"href":"https:\/\/pizbube.ch\/en\/wp-json\/wp\/v2\/media?parent=152514"}],"wp:term":[{"taxonomy":"product_brand","embeddable":true,"href":"https:\/\/pizbube.ch\/en\/wp-json\/wp\/v2\/product_brand?post=152514"},{"taxonomy":"product_cat","embeddable":true,"href":"https:\/\/pizbube.ch\/en\/wp-json\/wp\/v2\/product_cat?post=152514"},{"taxonomy":"product_tag","embeddable":true,"href":"https:\/\/pizbube.ch\/en\/wp-json\/wp\/v2\/product_tag?post=152514"}],"curies":[{"name":"wp","href":"https:\/\/api.w.org\/{rel}","templated":true}]}}