{"id":152516,"date":"2021-01-15T12:31:15","date_gmt":"2021-01-15T12:31:15","guid":{"rendered":"https:\/\/codengine3.ch\/?product=import-placeholder-for-206687"},"modified":"2021-01-15T14:50:50","modified_gmt":"2021-01-15T14:50:50","slug":"guide-pour-le-controle-lentretien-dun-site-naturel-descalade","status":"publish","type":"product","link":"https:\/\/pizbube.ch\/en\/shop\/guide-pour-le-controle-lentretien-dun-site-naturel-descalade\/","title":{"rendered":"Guide pour le contr\u00f4le &#038; l&#8217;entretien d&#8217;un site naturel d&#8217;escalade"},"content":{"rendered":"<p>Ce document, destin\u00e9 aux gestionnaires de Sites Naturels d\u0092Escalade (SNE), a<br \/>\npour but de d\u00e9finir les diff\u00e9rentes proc\u00e9dures et op\u00e9rations de contr\u00f4le et<br \/>\nd\u0092entretien d\u0092un SNE.<\/p>\n<p>Il concerne les sites class\u00e9s en tant que \u00ab sites sportifs \u00bb, dont<br \/>\nl\u0092\u00e9quipement doit r\u00e9pondre aux exigences des normes f\u00e9d\u00e9rales.<\/p>\n<p>Il convient de pr\u00e9ciser que malgr\u00e9 tout le soin apport\u00e9 \u00e0 l\u0092am\u00e9nagement, au<br \/>\ncontr\u00f4le et \u00e0 l\u0092entretien d\u0092un site sportif d\u0092escalade, une falaise ne pourra<br \/>\njamais \u00eatre compl\u00e8tement aseptis\u00e9e. La pratique de l\u0092escalade en site naturel<br \/>\nest une activit\u00e9 comportant des risques que les grimpeurs acceptent en<br \/>\nconnaissance de cause. Les usagers supporteront les cons\u00e9quences des dommages<br \/>\nsubis ou caus\u00e9s du fait de leur propre imprudence et notamment du fait de<br \/>\nl\u0092inadaptation de leur comportement \u00e0 l\u0092\u00e9tat naturel des lieux, \u00e0<br \/>\nl\u0092am\u00e9nagement du site et\/ou aux dangers objectifs que l\u0092on peut rencontrer<br \/>\ndans la nature (chute de pierres, descellement du rocher, ).<\/p>\n<p>Le pr\u00e9sent document compl\u00e8te et actualise les diff\u00e9rentes normes et<br \/>\nrecommandations f\u00e9d\u00e9rales :<br \/>\n\u25cf Norme de classement des voies et des sites naturels d\u0092escalade (16 juin<br \/>\n2012)<br \/>\n\u25cf Norme d\u0092\u00e9quipement des voies et des sites naturels d\u0092escalade (16 juin 2012)<br \/>\n\u25cf Manuel Technique : \u00ab Equipement des sites naturels d\u0092escalade \u00bb (mars 2009)<\/p>","protected":false},"excerpt":{"rendered":"<p>Ce document, destin\u00e9 aux gestionnaires de Sites Naturels d\u0092Escalade (SNE), a pour but de d\u00e9finir les diff\u00e9rentes proc\u00e9dures et op\u00e9rations de contr\u00f4le et d\u0092entretien d\u0092un SNE. Il concerne les sites class\u00e9s en tant que \u00ab sites sportifs \u00bb, dont l\u0092\u00e9quipement doit r\u00e9pondre aux exigences des normes f\u00e9d\u00e9rales. Il convient de pr\u00e9ciser que malgr\u00e9 tout le [&#8230;]\n","protected":false},"featured_media":35849,"template":"","meta":[],"product_brand":[],"product_cat":[21538],"product_tag":[],"class_list":{"0":"post-152516","1":"product","2":"type-product","3":"status-publish","4":"has-post-thumbnail","6":"product_cat-lehrbuecher","7":"pa_autor-crison-ffme","8":"pa_erscheinungsjahr-21574","9":"pa_region-orientierung-wetter-ausbildung","10":"pa_sprache-fr","12":"first","13":"instock","14":"taxable","15":"shipping-taxable","16":"purchasable","17":"product-type-simple"},"_links":{"self":[{"href":"https:\/\/pizbube.ch\/en\/wp-json\/wp\/v2\/product\/152516","targetHints":{"allow":["GET"]}}],"collection":[{"href":"https:\/\/pizbube.ch\/en\/wp-json\/wp\/v2\/product"}],"about":[{"href":"https:\/\/pizbube.ch\/en\/wp-json\/wp\/v2\/types\/product"}],"wp:featuredmedia":[{"embeddable":true,"href":"https:\/\/pizbube.ch\/en\/wp-json\/wp\/v2\/media\/35849"}],"wp:attachment":[{"href":"https:\/\/pizbube.ch\/en\/wp-json\/wp\/v2\/media?parent=152516"}],"wp:term":[{"taxonomy":"product_brand","embeddable":true,"href":"https:\/\/pizbube.ch\/en\/wp-json\/wp\/v2\/product_brand?post=152516"},{"taxonomy":"product_cat","embeddable":true,"href":"https:\/\/pizbube.ch\/en\/wp-json\/wp\/v2\/product_cat?post=152516"},{"taxonomy":"product_tag","embeddable":true,"href":"https:\/\/pizbube.ch\/en\/wp-json\/wp\/v2\/product_tag?post=152516"}],"curies":[{"name":"wp","href":"https:\/\/api.w.org\/{rel}","templated":true}]}}