{"id":152521,"date":"2021-01-15T12:31:21","date_gmt":"2021-01-15T12:31:21","guid":{"rendered":"https:\/\/codengine3.ch\/?product=import-placeholder-for-203953"},"modified":"2021-01-15T14:28:15","modified_gmt":"2021-01-15T14:28:15","slug":"wir-sehen-uns-in-kathmandu","status":"publish","type":"product","link":"https:\/\/pizbube.ch\/en\/shop\/wir-sehen-uns-in-kathmandu\/","title":{"rendered":"Wir sehen uns in Kathmandu"},"content":{"rendered":"<p>Im Jahr 1960 zog die US-Amerikanerin Elizabeth Hawley als Reporterin in das<br \/>\ndamals weltabgeschiedene Nepal. Anfangs sandte sie politische Neuigkeiten aus<br \/>\ndem K\u00f6nigreich nach Hause, aber es dauerte nicht lange, bis sie mit Berichten<br \/>\n\u00fcber Expeditionen im Himalaya ihre journalistische Nische gefunden hatte.<br \/>\nRasch wurde sie zu einem Teil der \u00bbSzene\u00ab in Kathmandu, in der sich regelm\u00e4\u00dfig<br \/>\neine auserlesene Gruppe von Abenteurern, Bergsteigern, Angeh\u00f6rigen des<br \/>\nK\u00f6nigshauses, Politikern und Unternehmern traf. Inzwischen lebt sie schon seit<br \/>\nmehr als vier Jahrzehnten in Nepal und wird, obwohl selber keine<br \/>\nBergsteigerin, als die \u2013 nicht-offizielle \u2013 Chronistin des H\u00f6henbergsteigens<br \/>\nim Himalaya gefeiert.<\/p>\n<p>Dieses spannende Buch erz\u00e4hlt die Geschichte einer au\u00dfergew\u00f6hnlichen Frau und<br \/>\nschildert gleichzeitig die Entwicklung des H\u00f6henbergsteigens im Himalaya sowie<br \/>\nNepals Eintritt ins 20. Jahrhundert. Au\u00dferden findet man Details \u00fcber Hawleys<br \/>\nFreundschaft mit ber\u00fchmten Bergsteigern wie Hillary, Messner, Bonington, Humar<br \/>\nund Viesturs. Hillary, f\u00fcr den Hawley die engste Verbindung zu Nepal ist, hat<br \/>\nauch das Vorwort verfasst. Das Buch basiert auf ausf\u00fchrlichen Interviews der<br \/>\nAutorin mit Elizabeth Hawley, ihren Freunden in Kathmandu und ber\u00fchmten<br \/>\nBergsteigern sowie auf Hawleys sorgf\u00e4ltigen Aufzeichnungen und ihrer reichen<br \/>\nKorrespondenz.<\/p>\n<p>Auch wenn die ganz private Elizabeth Hawley selbst denen, die sie gut kennen,<br \/>\nein R\u00e4tsel bleibt, entdeckt man in diesem Buch doch eine komplexe<br \/>\nPers\u00f6nlichkeit, die ihren Weg in einer fremden Welt gefunden hat.<\/p>","protected":false},"excerpt":{"rendered":"<ul>\n<li><a href=\"https:\/\/pizbube.ch\/wp-content\/uploads\/attachments\/a_027\/B47B6B61A8B467143D7681C118BE0FB8.pdf\" target=\"_blank\" rel=\"noopener\">PDF: wir_sehen_uns_in_kathmandu_leseprobe.pdf<\/a><\/li>\n<\/ul>","protected":false},"featured_media":31671,"template":"","meta":[],"product_brand":[],"product_cat":[21542],"product_tag":[],"class_list":{"0":"post-152521","1":"product","2":"type-product","3":"status-publish","4":"has-post-thumbnail","6":"product_cat-sachbuecher-dokumentationen","7":"pa_autor-mcdonald","8":"pa_erscheinungsjahr-21763","9":"pa_region-asien","10":"pa_sprache-de","12":"first","13":"outofstock","14":"taxable","15":"shipping-taxable","16":"purchasable","17":"product-type-simple"},"_links":{"self":[{"href":"https:\/\/pizbube.ch\/en\/wp-json\/wp\/v2\/product\/152521","targetHints":{"allow":["GET"]}}],"collection":[{"href":"https:\/\/pizbube.ch\/en\/wp-json\/wp\/v2\/product"}],"about":[{"href":"https:\/\/pizbube.ch\/en\/wp-json\/wp\/v2\/types\/product"}],"wp:featuredmedia":[{"embeddable":true,"href":"https:\/\/pizbube.ch\/en\/wp-json\/wp\/v2\/media\/31671"}],"wp:attachment":[{"href":"https:\/\/pizbube.ch\/en\/wp-json\/wp\/v2\/media?parent=152521"}],"wp:term":[{"taxonomy":"product_brand","embeddable":true,"href":"https:\/\/pizbube.ch\/en\/wp-json\/wp\/v2\/product_brand?post=152521"},{"taxonomy":"product_cat","embeddable":true,"href":"https:\/\/pizbube.ch\/en\/wp-json\/wp\/v2\/product_cat?post=152521"},{"taxonomy":"product_tag","embeddable":true,"href":"https:\/\/pizbube.ch\/en\/wp-json\/wp\/v2\/product_tag?post=152521"}],"curies":[{"name":"wp","href":"https:\/\/api.w.org\/{rel}","templated":true}]}}