{"id":152523,"date":"2021-01-15T12:31:21","date_gmt":"2021-01-15T12:31:21","guid":{"rendered":"https:\/\/codengine3.ch\/?product=import-placeholder-for-201869"},"modified":"2021-01-15T12:31:25","modified_gmt":"2021-01-15T12:31:25","slug":"literatour-durch-die-schweiz","status":"publish","type":"product","link":"https:\/\/pizbube.ch\/en\/shop\/literatour-durch-die-schweiz\/","title":{"rendered":"LiteraTour durch die Schweiz"},"content":{"rendered":"<p>Stipivisiten und Wanderungen zu Schweizer Schaupl\u00e4tzen der Weltliteratur.<br \/>\nDieser Wanderf\u00fchrer beleuchtet die Schweiz aus einer besonderen Perspektive:<br \/>\nLiteraten aus unterschiedlichen Zeitepochen kommen dabei zu Wort und malen ein<br \/>\nm\u00f6glichst vielseitiges und facettenreiches Bild unseres Landes. F\u00fcr einige<br \/>\nLiteraten war die Schweiz Rettungsanker in einer schwierigen pers\u00f6nlichen<br \/>\nLebensphase. Angestrebt wird die Darstellung verschiedenster Ansichten, in<br \/>\ndenen sich das Image eines Landes spiegelt.<\/p>","protected":false},"excerpt":{"rendered":"<p>Stipivisiten und Wanderungen zu Schweizer Schaupl\u00e4tzen der Weltliteratur. Dieser Wanderf\u00fchrer beleuchtet die Schweiz aus einer besonderen Perspektive: Literaten aus unterschiedlichen Zeitepochen kommen dabei zu Wort und malen ein m\u00f6glichst vielseitiges und facettenreiches Bild unseres Landes. F\u00fcr einige Literaten war die Schweiz Rettungsanker in einer schwierigen pers\u00f6nlichen Lebensphase. Angestrebt wird die Darstellung verschiedenster Ansichten, in denen [&#8230;]\n","protected":false},"featured_media":29255,"template":"","meta":[],"product_brand":[],"product_cat":[21605],"product_tag":[],"class_list":{"0":"post-152523","1":"product","2":"type-product","3":"status-publish","4":"has-post-thumbnail","6":"product_cat-wanderfuehrer-trekking","7":"pa_autor-schuepbach","8":"pa_erscheinungsjahr-22144","9":"pa_region-schweiz","10":"pa_sprache-de","12":"first","13":"outofstock","14":"taxable","15":"shipping-taxable","16":"purchasable","17":"product-type-simple"},"_links":{"self":[{"href":"https:\/\/pizbube.ch\/en\/wp-json\/wp\/v2\/product\/152523","targetHints":{"allow":["GET"]}}],"collection":[{"href":"https:\/\/pizbube.ch\/en\/wp-json\/wp\/v2\/product"}],"about":[{"href":"https:\/\/pizbube.ch\/en\/wp-json\/wp\/v2\/types\/product"}],"wp:featuredmedia":[{"embeddable":true,"href":"https:\/\/pizbube.ch\/en\/wp-json\/wp\/v2\/media\/29255"}],"wp:attachment":[{"href":"https:\/\/pizbube.ch\/en\/wp-json\/wp\/v2\/media?parent=152523"}],"wp:term":[{"taxonomy":"product_brand","embeddable":true,"href":"https:\/\/pizbube.ch\/en\/wp-json\/wp\/v2\/product_brand?post=152523"},{"taxonomy":"product_cat","embeddable":true,"href":"https:\/\/pizbube.ch\/en\/wp-json\/wp\/v2\/product_cat?post=152523"},{"taxonomy":"product_tag","embeddable":true,"href":"https:\/\/pizbube.ch\/en\/wp-json\/wp\/v2\/product_tag?post=152523"}],"curies":[{"name":"wp","href":"https:\/\/api.w.org\/{rel}","templated":true}]}}