{"id":152525,"date":"2021-01-15T12:31:21","date_gmt":"2021-01-15T12:31:21","guid":{"rendered":"https:\/\/codengine3.ch\/?product=import-placeholder-for-206668"},"modified":"2021-01-15T14:50:41","modified_gmt":"2021-01-15T14:50:41","slug":"guia-de-escaladas-en-rodellar","status":"publish","type":"product","link":"https:\/\/pizbube.ch\/en\/shop\/guia-de-escaladas-en-rodellar\/","title":{"rendered":"Guia de Escaladas en Rodellar"},"content":{"rendered":"<p>Os presentamos la Nueva Gu\u00eda de Escalada de Rodellar, una de las escuelas m\u00e1s<br \/>\nimportantes a nivel nacional e internacional.<\/p>\n<p>Esta escuela no necesita presentaci\u00f3n, ya que en los \u00faltimos tiempos se ha<br \/>\ncaracterizado por la existencia de v\u00edas de alta dificultad, siendo visitada<br \/>\npor los escaladores m\u00e1s importantes del planeta.<\/p>\n<p>En esta gu\u00eda pretendemos incluir todos los sectores y v\u00edas que se han abierto<br \/>\nhasta la fecha y actualizar las modificaciones realizadas (reequipamientos,<br \/>\ndecotaciones de grado, errores, etc) de las v\u00edas y rese\u00f1as existentes.<\/p>","protected":false},"excerpt":{"rendered":"<p>Os presentamos la Nueva Gu\u00eda de Escalada de Rodellar, una de las escuelas m\u00e1s importantes a nivel nacional e internacional. Esta escuela no necesita presentaci\u00f3n, ya que en los \u00faltimos tiempos se ha caracterizado por la existencia de v\u00edas de alta dificultad, siendo visitada por los escaladores m\u00e1s importantes del planeta. En esta gu\u00eda pretendemos [&#8230;]\n","protected":false},"featured_media":35785,"template":"","meta":[],"product_brand":[],"product_cat":[21539],"product_tag":[],"class_list":{"0":"post-152525","1":"product","2":"type-product","3":"status-publish","4":"has-post-thumbnail","6":"product_cat-fuehrerliteratur-sportklettern-bouldern","7":"pa_autor-torres-logrono-fernandez-ed-camping-mascun","8":"pa_erscheinungsjahr-21830","9":"pa_region-spanien","10":"pa_sprache-es","12":"first","13":"outofstock","14":"taxable","15":"shipping-taxable","16":"purchasable","17":"product-type-simple"},"_links":{"self":[{"href":"https:\/\/pizbube.ch\/en\/wp-json\/wp\/v2\/product\/152525","targetHints":{"allow":["GET"]}}],"collection":[{"href":"https:\/\/pizbube.ch\/en\/wp-json\/wp\/v2\/product"}],"about":[{"href":"https:\/\/pizbube.ch\/en\/wp-json\/wp\/v2\/types\/product"}],"wp:featuredmedia":[{"embeddable":true,"href":"https:\/\/pizbube.ch\/en\/wp-json\/wp\/v2\/media\/35785"}],"wp:attachment":[{"href":"https:\/\/pizbube.ch\/en\/wp-json\/wp\/v2\/media?parent=152525"}],"wp:term":[{"taxonomy":"product_brand","embeddable":true,"href":"https:\/\/pizbube.ch\/en\/wp-json\/wp\/v2\/product_brand?post=152525"},{"taxonomy":"product_cat","embeddable":true,"href":"https:\/\/pizbube.ch\/en\/wp-json\/wp\/v2\/product_cat?post=152525"},{"taxonomy":"product_tag","embeddable":true,"href":"https:\/\/pizbube.ch\/en\/wp-json\/wp\/v2\/product_tag?post=152525"}],"curies":[{"name":"wp","href":"https:\/\/api.w.org\/{rel}","templated":true}]}}