{"id":152526,"date":"2021-01-15T12:31:21","date_gmt":"2021-01-15T12:31:21","guid":{"rendered":"https:\/\/codengine3.ch\/?product=import-placeholder-for-204348"},"modified":"2021-01-15T14:32:14","modified_gmt":"2021-01-15T14:32:14","slug":"guia-de-escalada-aragon-i-torralba-de-lo-frailes-huesa-del-comun","status":"publish","type":"product","link":"https:\/\/pizbube.ch\/en\/shop\/guia-de-escalada-aragon-i-torralba-de-lo-frailes-huesa-del-comun\/","title":{"rendered":"Guia de escalada Aragon. I. Torralba de lo Frailes. Huesa del Comun"},"content":{"rendered":"<p>Arag\u00f3n y sus \u00e1reas lim\u00edtrofes constituyen una gran zona para escalar. Su<br \/>\ngeograf\u00eda alberga un apasionante paisaje vertical donde poder practicar esta<br \/>\nactividad. Alguna de ellas de fama mundial, como Riglos o Rodellar, contienen<br \/>\nv\u00edas m\u00edticas que son el sue\u00f1o de muchos escaladores.<\/p>","protected":false},"excerpt":{"rendered":"<p>Arag\u00f3n y sus \u00e1reas lim\u00edtrofes constituyen una gran zona para escalar. Su geograf\u00eda alberga un apasionante paisaje vertical donde poder practicar esta actividad. Alguna de ellas de fama mundial, como Riglos o Rodellar, contienen v\u00edas m\u00edticas que son el sue\u00f1o de muchos escaladores.<\/p>","protected":false},"featured_media":32188,"template":"","meta":[],"product_brand":[],"product_cat":[21539],"product_tag":[],"class_list":{"0":"post-152526","1":"product","2":"type-product","3":"status-publish","4":"has-post-thumbnail","6":"product_cat-fuehrerliteratur-sportklettern-bouldern","7":"pa_autor-camacho","8":"pa_erscheinungsjahr-21763","9":"pa_region-spanien","10":"pa_sprache-sp","12":"first","13":"instock","14":"taxable","15":"shipping-taxable","16":"purchasable","17":"product-type-simple"},"_links":{"self":[{"href":"https:\/\/pizbube.ch\/en\/wp-json\/wp\/v2\/product\/152526","targetHints":{"allow":["GET"]}}],"collection":[{"href":"https:\/\/pizbube.ch\/en\/wp-json\/wp\/v2\/product"}],"about":[{"href":"https:\/\/pizbube.ch\/en\/wp-json\/wp\/v2\/types\/product"}],"wp:featuredmedia":[{"embeddable":true,"href":"https:\/\/pizbube.ch\/en\/wp-json\/wp\/v2\/media\/32188"}],"wp:attachment":[{"href":"https:\/\/pizbube.ch\/en\/wp-json\/wp\/v2\/media?parent=152526"}],"wp:term":[{"taxonomy":"product_brand","embeddable":true,"href":"https:\/\/pizbube.ch\/en\/wp-json\/wp\/v2\/product_brand?post=152526"},{"taxonomy":"product_cat","embeddable":true,"href":"https:\/\/pizbube.ch\/en\/wp-json\/wp\/v2\/product_cat?post=152526"},{"taxonomy":"product_tag","embeddable":true,"href":"https:\/\/pizbube.ch\/en\/wp-json\/wp\/v2\/product_tag?post=152526"}],"curies":[{"name":"wp","href":"https:\/\/api.w.org\/{rel}","templated":true}]}}