{"id":152527,"date":"2021-01-15T12:31:21","date_gmt":"2021-01-15T12:31:21","guid":{"rendered":"https:\/\/codengine3.ch\/?product=import-placeholder-for-208226"},"modified":"2025-07-19T09:35:32","modified_gmt":"2025-07-19T07:35:32","slug":"rodellar-escalada-deportiva-y-boulder","status":"publish","type":"product","link":"https:\/\/pizbube.ch\/en\/shop\/rodellar-escalada-deportiva-y-boulder\/","title":{"rendered":"Rodellar &#8211; Escalada deportiva y boulder"},"content":{"rendered":"<p>Nueva gu\u00eda de escalada deportiva y boulder de Rodellar.<br \/>\nA new Climbing and bouldering guidebook for Rodellar and Mascun<\/p>\n<p>Gu\u00eda de escalada deportiva y boulder en Rodellar. Incluye los sectores de<br \/>\nMasc\u00fan, Andrebot, Alcanadre y diversas zonas de boulder.<\/p>\n<p>Sectores incluidos:<br \/>\n&#8211; Masc\u00fan<br \/>\n&#8211; Andrebot<br \/>\n&#8211; Alcanadre<br \/>\n&#8211; Zonas de Boulder<\/p>\n<p>No of Pages: 176<br \/>\nPage Size: 150 x 210 mm<br \/>\nIllustrations: Colour Photo-Topos &amp; Action Shots<\/p>","protected":false},"excerpt":{"rendered":"<p>Nueva gu\u00eda de escalada deportiva y boulder de Rodellar. A new Climbing and bouldering guidebook for Rodellar and Mascun Gu\u00eda de escalada deportiva y boulder en Rodellar. Incluye los sectores de Masc\u00fan, Andrebot, Alcanadre y diversas zonas de boulder. Sectores incluidos: &#8211; Masc\u00fan &#8211; Andrebot &#8211; Alcanadre &#8211; Zonas de Boulder No of Pages: 176 [&#8230;]\n","protected":false},"featured_media":163234,"template":"","meta":[],"product_brand":[],"product_cat":[21539],"product_tag":[],"class_list":{"0":"post-152527","1":"product","2":"type-product","3":"status-publish","4":"has-post-thumbnail","6":"product_cat-fuehrerliteratur-sportklettern-bouldern","7":"pa_autor-torres-fernadez-logrono","8":"pa_erscheinungsjahr-21586","9":"pa_region-spanien","10":"pa_sprache-es-en","12":"first","13":"outofstock","14":"taxable","15":"shipping-taxable","16":"purchasable","17":"product-type-simple"},"_links":{"self":[{"href":"https:\/\/pizbube.ch\/en\/wp-json\/wp\/v2\/product\/152527","targetHints":{"allow":["GET"]}}],"collection":[{"href":"https:\/\/pizbube.ch\/en\/wp-json\/wp\/v2\/product"}],"about":[{"href":"https:\/\/pizbube.ch\/en\/wp-json\/wp\/v2\/types\/product"}],"wp:featuredmedia":[{"embeddable":true,"href":"https:\/\/pizbube.ch\/en\/wp-json\/wp\/v2\/media\/163234"}],"wp:attachment":[{"href":"https:\/\/pizbube.ch\/en\/wp-json\/wp\/v2\/media?parent=152527"}],"wp:term":[{"taxonomy":"product_brand","embeddable":true,"href":"https:\/\/pizbube.ch\/en\/wp-json\/wp\/v2\/product_brand?post=152527"},{"taxonomy":"product_cat","embeddable":true,"href":"https:\/\/pizbube.ch\/en\/wp-json\/wp\/v2\/product_cat?post=152527"},{"taxonomy":"product_tag","embeddable":true,"href":"https:\/\/pizbube.ch\/en\/wp-json\/wp\/v2\/product_tag?post=152527"}],"curies":[{"name":"wp","href":"https:\/\/api.w.org\/{rel}","templated":true}]}}