{"id":152531,"date":"2021-01-15T12:31:22","date_gmt":"2021-01-15T12:31:22","guid":{"rendered":"https:\/\/codengine3.ch\/?product=import-placeholder-for-201872"},"modified":"2021-01-15T12:31:26","modified_gmt":"2021-01-15T12:31:26","slug":"premier-de-cordee","status":"publish","type":"product","link":"https:\/\/pizbube.ch\/en\/shop\/premier-de-cordee\/","title":{"rendered":"Premier de cord\u00e9e"},"content":{"rendered":"<p>Alors en \u00e9quilibre sur un clou de soulier et le corps coll\u00e9 \u00e0 la paroi, il se<br \/>\nconcentre pour tenir. Il sentit tout \u00e0 coup que sa jambe \u00e9tait prise d&#8217;un<br \/>\ntremblement de fatigue, il fit un brusque mouvement pour retrouver la prise de<br \/>\nmain, mais d\u00e9j\u00e0 il basculait. Ses doigts griff\u00e8rent le granit sans l&#8217;accrocher<br \/>\net il tomba \u00e0 la renverse sans pousser un cri. Pour ramener \u00e0 bon port le<br \/>\ncorps de son p\u00e8re, foudroy\u00e9 en pleine ascension, Pierre est pr\u00eat \u00e0 braver tous<br \/>\nles dangers. \u00c0 Chamonix, les guides se mobilisent : Servettaz \u00e9tait le<br \/>\nmeilleur d&#8217;entre eux. La montagne est une redoutable tueuse, elle s\u00e9lectionne<br \/>\nimpitoyablement ses victimes. Celles-ci le savent bien qui la consomment comme<br \/>\nune drogue, et la portent dans leur sang. Une histoire de passion, au courage<br \/>\net \u00e0 la solidarit\u00e9 des hommes.  <\/p>","protected":false},"excerpt":{"rendered":"<p>Alors en \u00e9quilibre sur un clou de soulier et le corps coll\u00e9 \u00e0 la paroi, il se concentre pour tenir. Il sentit tout \u00e0 coup que sa jambe \u00e9tait prise d&#8217;un tremblement de fatigue, il fit un brusque mouvement pour retrouver la prise de main, mais d\u00e9j\u00e0 il basculait. Ses doigts griff\u00e8rent le granit sans [&#8230;]\n","protected":false},"featured_media":29258,"template":"","meta":[],"product_brand":[],"product_cat":[21629],"product_tag":[],"class_list":{"0":"post-152531","1":"product","2":"type-product","3":"status-publish","4":"has-post-thumbnail","6":"product_cat-belletristik","7":"pa_autor-frison-roche","8":"pa_erscheinungsjahr-22060","9":"pa_region-frankreich","10":"pa_sprache-fr","12":"first","13":"instock","14":"taxable","15":"shipping-taxable","16":"purchasable","17":"product-type-simple"},"_links":{"self":[{"href":"https:\/\/pizbube.ch\/en\/wp-json\/wp\/v2\/product\/152531","targetHints":{"allow":["GET"]}}],"collection":[{"href":"https:\/\/pizbube.ch\/en\/wp-json\/wp\/v2\/product"}],"about":[{"href":"https:\/\/pizbube.ch\/en\/wp-json\/wp\/v2\/types\/product"}],"wp:featuredmedia":[{"embeddable":true,"href":"https:\/\/pizbube.ch\/en\/wp-json\/wp\/v2\/media\/29258"}],"wp:attachment":[{"href":"https:\/\/pizbube.ch\/en\/wp-json\/wp\/v2\/media?parent=152531"}],"wp:term":[{"taxonomy":"product_brand","embeddable":true,"href":"https:\/\/pizbube.ch\/en\/wp-json\/wp\/v2\/product_brand?post=152531"},{"taxonomy":"product_cat","embeddable":true,"href":"https:\/\/pizbube.ch\/en\/wp-json\/wp\/v2\/product_cat?post=152531"},{"taxonomy":"product_tag","embeddable":true,"href":"https:\/\/pizbube.ch\/en\/wp-json\/wp\/v2\/product_tag?post=152531"}],"curies":[{"name":"wp","href":"https:\/\/api.w.org\/{rel}","templated":true}]}}