{"id":152532,"date":"2021-01-15T12:31:22","date_gmt":"2021-01-15T12:31:22","guid":{"rendered":"https:\/\/codengine3.ch\/?product=import-placeholder-for-205887"},"modified":"2021-01-15T14:44:44","modified_gmt":"2021-01-15T14:44:44","slug":"premier-de-cordee-2","status":"publish","type":"product","link":"https:\/\/pizbube.ch\/en\/shop\/premier-de-cordee-2\/","title":{"rendered":"Premier de cord\u00e9e"},"content":{"rendered":"<p>Le grand roman de Roger Frison-Roche, pour la premi\u00e8re fois illustr\u00e9 de 300<br \/>\nphotographies historiques, fait revivre les hommes qui ont inspir\u00e9 l&#8217;auteur et<br \/>\napporte un \u00e9clairage in\u00e9dit sur son oeuvre.  <\/p>\n<p>&#8218;Premier de cord\u00e9e&#8216; comme vous ne l&#8217;avez jamais lu! Le grand roman de Roger<br \/>\nFrison Roche, pour la premi\u00e8re fois illustr\u00e9 de 300 photographies historiques.<br \/>\n350 pages, plus de 300 photos. Pr\u00e9face de Philippe Claudel.  <\/p>","protected":false},"excerpt":{"rendered":"<p>Le grand roman de Roger Frison-Roche, pour la premi\u00e8re fois illustr\u00e9 de 300 photographies historiques, fait revivre les hommes qui ont inspir\u00e9 l&#8217;auteur et apporte un \u00e9clairage in\u00e9dit sur son oeuvre. &#8218;Premier de cord\u00e9e&#8216; comme vous ne l&#8217;avez jamais lu! Le grand roman de Roger Frison Roche, pour la premi\u00e8re fois illustr\u00e9 de 300 photographies [&#8230;]\n","protected":false},"featured_media":34732,"template":"","meta":[],"product_brand":[],"product_cat":[21629],"product_tag":[],"class_list":{"0":"post-152532","1":"product","2":"type-product","3":"status-publish","4":"has-post-thumbnail","6":"product_cat-belletristik","7":"pa_autor-frison-roche","8":"pa_erscheinungsjahr-21693","9":"pa_region-frankreich","10":"pa_sprache-fr","12":"first","13":"instock","14":"taxable","15":"shipping-taxable","16":"purchasable","17":"product-type-simple"},"_links":{"self":[{"href":"https:\/\/pizbube.ch\/en\/wp-json\/wp\/v2\/product\/152532","targetHints":{"allow":["GET"]}}],"collection":[{"href":"https:\/\/pizbube.ch\/en\/wp-json\/wp\/v2\/product"}],"about":[{"href":"https:\/\/pizbube.ch\/en\/wp-json\/wp\/v2\/types\/product"}],"wp:featuredmedia":[{"embeddable":true,"href":"https:\/\/pizbube.ch\/en\/wp-json\/wp\/v2\/media\/34732"}],"wp:attachment":[{"href":"https:\/\/pizbube.ch\/en\/wp-json\/wp\/v2\/media?parent=152532"}],"wp:term":[{"taxonomy":"product_brand","embeddable":true,"href":"https:\/\/pizbube.ch\/en\/wp-json\/wp\/v2\/product_brand?post=152532"},{"taxonomy":"product_cat","embeddable":true,"href":"https:\/\/pizbube.ch\/en\/wp-json\/wp\/v2\/product_cat?post=152532"},{"taxonomy":"product_tag","embeddable":true,"href":"https:\/\/pizbube.ch\/en\/wp-json\/wp\/v2\/product_tag?post=152532"}],"curies":[{"name":"wp","href":"https:\/\/api.w.org\/{rel}","templated":true}]}}