{"id":152533,"date":"2021-01-15T12:31:22","date_gmt":"2021-01-15T12:31:22","guid":{"rendered":"https:\/\/codengine3.ch\/?product=import-placeholder-for-202455"},"modified":"2021-01-15T12:36:26","modified_gmt":"2021-01-15T12:36:26","slug":"bergfotografie","status":"publish","type":"product","link":"https:\/\/pizbube.ch\/en\/shop\/bergfotografie\/","title":{"rendered":"Bergfotografie"},"content":{"rendered":"<p>Die Foto- Profis Mathis, Ritschel, Winkler und Zak pr\u00e4sentieren eine Auswahl<br \/>\nihrer besten Aufnahmen. Ein Buch, das engagierten Hobbyfotografen viele<br \/>\ninteressante Informationen bietet und allen Bergbegeisterten h\u00f6chsten Genu\u00df<br \/>\nbeim Bl\u00e4ttern durch die Gebirge der Welt!  <\/p>","protected":false},"excerpt":{"rendered":"<p>Die Foto- Profis Mathis, Ritschel, Winkler und Zak pr\u00e4sentieren eine Auswahl ihrer besten Aufnahmen. Ein Buch, das engagierten Hobbyfotografen viele interessante Informationen bietet und allen Bergbegeisterten h\u00f6chsten Genu\u00df beim Bl\u00e4ttern durch die Gebirge der Welt!<\/p>","protected":false},"featured_media":29841,"template":"","meta":[],"product_brand":[],"product_cat":[21542],"product_tag":[],"class_list":{"0":"post-152533","1":"product","2":"type-product","3":"status-publish","4":"has-post-thumbnail","6":"product_cat-sachbuecher-dokumentationen","7":"pa_autor-klemmer-mathis-zak-winkler-ritschel","8":"pa_erscheinungsjahr-22242","9":"pa_region-deutschland","10":"pa_sprache-de","12":"first","13":"instock","14":"taxable","15":"shipping-taxable","16":"purchasable","17":"product-type-simple"},"_links":{"self":[{"href":"https:\/\/pizbube.ch\/en\/wp-json\/wp\/v2\/product\/152533","targetHints":{"allow":["GET"]}}],"collection":[{"href":"https:\/\/pizbube.ch\/en\/wp-json\/wp\/v2\/product"}],"about":[{"href":"https:\/\/pizbube.ch\/en\/wp-json\/wp\/v2\/types\/product"}],"wp:featuredmedia":[{"embeddable":true,"href":"https:\/\/pizbube.ch\/en\/wp-json\/wp\/v2\/media\/29841"}],"wp:attachment":[{"href":"https:\/\/pizbube.ch\/en\/wp-json\/wp\/v2\/media?parent=152533"}],"wp:term":[{"taxonomy":"product_brand","embeddable":true,"href":"https:\/\/pizbube.ch\/en\/wp-json\/wp\/v2\/product_brand?post=152533"},{"taxonomy":"product_cat","embeddable":true,"href":"https:\/\/pizbube.ch\/en\/wp-json\/wp\/v2\/product_cat?post=152533"},{"taxonomy":"product_tag","embeddable":true,"href":"https:\/\/pizbube.ch\/en\/wp-json\/wp\/v2\/product_tag?post=152533"}],"curies":[{"name":"wp","href":"https:\/\/api.w.org\/{rel}","templated":true}]}}