{"id":152535,"date":"2021-01-15T12:31:22","date_gmt":"2021-01-15T12:31:22","guid":{"rendered":"https:\/\/codengine3.ch\/?product=import-placeholder-for-205787"},"modified":"2021-01-15T14:43:55","modified_gmt":"2021-01-15T14:43:55","slug":"raetikon-reader","status":"publish","type":"product","link":"https:\/\/pizbube.ch\/en\/shop\/raetikon-reader\/","title":{"rendered":"R\u00e4tikon Reader"},"content":{"rendered":"<p>Bergwandern im R\u00e4tikon &#8211; Weiter Himmel, wilder Fels  <\/p>\n<p>Atemberaubend sch\u00f6ne Wanderungen gemixt mit Vergessenem, Unheimlichem und<br \/>\nTragischem aus dem R\u00e4tikon.<br \/>\nWandern zu Fu\u00df oder im Kopf: interessante Routen, dazu spannende Geschichten,<br \/>\nspektakul\u00e4re Ereignisse, sagenhafte \u00dcberlieferungen, historische Fakten und<br \/>\nausdrucksvolle Bilder aus dem m\u00e4chtigen Gebirgszug, der drei L\u00e4nder<br \/>\nmiteinander verbindet.<br \/>\n\u00ad<br \/>\n18 Wandertipps im Spannungsfeld zwischen Gras, Fels und Stein: von den Drei<br \/>\nSchwestern bis zum Madrisajoch. Und dazwischen ein Highlight nach dem anderen:<br \/>\nSalarueljoch, Gro\u00dfe Furka, Leibersteig mit Brandner Gletscher, Schesaplana,<br \/>\nGamsluggen, Schweizertor, Sarotlatal und Eisernes T\u00f6rle, Drusentor, Drei<br \/>\nT\u00fcrme, Sulzfluh &#8211; Mit Routenbeschreibungen, Routeninfos, Wissenswertem und<br \/>\nfantastischen Farbfotos.<br \/>\nZwischen den Wandertipps gibts historische Leckerbissen: \u00fcber den Wilderer,<br \/>\nder einen Jagdaufseher im Salarueltal erschoss. \u00dcber die Neyer-M\u00e4dchen und die<br \/>\nZimba-Mary. \u00dcber die Abenteurer des Todes an der Drusenfluh-S\u00fcdwand. \u00dcber<br \/>\nHemingway und Jura Soyfer und vieles mehr. Der Berg-Und-Tal-Krimi &#8218;Schneemann&#8216;<br \/>\nrundet das Allroundbuch ab.  <\/p>\n<p>Ein Must-Have f\u00fcr alle, die gerne bergwandern oder einfach nur neugierig sind<br \/>\nauf die Meisterwerke der Natur im R\u00e4tikon.  <\/p>","protected":false},"excerpt":{"rendered":"<p>Bergwandern im R\u00e4tikon &#8211; Weiter Himmel, wilder Fels Atemberaubend sch\u00f6ne Wanderungen gemixt mit Vergessenem, Unheimlichem und Tragischem aus dem R\u00e4tikon. Wandern zu Fu\u00df oder im Kopf: interessante Routen, dazu spannende Geschichten, spektakul\u00e4re Ereignisse, sagenhafte \u00dcberlieferungen, historische Fakten und ausdrucksvolle Bilder aus dem m\u00e4chtigen Gebirgszug, der drei L\u00e4nder miteinander verbindet. \u00ad 18 Wandertipps im Spannungsfeld zwischen [&#8230;]\n","protected":false},"featured_media":34607,"template":"","meta":[],"product_brand":[],"product_cat":[21605],"product_tag":[],"class_list":{"0":"post-152535","1":"product","2":"type-product","3":"status-publish","4":"has-post-thumbnail","6":"product_cat-wanderfuehrer-trekking","7":"pa_autor-braendle","8":"pa_erscheinungsjahr-21693","9":"pa_region-oesterreich","10":"pa_sprache-de","12":"first","13":"instock","14":"taxable","15":"shipping-taxable","16":"purchasable","17":"product-type-simple"},"_links":{"self":[{"href":"https:\/\/pizbube.ch\/en\/wp-json\/wp\/v2\/product\/152535","targetHints":{"allow":["GET"]}}],"collection":[{"href":"https:\/\/pizbube.ch\/en\/wp-json\/wp\/v2\/product"}],"about":[{"href":"https:\/\/pizbube.ch\/en\/wp-json\/wp\/v2\/types\/product"}],"wp:featuredmedia":[{"embeddable":true,"href":"https:\/\/pizbube.ch\/en\/wp-json\/wp\/v2\/media\/34607"}],"wp:attachment":[{"href":"https:\/\/pizbube.ch\/en\/wp-json\/wp\/v2\/media?parent=152535"}],"wp:term":[{"taxonomy":"product_brand","embeddable":true,"href":"https:\/\/pizbube.ch\/en\/wp-json\/wp\/v2\/product_brand?post=152535"},{"taxonomy":"product_cat","embeddable":true,"href":"https:\/\/pizbube.ch\/en\/wp-json\/wp\/v2\/product_cat?post=152535"},{"taxonomy":"product_tag","embeddable":true,"href":"https:\/\/pizbube.ch\/en\/wp-json\/wp\/v2\/product_tag?post=152535"}],"curies":[{"name":"wp","href":"https:\/\/api.w.org\/{rel}","templated":true}]}}