{"id":152536,"date":"2021-01-15T12:31:22","date_gmt":"2021-01-15T12:31:22","guid":{"rendered":"https:\/\/codengine3.ch\/?product=import-placeholder-for-205935"},"modified":"2021-01-15T14:45:05","modified_gmt":"2021-01-15T14:45:05","slug":"mensch-berg-im-montafon-eine-faszinierende-welt-zwischen-lust-und-last","status":"publish","type":"product","link":"https:\/\/pizbube.ch\/en\/shop\/mensch-berg-im-montafon-eine-faszinierende-welt-zwischen-lust-und-last\/","title":{"rendered":"Mensch &#038; Berg im Montafon &#8211; Eine faszinierende Welt zwischen Lust und Last"},"content":{"rendered":"<p>Das Jahr 2009 steht im Zeichen des 125j\u00e4hrigen Bestandsjubil\u00e4ums des<br \/>\nAlpenvereins Bezirk Montafon. Ebenso j\u00e4hrt sich zum 150. Mal der Geburtstag<br \/>\nvon Karl Blodig, dem das Montafon unz\u00e4hlige Schilderungen von seinen<br \/>\nBergerlebnissen verdankt. Grund genug, die wechselvolle Beziehungsgeschichte<br \/>\nzwischen Mensch und Berg zu erz\u00e4hlen. Dieser Band versucht es entlang<br \/>\nzentraler Fragestellungen:<\/p>\n<p>Wie haben Bergbewohner diesen kargen Lebensraum kultiviert? Wie haben St\u00e4dter<br \/>\ndie Berge entdeckt und bestiegen? Welche Eindr\u00fccke, Erinnerungen und Bilder<br \/>\nvon damaligen Bergabenteuern brachten sie zur\u00fcck ins Tal? Es sind Texte von<br \/>\nKunst und Kultur, von Ideal und Ideologie, von Schaulust und Lebenslast, von<br \/>\nEntsagung und Erf\u00fcllung. Immer jedoch sind es Geschichten von der Beziehung<br \/>\nzwischen Mensch &#038; Berg.<\/p>","protected":false},"excerpt":{"rendered":"<p>Das Jahr 2009 steht im Zeichen des 125j\u00e4hrigen Bestandsjubil\u00e4ums des Alpenvereins Bezirk Montafon. Ebenso j\u00e4hrt sich zum 150. Mal der Geburtstag von Karl Blodig, dem das Montafon unz\u00e4hlige Schilderungen von seinen Bergerlebnissen verdankt. Grund genug, die wechselvolle Beziehungsgeschichte zwischen Mensch und Berg zu erz\u00e4hlen. Dieser Band versucht es entlang zentraler Fragestellungen: Wie haben Bergbewohner diesen [&#8230;]\n","protected":false},"featured_media":34792,"template":"","meta":[],"product_brand":[],"product_cat":[21542],"product_tag":[],"class_list":{"0":"post-152536","1":"product","2":"type-product","3":"status-publish","4":"has-post-thumbnail","6":"product_cat-sachbuecher-dokumentationen","7":"pa_autor-hessenberger-et-alt","8":"pa_region-oesterreich","9":"pa_sprache-de","11":"first","12":"instock","13":"taxable","14":"shipping-taxable","15":"purchasable","16":"product-type-simple"},"_links":{"self":[{"href":"https:\/\/pizbube.ch\/en\/wp-json\/wp\/v2\/product\/152536","targetHints":{"allow":["GET"]}}],"collection":[{"href":"https:\/\/pizbube.ch\/en\/wp-json\/wp\/v2\/product"}],"about":[{"href":"https:\/\/pizbube.ch\/en\/wp-json\/wp\/v2\/types\/product"}],"wp:featuredmedia":[{"embeddable":true,"href":"https:\/\/pizbube.ch\/en\/wp-json\/wp\/v2\/media\/34792"}],"wp:attachment":[{"href":"https:\/\/pizbube.ch\/en\/wp-json\/wp\/v2\/media?parent=152536"}],"wp:term":[{"taxonomy":"product_brand","embeddable":true,"href":"https:\/\/pizbube.ch\/en\/wp-json\/wp\/v2\/product_brand?post=152536"},{"taxonomy":"product_cat","embeddable":true,"href":"https:\/\/pizbube.ch\/en\/wp-json\/wp\/v2\/product_cat?post=152536"},{"taxonomy":"product_tag","embeddable":true,"href":"https:\/\/pizbube.ch\/en\/wp-json\/wp\/v2\/product_tag?post=152536"}],"curies":[{"name":"wp","href":"https:\/\/api.w.org\/{rel}","templated":true}]}}