{"id":152537,"date":"2021-01-15T12:31:23","date_gmt":"2021-01-15T12:31:23","guid":{"rendered":"https:\/\/codengine3.ch\/?product=import-placeholder-for-202425"},"modified":"2025-06-24T09:20:29","modified_gmt":"2025-06-24T07:20:29","slug":"davos-praettigau","status":"publish","type":"product","link":"https:\/\/pizbube.ch\/en\/shop\/davos-praettigau\/","title":{"rendered":"Davos Pr\u00e4ttigau &#8211; Die sch\u00f6nsten Tal- und H\u00f6henwanderungen"},"content":{"rendered":"<p><span class=\"value\">Davos \u2013 an diesem sch\u00f6nen Luftkurort hat Thomas Mann seinen \u00bbZauberberg\u00ab angesiedelt, hier findet das Weltwirtschaftsforum statt und auch das Skigebiet ist hochrangig. Davos ist aber nicht nur ein Ort f\u00fcr Heilungsuchende, Politiker und Skil\u00e4ufer. Es ist auch ein Paradies f\u00fcr Bergwanderer. Ein ausgedehntes Paradies sogar, das sich in den verschiedenen Gebirgsgruppen R\u00e4tikon, Silvretta und Albula- und Plessuralpen ausdehnt. Der Rother Wanderf\u00fchrer Davos Pr\u00e4ttigau stellt die sch\u00f6nsten Wanderungen im Urlaubsparadies Davos und Klosters im Pr\u00e4ttigau vor.<\/span><\/p>\n<p>Die Auswahl von 50 Touren beinhaltet alles, was das Wanderherz begehrt: von ausgedehnten Talspazierg\u00e4ngen \u00fcber aussichtsreiche H\u00f6henwege und spannende \u00dcberschreitungen bis zur Besteigung von leichten Dreitausendern. Einige hoch gelegene Anstiege oder lange Wegst\u00fccke k\u00f6nnen durch Benutzung von Seilbahnen oder \u00f6ffentlichen Verkehrsmitteln verk\u00fcrzt werden. Au\u00dferdem sind fast alle Ausgangspunkte der Wanderungen mit der Rh\u00e4tischen Bahn oder dem Bus erreichbar.<\/p>\n<p>Jede Tour wird durch eine kurze \u00dcbersicht mit allen wichtigen Informationen, eine detaillierte Routenbeschreibung sowie ein farbiges Wanderk\u00e4rtchen mit eingetragenem Routenverlauf vorgestellt. Aussagekr\u00e4ftige H\u00f6henprofile veranschaulichen die jeweiligen Anforderungen. Zudem stehen GPS-Tracks zum Download bereit.<\/p>\n<p>152 Seiten,<br \/>\n50 Wanderk\u00e4rtchen im Ma\u00dfstab 1:50.000 und 1:75.000, eine \u00dcbersichtskarte im Ma\u00dfstab 1:300.000<\/p>\n<p>6., aktualisierte Auflage 2022<\/p>\n<p>&nbsp;<\/p>","protected":false},"excerpt":{"rendered":"<p>Davos \u2013 an diesem sch\u00f6nen Luftkurort hat Thomas Mann seinen \u00bbZauberberg\u00ab angesiedelt, hier findet das Weltwirtschaftsforum statt und auch das Skigebiet ist hochrangig. Davos ist aber nicht nur ein Ort f\u00fcr Heilungsuchende, Politiker und Skil\u00e4ufer. Es ist auch ein Paradies f\u00fcr Bergwanderer. Ein ausgedehntes Paradies sogar, das sich in den verschiedenen Gebirgsgruppen R\u00e4tikon, Silvretta und [&#8230;]\n","protected":false},"featured_media":180178,"template":"","meta":[],"product_brand":[],"product_cat":[21605],"product_tag":[],"class_list":{"0":"post-152537","1":"product","2":"type-product","3":"status-publish","4":"has-post-thumbnail","6":"product_cat-wanderfuehrer-trekking","7":"pa_autor-weiss","8":"pa_erscheinungsjahr-27013","9":"pa_region-schweiz","10":"pa_sprache-de","12":"first","13":"instock","14":"taxable","15":"shipping-taxable","16":"purchasable","17":"product-type-simple"},"_links":{"self":[{"href":"https:\/\/pizbube.ch\/en\/wp-json\/wp\/v2\/product\/152537","targetHints":{"allow":["GET"]}}],"collection":[{"href":"https:\/\/pizbube.ch\/en\/wp-json\/wp\/v2\/product"}],"about":[{"href":"https:\/\/pizbube.ch\/en\/wp-json\/wp\/v2\/types\/product"}],"wp:featuredmedia":[{"embeddable":true,"href":"https:\/\/pizbube.ch\/en\/wp-json\/wp\/v2\/media\/180178"}],"wp:attachment":[{"href":"https:\/\/pizbube.ch\/en\/wp-json\/wp\/v2\/media?parent=152537"}],"wp:term":[{"taxonomy":"product_brand","embeddable":true,"href":"https:\/\/pizbube.ch\/en\/wp-json\/wp\/v2\/product_brand?post=152537"},{"taxonomy":"product_cat","embeddable":true,"href":"https:\/\/pizbube.ch\/en\/wp-json\/wp\/v2\/product_cat?post=152537"},{"taxonomy":"product_tag","embeddable":true,"href":"https:\/\/pizbube.ch\/en\/wp-json\/wp\/v2\/product_tag?post=152537"}],"curies":[{"name":"wp","href":"https:\/\/api.w.org\/{rel}","templated":true}]}}