{"id":152538,"date":"2021-01-15T12:31:23","date_gmt":"2021-01-15T12:31:23","guid":{"rendered":"https:\/\/codengine3.ch\/?product=import-placeholder-for-204196"},"modified":"2021-01-15T14:30:49","modified_gmt":"2021-01-15T14:30:49","slug":"elbsandsteingebirge-die-saechsische-und-boehmische-schweiz","status":"publish","type":"product","link":"https:\/\/pizbube.ch\/en\/shop\/elbsandsteingebirge-die-saechsische-und-boehmische-schweiz\/","title":{"rendered":"Elbsandsteingebirge Die S\u00e4chsische und B\u00f6hmische Schweiz"},"content":{"rendered":"<p>Zwischen Osterzgebirge und Lausitzer Bergland erstreckt sich auf einer Fl\u00e4che<br \/>\nvon 750 Quadratkilometern eine der herrlichsten und eigenartigsten<br \/>\nLandschaften Mitteleuropas: das Elbsandsteingebirge.<br \/>\nMatthias Gretzschel beschreibt anschaulich und unterhaltsam die Besonderheiten<br \/>\nund die Kulturgeschichte dieser Landschaft. Er f\u00fchrt die Leser nicht nur zu<br \/>\nden ber\u00fchmten Sehensw\u00fcrdigkeiten auf deutscher und tschechischer Seite,<br \/>\nsondern regt auch dazu an, die ausgetretenen Touristenpfade zu verlassen. Die<br \/>\ngro\u00dfformatigen Farbfotos von Georg Jung, der das Elbsandsteingebirge seit<br \/>\nvielen Jahren immer wieder erwandert, vermitteln einen lebendigen Eindruck von<br \/>\nder Einzigartigkeit der S\u00e4chsisch-B\u00f6hmischen Schweiz im Wandel der<br \/>\nJahreszeiten.<\/p>","protected":false},"excerpt":{"rendered":"<p>Zwischen Osterzgebirge und Lausitzer Bergland erstreckt sich auf einer Fl\u00e4che von 750 Quadratkilometern eine der herrlichsten und eigenartigsten Landschaften Mitteleuropas: das Elbsandsteingebirge. Matthias Gretzschel beschreibt anschaulich und unterhaltsam die Besonderheiten und die Kulturgeschichte dieser Landschaft. Er f\u00fchrt die Leser nicht nur zu den ber\u00fchmten Sehensw\u00fcrdigkeiten auf deutscher und tschechischer Seite, sondern regt auch dazu an, [&#8230;]\n","protected":false},"featured_media":31985,"template":"","meta":[],"product_brand":[],"product_cat":[21542],"product_tag":[],"class_list":{"0":"post-152538","1":"product","2":"type-product","3":"status-publish","4":"has-post-thumbnail","6":"product_cat-sachbuecher-dokumentationen","7":"pa_autor-gretzschel-jung","8":"pa_erscheinungsjahr-21763","9":"pa_region-deutschland","10":"pa_sprache-de","12":"first","13":"outofstock","14":"taxable","15":"shipping-taxable","16":"purchasable","17":"product-type-simple"},"_links":{"self":[{"href":"https:\/\/pizbube.ch\/en\/wp-json\/wp\/v2\/product\/152538","targetHints":{"allow":["GET"]}}],"collection":[{"href":"https:\/\/pizbube.ch\/en\/wp-json\/wp\/v2\/product"}],"about":[{"href":"https:\/\/pizbube.ch\/en\/wp-json\/wp\/v2\/types\/product"}],"wp:featuredmedia":[{"embeddable":true,"href":"https:\/\/pizbube.ch\/en\/wp-json\/wp\/v2\/media\/31985"}],"wp:attachment":[{"href":"https:\/\/pizbube.ch\/en\/wp-json\/wp\/v2\/media?parent=152538"}],"wp:term":[{"taxonomy":"product_brand","embeddable":true,"href":"https:\/\/pizbube.ch\/en\/wp-json\/wp\/v2\/product_brand?post=152538"},{"taxonomy":"product_cat","embeddable":true,"href":"https:\/\/pizbube.ch\/en\/wp-json\/wp\/v2\/product_cat?post=152538"},{"taxonomy":"product_tag","embeddable":true,"href":"https:\/\/pizbube.ch\/en\/wp-json\/wp\/v2\/product_tag?post=152538"}],"curies":[{"name":"wp","href":"https:\/\/api.w.org\/{rel}","templated":true}]}}