{"id":152539,"date":"2021-01-15T12:31:23","date_gmt":"2021-01-15T12:31:23","guid":{"rendered":"https:\/\/codengine3.ch\/?product=import-placeholder-for-202186"},"modified":"2023-12-28T17:26:06","modified_gmt":"2023-12-28T16:26:06","slug":"fritz-wiessner","status":"publish","type":"product","link":"https:\/\/pizbube.ch\/en\/shop\/fritz-wiessner\/","title":{"rendered":"Fritz Wiessner"},"content":{"rendered":"<p>30 Beitr\u00e4ge \u00fcber einen der renommiertesten Kletterer und Bergsteiger dieses Jahrhunderts. Dokumentationen vom Elbsandstein bis zum K2- mit Verzeichnis seiner Erstbegehungen und umfassendem Literaturverzeichnis.<\/p>\n<p>Am 26. Februar 2000 w\u00e4re Fritz Wiessner, einer der renommiertesten deutschen Kletterer des20. Jahrhunderts, 100 Jahre alt geworden. Zur W\u00fcrdigung des einstigen Dresdners hat die Sektion S\u00e4chsischer Bergsteiger- bund (SBB) des DAV ein Ge- denkbuch herausgegeben, das den Lebensweg des Elbsand- steinkletterers nachzeichnet. Gottfried Andreas (Konzeption und Text) und Albrecht Kittler (Redaktion und Grafik) haben ein solides B\u00fcchlein in Brosch\u00fc- renform geschaffen, das durch eine enorme Materialf\u00fclle be- sticht. Auf \u00fcber hundert Seiten reihen sich 30 Beitr\u00e4ge von oft namhaften Autoren, abschlie- \u00dfend folgen ein Verzeichnis der Erstbegehungen Wiessners und ein umfassendes Literaturverzeichnis, alles in allem eine un- verzichtbare Fundgrube f\u00fcr alpin- historisch interessierte Leser.<\/p>\n<p>&nbsp;<\/p>","protected":false},"excerpt":{"rendered":"<p>30 Beitr\u00e4ge \u00fcber einen der renommiertesten Kletterer und Bergsteiger dieses Jahrhunderts. Dokumentationen vom Elbsandstein bis zum K2- mit Verzeichnis seiner Erstbegehungen und umfassendem Literaturverzeichnis. Am 26. Februar 2000 w\u00e4re Fritz Wiessner, einer der renommiertesten deutschen Kletterer des20. Jahrhunderts, 100 Jahre alt geworden. Zur W\u00fcrdigung des einstigen Dresdners hat die Sektion S\u00e4chsischer Bergsteiger- bund (SBB) des [&#8230;]\n","protected":false},"featured_media":170949,"template":"","meta":[],"product_brand":[],"product_cat":[21542],"product_tag":[],"class_list":{"0":"post-152539","1":"product","2":"type-product","3":"status-publish","4":"has-post-thumbnail","6":"product_cat-sachbuecher-dokumentationen","7":"pa_autor-sbb","8":"pa_erscheinungsjahr-21750","9":"pa_region-deutschland","10":"pa_sprache-de","12":"first","13":"instock","14":"taxable","15":"shipping-taxable","16":"purchasable","17":"product-type-simple"},"_links":{"self":[{"href":"https:\/\/pizbube.ch\/en\/wp-json\/wp\/v2\/product\/152539","targetHints":{"allow":["GET"]}}],"collection":[{"href":"https:\/\/pizbube.ch\/en\/wp-json\/wp\/v2\/product"}],"about":[{"href":"https:\/\/pizbube.ch\/en\/wp-json\/wp\/v2\/types\/product"}],"wp:featuredmedia":[{"embeddable":true,"href":"https:\/\/pizbube.ch\/en\/wp-json\/wp\/v2\/media\/170949"}],"wp:attachment":[{"href":"https:\/\/pizbube.ch\/en\/wp-json\/wp\/v2\/media?parent=152539"}],"wp:term":[{"taxonomy":"product_brand","embeddable":true,"href":"https:\/\/pizbube.ch\/en\/wp-json\/wp\/v2\/product_brand?post=152539"},{"taxonomy":"product_cat","embeddable":true,"href":"https:\/\/pizbube.ch\/en\/wp-json\/wp\/v2\/product_cat?post=152539"},{"taxonomy":"product_tag","embeddable":true,"href":"https:\/\/pizbube.ch\/en\/wp-json\/wp\/v2\/product_tag?post=152539"}],"curies":[{"name":"wp","href":"https:\/\/api.w.org\/{rel}","templated":true}]}}