{"id":152542,"date":"2021-01-15T12:31:28","date_gmt":"2021-01-15T12:31:28","guid":{"rendered":"https:\/\/codengine3.ch\/?product=import-placeholder-for-205365"},"modified":"2023-10-18T10:58:15","modified_gmt":"2023-10-18T08:58:15","slug":"stuttgart-rockt","status":"publish","type":"product","link":"https:\/\/pizbube.ch\/en\/shop\/stuttgart-rockt\/","title":{"rendered":"Stuttgart rockt!"},"content":{"rendered":"<p>inkl. <span class=\"base\" data-ui-id=\"page-title-wrapper\">Hessigheimer Felseng\u00e4rten &#8211; Klettern &amp; Bouldern<\/span><\/p>\n<p>Lohnende Klettereien rund um die schw\u00e4bische Landeshauptstadt. Hessigheimer Felseng\u00e4rten (Klettern&amp;Bouldern), Stetten, Kletterhallen, Klettertrips auf die Alb und in den Nordschwarzwald.<\/p>\n<p>Wer in oder um Stuttgart herum lebt und klettert kommt an diesem F\u00fchrer nicht vorbei. Alle Feierabendgebiete \u2013 ob echt felsig, gemauert, betoniert oder aus Kunststoff gegossen \u2013 auf einen Blick. Dem Klettern und Bouldern in den beliebten Hessigheimer Felseng\u00e4rten sind allein schon satte 50 Seiten gewidmet.<\/p>\n<p>Die Neuauflage bietet zus\u00e4tzlich Kurztrips zu den von Stuttgart aus n\u00e4chstgelegenen Felsen der Schw\u00e4bischen Alb und des Nordschwarzwalds nach dem Motto: Rail, hike &amp; climb&#187; \u2013 in eineinhalb Stunden vom Stuttgarter Hauptbahnhof mit \u00d6NV und eigener Muskelkraft zum Einstieg. Dazu noch Tipps, wo und wie man auf der Schw\u00e4bischen Alb einen perfekten Kletterkurzurlaub verbringen kann, denn: Es muss nicht immer Franken sein!<\/p>\n<p>2. Auflage 2023,<br \/>\n208 Seiten, 148 x 185 mm, Softcover, komplett 4 Farbig<\/p>","protected":false},"excerpt":{"rendered":"<p>inkl. Hessigheimer Felseng\u00e4rten &#8211; Klettern &amp; Bouldern Lohnende Klettereien rund um die schw\u00e4bische Landeshauptstadt. Hessigheimer Felseng\u00e4rten (Klettern&amp;Bouldern), Stetten, Kletterhallen, Klettertrips auf die Alb und in den Nordschwarzwald. Wer in oder um Stuttgart herum lebt und klettert kommt an diesem F\u00fchrer nicht vorbei. Alle Feierabendgebiete \u2013 ob echt felsig, gemauert, betoniert oder aus Kunststoff gegossen \u2013 [&#8230;]\n","protected":false},"featured_media":169998,"template":"","meta":[],"product_brand":[],"product_cat":[21539],"product_tag":[],"class_list":{"0":"post-152542","1":"product","2":"type-product","3":"status-publish","4":"has-post-thumbnail","6":"product_cat-fuehrerliteratur-sportklettern-bouldern","7":"pa_autor-pasold-regelmann-widmaier","8":"pa_erscheinungsjahr-27129","9":"pa_region-deutschland","10":"pa_sprache-de","12":"first","13":"onbackorder","14":"taxable","15":"shipping-taxable","16":"purchasable","17":"product-type-simple"},"_links":{"self":[{"href":"https:\/\/pizbube.ch\/en\/wp-json\/wp\/v2\/product\/152542","targetHints":{"allow":["GET"]}}],"collection":[{"href":"https:\/\/pizbube.ch\/en\/wp-json\/wp\/v2\/product"}],"about":[{"href":"https:\/\/pizbube.ch\/en\/wp-json\/wp\/v2\/types\/product"}],"wp:featuredmedia":[{"embeddable":true,"href":"https:\/\/pizbube.ch\/en\/wp-json\/wp\/v2\/media\/169998"}],"wp:attachment":[{"href":"https:\/\/pizbube.ch\/en\/wp-json\/wp\/v2\/media?parent=152542"}],"wp:term":[{"taxonomy":"product_brand","embeddable":true,"href":"https:\/\/pizbube.ch\/en\/wp-json\/wp\/v2\/product_brand?post=152542"},{"taxonomy":"product_cat","embeddable":true,"href":"https:\/\/pizbube.ch\/en\/wp-json\/wp\/v2\/product_cat?post=152542"},{"taxonomy":"product_tag","embeddable":true,"href":"https:\/\/pizbube.ch\/en\/wp-json\/wp\/v2\/product_tag?post=152542"}],"curies":[{"name":"wp","href":"https:\/\/api.w.org\/{rel}","templated":true}]}}