{"id":152546,"date":"2021-01-15T12:31:29","date_gmt":"2021-01-15T12:31:29","guid":{"rendered":"https:\/\/codengine3.ch\/?product=import-placeholder-for-201885"},"modified":"2023-07-22T09:34:14","modified_gmt":"2023-07-22T07:34:14","slug":"mit-eispickel-und-stethoskop","status":"publish","type":"product","link":"https:\/\/pizbube.ch\/en\/shop\/mit-eispickel-und-stethoskop\/","title":{"rendered":"Mit Eispickel und Stethoskop"},"content":{"rendered":"<p>Der bekannte H\u00f6henmediziner erz\u00e4hlt in diesem reich illustrierten Buch \u00fcber<br \/>\nseine Touren und gibt einen Einblick in h\u00f6henmedizinische Forschungen. Oswald<br \/>\nOelz, geboren 1943 in Vorarlberg, hat sich seit den Siebzigerjahren als<br \/>\nExtrembergsteige, Expeditions- arzt und H\u00f6henmediziner einen Namen gemacht.<\/p>\n<p>Anspruchsvollste Gipfel und schwierigste Routen auf, der ganzen Welt zieren<br \/>\nsein Tourenbuch; als Chefarzt am Stadtspital Triemli in Z\u00fcrich engagiert er<br \/>\nsich f\u00fcr seine andere Leidenschaft, die innere Medizin.<br \/>\n(5. Auflg.)<\/p>","protected":false},"excerpt":{"rendered":"<p>Der bekannte H\u00f6henmediziner erz\u00e4hlt in diesem reich illustrierten Buch \u00fcber seine Touren und gibt einen Einblick in h\u00f6henmedizinische Forschungen. Oswald Oelz, geboren 1943 in Vorarlberg, hat sich seit den Siebzigerjahren als Extrembergsteige, Expeditions- arzt und H\u00f6henmediziner einen Namen gemacht. Anspruchsvollste Gipfel und schwierigste Routen auf, der ganzen Welt zieren sein Tourenbuch; als Chefarzt am Stadtspital [&#8230;]\n","protected":false},"featured_media":29275,"template":"","meta":[],"product_brand":[],"product_cat":[21542],"product_tag":[],"class_list":{"0":"post-152546","1":"product","2":"type-product","3":"status-publish","4":"has-post-thumbnail","6":"product_cat-sachbuecher-dokumentationen","7":"pa_autor-oelz","8":"pa_erscheinungsjahr-22144","9":"pa_region-schweiz","10":"pa_sprache-de","12":"first","13":"outofstock","14":"taxable","15":"shipping-taxable","16":"purchasable","17":"product-type-simple"},"_links":{"self":[{"href":"https:\/\/pizbube.ch\/en\/wp-json\/wp\/v2\/product\/152546","targetHints":{"allow":["GET"]}}],"collection":[{"href":"https:\/\/pizbube.ch\/en\/wp-json\/wp\/v2\/product"}],"about":[{"href":"https:\/\/pizbube.ch\/en\/wp-json\/wp\/v2\/types\/product"}],"wp:featuredmedia":[{"embeddable":true,"href":"https:\/\/pizbube.ch\/en\/wp-json\/wp\/v2\/media\/29275"}],"wp:attachment":[{"href":"https:\/\/pizbube.ch\/en\/wp-json\/wp\/v2\/media?parent=152546"}],"wp:term":[{"taxonomy":"product_brand","embeddable":true,"href":"https:\/\/pizbube.ch\/en\/wp-json\/wp\/v2\/product_brand?post=152546"},{"taxonomy":"product_cat","embeddable":true,"href":"https:\/\/pizbube.ch\/en\/wp-json\/wp\/v2\/product_cat?post=152546"},{"taxonomy":"product_tag","embeddable":true,"href":"https:\/\/pizbube.ch\/en\/wp-json\/wp\/v2\/product_tag?post=152546"}],"curies":[{"name":"wp","href":"https:\/\/api.w.org\/{rel}","templated":true}]}}