{"id":152548,"date":"2021-01-15T12:31:29","date_gmt":"2021-01-15T12:31:29","guid":{"rendered":"https:\/\/codengine3.ch\/?product=import-placeholder-for-205124"},"modified":"2021-01-15T14:38:53","modified_gmt":"2021-01-15T14:38:53","slug":"adrenalin-bullshit-und-chemotherapie","status":"publish","type":"product","link":"https:\/\/pizbube.ch\/en\/shop\/adrenalin-bullshit-und-chemotherapie\/","title":{"rendered":"Adrenalin, Bullshit und Chemotherapie"},"content":{"rendered":"<p>Die Texte von Oswald Oelz reichen von A wie &#8218;Adrenalin&#8216; \u00fcber H wie<br \/>\n&#8218;Heldentaten&#8216; bis Z wie &#8218;Zu guter Letzt&#8216;. Obwohl Oelz mit seinen Ideen<br \/>\nansteckend wirkt, ist er weder Missionar noch Rezeptverk\u00e4ufer. Er dr\u00e4ngt sein<br \/>\nLeben niemandem auf. Was fasziniert und anspricht, ist der n\u00fcchterne Blick des<br \/>\nDoktors auf die menschliche Existenz, gepaart mit den Erfahrungen am Berg. Was<br \/>\ner schreibt, ist unverstellt hart und wirkt gerade dadurch befreiend und<br \/>\ntr\u00f6stlich.<br \/>\n&#8218;Glasklar erlebt man das Leben. Und ebenso glasklar den Tod.&#8216;  <\/p>\n<p>Oswald Oelz, 64, war viele Jahre leidenschaftlicher Chefarzt am Triemlispital<br \/>\nin Z\u00fcrich. Ebenso leidenschaftlich besteigt der geb\u00fcrtige Vorarlberger seit<br \/>\nseiner Jugend die h\u00f6chsten Berge dieser Welt. Wenn er nicht als Alpinist oder<br \/>\nReferent unterwegs ist, lebt er umgeben von B\u00fcchern und Schafen im Z\u00fcrcher<br \/>\nOberland mit Blick auf die Alpenkette. Das Streben nach Leistung und Qualit\u00e4t<br \/>\nin allem, was er tut, pr\u00e4gt weiterhin sein Leben.<br \/>\nGebunden, 168 Seiten  <\/p>","protected":false},"excerpt":{"rendered":"<p>Die Texte von Oswald Oelz reichen von A wie &#8218;Adrenalin&#8216; \u00fcber H wie &#8218;Heldentaten&#8216; bis Z wie &#8218;Zu guter Letzt&#8216;. Obwohl Oelz mit seinen Ideen ansteckend wirkt, ist er weder Missionar noch Rezeptverk\u00e4ufer. Er dr\u00e4ngt sein Leben niemandem auf. Was fasziniert und anspricht, ist der n\u00fcchterne Blick des Doktors auf die menschliche Existenz, gepaart mit [&#8230;]\n","protected":false},"featured_media":33740,"template":"","meta":[],"product_brand":[],"product_cat":[21629],"product_tag":[],"class_list":{"0":"post-152548","1":"product","2":"type-product","3":"status-publish","4":"has-post-thumbnail","6":"product_cat-belletristik","7":"pa_autor-oelz","8":"pa_erscheinungsjahr-21842","9":"pa_region-schweiz","10":"pa_sprache-de","12":"first","13":"instock","14":"taxable","15":"shipping-taxable","16":"purchasable","17":"product-type-simple"},"_links":{"self":[{"href":"https:\/\/pizbube.ch\/en\/wp-json\/wp\/v2\/product\/152548","targetHints":{"allow":["GET"]}}],"collection":[{"href":"https:\/\/pizbube.ch\/en\/wp-json\/wp\/v2\/product"}],"about":[{"href":"https:\/\/pizbube.ch\/en\/wp-json\/wp\/v2\/types\/product"}],"wp:featuredmedia":[{"embeddable":true,"href":"https:\/\/pizbube.ch\/en\/wp-json\/wp\/v2\/media\/33740"}],"wp:attachment":[{"href":"https:\/\/pizbube.ch\/en\/wp-json\/wp\/v2\/media?parent=152548"}],"wp:term":[{"taxonomy":"product_brand","embeddable":true,"href":"https:\/\/pizbube.ch\/en\/wp-json\/wp\/v2\/product_brand?post=152548"},{"taxonomy":"product_cat","embeddable":true,"href":"https:\/\/pizbube.ch\/en\/wp-json\/wp\/v2\/product_cat?post=152548"},{"taxonomy":"product_tag","embeddable":true,"href":"https:\/\/pizbube.ch\/en\/wp-json\/wp\/v2\/product_tag?post=152548"}],"curies":[{"name":"wp","href":"https:\/\/api.w.org\/{rel}","templated":true}]}}