{"id":152549,"date":"2021-01-15T12:31:29","date_gmt":"2021-01-15T12:31:29","guid":{"rendered":"https:\/\/codengine3.ch\/?product=import-placeholder-for-206524"},"modified":"2021-12-21T10:17:03","modified_gmt":"2021-12-21T09:17:03","slug":"orte-die-ich-lebte-bevor-ich-starb","status":"publish","type":"product","link":"https:\/\/pizbube.ch\/en\/shop\/orte-die-ich-lebte-bevor-ich-starb\/","title":{"rendered":"Orte, die ich lebte, bevor ich starb"},"content":{"rendered":"<p>Bergsteigen als erg\u00e4nzende Lebensform<\/p>\n<p>Bergsteigen in vielen Formen ist f\u00fcr Oswald Oelz die ideale komplement\u00e4re<br \/>\nLebensform zur heutigen virtuellen und plastifizierten Welt. Wir haben uns von<br \/>\nder Erde isoliert, wir sp\u00fcren Regen, K\u00e4lte und Jahreszeiten nur noch selten,<br \/>\ndie Nahrung kommt aus Einmalpackungen und das Wasser aus der hygienischen<br \/>\nFlasche.<\/p>\n<p>Beim Bergsteigen kehren wir in jene Welt zur\u00fcck, in der sich unsere<br \/>\nEvolution vollzogen hat: Lebenswichtig ist ein gesch\u00fctzter Biwakplatz, ein<br \/>\nKocher zum Schmelzen von Schnee, Kartoffeln, etwas Parmesan und scharfe<br \/>\nSteigeisenwaffen. Darin liegt die regenerative Potenz des Aufbruchs in die<br \/>\nWildnis, beim Klettern in unbekanntes Gel\u00e4nde werden Mobbing, das Finanzamt<br \/>\nund die PS des eigenen Autos belanglos. Die Batterien laden sich beim Gehen im<br \/>\nindischen Hochland f\u00fcr Herausforderungen in den Stadtschluchten von Z\u00fcrich<br \/>\noder Berlin auf.<\/p>\n<p>Dieses Leben ist immer gef\u00e4hrdet, mehr als zwei Dutzend Freunde des Autors<br \/>\nsind direkt aus Felsw\u00e4nden, Lawinen oder Gletscherspalten schon ins unbekannte<br \/>\nLand vorausgegangen. Einige Male hat Freund Hein auch schon auf Oswald Oelz<br \/>\ngezielt und ihn nur knapp verfehlt. Streifsch\u00fcsse wie Felsbrocken, Eislawinen,<br \/>\nLungen\u00f6deme und ausbrechende Haken machen das herrliche Leben bewusster, er<br \/>\nklettert, um intensiv zu sein und nicht, um zu sterben.<\/p>\n<p>&#8218;Das Geheimnis des fruchtbaren Lebens heisst gef\u00e4hrlich leben, darum: baut eure H\u00e4user an den<br \/>\nVesuv&#8216;, meinte Nietzsche. Bergsteigen ist eine wunderbare Alternative. Die<br \/>\nBotschaften vom Jabal Misht, Cholatse, Heiligkreuzkofel und Triemlispital sind<br \/>\neinfach: Leben wir dieses grossartige Leben, solange wir nur ahnen, dass es<br \/>\nirgendwann endet und nicht erst, wenn die letzte Woche angebrochen ist.<\/p>","protected":false},"excerpt":{"rendered":"<p>Bergsteigen als erg\u00e4nzende Lebensform Bergsteigen in vielen Formen ist f\u00fcr Oswald Oelz die ideale komplement\u00e4re Lebensform zur heutigen virtuellen und plastifizierten Welt. Wir haben uns von der Erde isoliert, wir sp\u00fcren Regen, K\u00e4lte und Jahreszeiten nur noch selten, die Nahrung kommt aus Einmalpackungen und das Wasser aus der hygienischen Flasche. Beim Bergsteigen kehren wir in [&#8230;]\n","protected":false},"featured_media":35577,"template":"","meta":[],"product_brand":[],"product_cat":[21542],"product_tag":[],"class_list":{"0":"post-152549","1":"product","2":"type-product","3":"status-publish","4":"has-post-thumbnail","6":"product_cat-sachbuecher-dokumentationen","7":"pa_autor-oelz","8":"pa_erscheinungsjahr-21610","9":"pa_region-schweiz","10":"pa_sprache-de","12":"first","13":"onbackorder","14":"taxable","15":"shipping-taxable","16":"purchasable","17":"product-type-simple"},"_links":{"self":[{"href":"https:\/\/pizbube.ch\/en\/wp-json\/wp\/v2\/product\/152549","targetHints":{"allow":["GET"]}}],"collection":[{"href":"https:\/\/pizbube.ch\/en\/wp-json\/wp\/v2\/product"}],"about":[{"href":"https:\/\/pizbube.ch\/en\/wp-json\/wp\/v2\/types\/product"}],"wp:featuredmedia":[{"embeddable":true,"href":"https:\/\/pizbube.ch\/en\/wp-json\/wp\/v2\/media\/35577"}],"wp:attachment":[{"href":"https:\/\/pizbube.ch\/en\/wp-json\/wp\/v2\/media?parent=152549"}],"wp:term":[{"taxonomy":"product_brand","embeddable":true,"href":"https:\/\/pizbube.ch\/en\/wp-json\/wp\/v2\/product_brand?post=152549"},{"taxonomy":"product_cat","embeddable":true,"href":"https:\/\/pizbube.ch\/en\/wp-json\/wp\/v2\/product_cat?post=152549"},{"taxonomy":"product_tag","embeddable":true,"href":"https:\/\/pizbube.ch\/en\/wp-json\/wp\/v2\/product_tag?post=152549"}],"curies":[{"name":"wp","href":"https:\/\/api.w.org\/{rel}","templated":true}]}}