{"id":152550,"date":"2021-01-15T12:31:29","date_gmt":"2021-01-15T12:31:29","guid":{"rendered":"https:\/\/codengine3.ch\/?product=import-placeholder-for-207992"},"modified":"2023-03-06T16:57:55","modified_gmt":"2023-03-06T15:57:55","slug":"mit-eispickel-und-stethoskop-taschenbuchausgabe","status":"publish","type":"product","link":"https:\/\/pizbube.ch\/en\/shop\/mit-eispickel-und-stethoskop-taschenbuchausgabe\/","title":{"rendered":"Mit Eispickel und Stethoskop (Taschenbuchausgabe)"},"content":{"rendered":"<p>Als H\u00f6henmediziner auf die Gipfel der Welt<\/p>\n<p>Mit f\u00fcnf Jahren unternahm er seine erste Bergtour, mit acht tr\u00e4umte er vom<br \/>\nHimalaja, mit sechzehn stand er auf dem Matterhorn. Die alpinistische Karriere<br \/>\ndes international bekannten Extrembergsteigers und H\u00f6henmediziners Oswald Oelz<br \/>\nverlief steil: in die gro\u00dfen W\u00e4nde der Alpen und schlie\u00dflich auf die<br \/>\nAchttausender des Himalaja.<\/p>\n<p>Mit Humor und Selbstironie erz\u00e4hlt er von spektakul\u00e4ren Touren mit Reinhold<br \/>\nMessner, Reinhard Karl und Marcel R\u00fcedi, berichtet von dramatischen<br \/>\nRettungsaktionen und gew\u00e4hrt Einblicke in seine wegweisenden<br \/>\nh\u00f6henmedizinischen Forschungen. Ein spannendes und tiefgr\u00fcndiges Buch mit<br \/>\nzahlreichen Abbildungen aus dem Privatarchiv des Bergsteigers.<\/p>\n<p>3. Taschenbuchausgabe 2018<\/p>","protected":false},"excerpt":{"rendered":"<p>Als H\u00f6henmediziner auf die Gipfel der Welt Mit f\u00fcnf Jahren unternahm er seine erste Bergtour, mit acht tr\u00e4umte er vom Himalaja, mit sechzehn stand er auf dem Matterhorn. Die alpinistische Karriere des international bekannten Extrembergsteigers und H\u00f6henmediziners Oswald Oelz verlief steil: in die gro\u00dfen W\u00e4nde der Alpen und schlie\u00dflich auf die Achttausender des Himalaja. Mit [&#8230;]\n","protected":false},"featured_media":39059,"template":"","meta":[],"product_brand":[],"product_cat":[21542],"product_tag":[],"class_list":{"0":"post-152550","1":"product","2":"type-product","3":"status-publish","4":"has-post-thumbnail","6":"product_cat-sachbuecher-dokumentationen","7":"pa_autor-oelz","8":"pa_erscheinungsjahr-21546","9":"pa_region-schweiz","10":"pa_sprache-de","12":"first","13":"outofstock","14":"taxable","15":"shipping-taxable","16":"purchasable","17":"product-type-simple"},"_links":{"self":[{"href":"https:\/\/pizbube.ch\/en\/wp-json\/wp\/v2\/product\/152550","targetHints":{"allow":["GET"]}}],"collection":[{"href":"https:\/\/pizbube.ch\/en\/wp-json\/wp\/v2\/product"}],"about":[{"href":"https:\/\/pizbube.ch\/en\/wp-json\/wp\/v2\/types\/product"}],"wp:featuredmedia":[{"embeddable":true,"href":"https:\/\/pizbube.ch\/en\/wp-json\/wp\/v2\/media\/39059"}],"wp:attachment":[{"href":"https:\/\/pizbube.ch\/en\/wp-json\/wp\/v2\/media?parent=152550"}],"wp:term":[{"taxonomy":"product_brand","embeddable":true,"href":"https:\/\/pizbube.ch\/en\/wp-json\/wp\/v2\/product_brand?post=152550"},{"taxonomy":"product_cat","embeddable":true,"href":"https:\/\/pizbube.ch\/en\/wp-json\/wp\/v2\/product_cat?post=152550"},{"taxonomy":"product_tag","embeddable":true,"href":"https:\/\/pizbube.ch\/en\/wp-json\/wp\/v2\/product_tag?post=152550"}],"curies":[{"name":"wp","href":"https:\/\/api.w.org\/{rel}","templated":true}]}}