{"id":152553,"date":"2021-01-15T12:31:30","date_gmt":"2021-01-15T12:31:30","guid":{"rendered":"https:\/\/codengine3.ch\/?product=import-placeholder-for-206307"},"modified":"2021-01-15T14:48:00","modified_gmt":"2021-01-15T14:48:00","slug":"schneesichere-skitouren-zwischen-hohen-tauern-und-dolomiten","status":"publish","type":"product","link":"https:\/\/pizbube.ch\/en\/shop\/schneesichere-skitouren-zwischen-hohen-tauern-und-dolomiten\/","title":{"rendered":"Schneesichere Skitouren zwischen hohen Tauern und Dolomiten"},"content":{"rendered":"<p>50 Touren mit Schneegarantie f\u00fcr jeden Schwierigkeitsgrad  <\/p>\n<p>Skigenuss pur: erst der Aufstieg durch verschneiten M\u00e4rchenwald zur<br \/>\nGipfelbrotzeit und danach die sch\u00f6nsten Wedelspuren durch perfekten<br \/>\nPulverschnee ziehen! Andrea und Andreas Strau\u00df haben im Gebiet im Gebiet<br \/>\nzwischen Hohen Tauern, Zillertaler Alpen und Dolomiten die sch\u00f6nsten<br \/>\nschneesicheren Touren von einfach bis schwierig zusammengestellt. Praktische<br \/>\nHinweise erleichtern die Planung, erg\u00e4nzt durch Kartenskizzen und traumhafte<br \/>\nFotos, die Lust aufs Losgehen machen.  <\/p>","protected":false},"excerpt":{"rendered":"<p>50 Touren mit Schneegarantie f\u00fcr jeden Schwierigkeitsgrad Skigenuss pur: erst der Aufstieg durch verschneiten M\u00e4rchenwald zur Gipfelbrotzeit und danach die sch\u00f6nsten Wedelspuren durch perfekten Pulverschnee ziehen! Andrea und Andreas Strau\u00df haben im Gebiet im Gebiet zwischen Hohen Tauern, Zillertaler Alpen und Dolomiten die sch\u00f6nsten schneesicheren Touren von einfach bis schwierig zusammengestellt. Praktische Hinweise erleichtern die [&#8230;]\n","protected":false},"featured_media":35300,"template":"","meta":[],"product_brand":[],"product_cat":[21540],"product_tag":[],"class_list":{"0":"post-152553","1":"product","2":"type-product","3":"status-publish","4":"has-post-thumbnail","6":"product_cat-fuehrerliteratur-alpin-winter","7":"pa_autor-strauss","8":"pa_erscheinungsjahr-21610","9":"pa_region-italien","10":"pa_sprache-de","12":"first","13":"instock","14":"taxable","15":"shipping-taxable","16":"purchasable","17":"product-type-simple"},"_links":{"self":[{"href":"https:\/\/pizbube.ch\/en\/wp-json\/wp\/v2\/product\/152553","targetHints":{"allow":["GET"]}}],"collection":[{"href":"https:\/\/pizbube.ch\/en\/wp-json\/wp\/v2\/product"}],"about":[{"href":"https:\/\/pizbube.ch\/en\/wp-json\/wp\/v2\/types\/product"}],"wp:featuredmedia":[{"embeddable":true,"href":"https:\/\/pizbube.ch\/en\/wp-json\/wp\/v2\/media\/35300"}],"wp:attachment":[{"href":"https:\/\/pizbube.ch\/en\/wp-json\/wp\/v2\/media?parent=152553"}],"wp:term":[{"taxonomy":"product_brand","embeddable":true,"href":"https:\/\/pizbube.ch\/en\/wp-json\/wp\/v2\/product_brand?post=152553"},{"taxonomy":"product_cat","embeddable":true,"href":"https:\/\/pizbube.ch\/en\/wp-json\/wp\/v2\/product_cat?post=152553"},{"taxonomy":"product_tag","embeddable":true,"href":"https:\/\/pizbube.ch\/en\/wp-json\/wp\/v2\/product_tag?post=152553"}],"curies":[{"name":"wp","href":"https:\/\/api.w.org\/{rel}","templated":true}]}}