{"id":152556,"date":"2021-01-15T12:31:30","date_gmt":"2021-01-15T12:31:30","guid":{"rendered":"https:\/\/codengine3.ch\/?product=import-placeholder-for-201887"},"modified":"2021-01-15T12:31:34","modified_gmt":"2021-01-15T12:31:34","slug":"galerie-vertikal-1","status":"publish","type":"product","link":"https:\/\/pizbube.ch\/en\/shop\/galerie-vertikal-1\/","title":{"rendered":"Galerie vertikal 1"},"content":{"rendered":"<p>Sonderausgabe No. 1: erlesene Auswahl an Fotos aus der Kletter- und<br \/>\nAlpinismusszene! Das Auge klettert mit. Gerade beim Klettern und Bergsteigen<br \/>\nsagt ein Bild oft mehr als tausend Worte. Deshalb enth\u00e4lt das klettern-<br \/>\nSonderheft Galerie vertikal I nur und ausschlie\u00dflich eine erlesene Auswahl an<br \/>\nFotos der Extraklasse. Bilder von 61 Bergfotografen aus aller Welt bieten<br \/>\nGenuss f\u00fcr die Augen, Stoff zum Tr\u00e4umen und Anregungen f\u00fcr eigene<br \/>\nUnternehmungen.  <\/p>","protected":false},"excerpt":{"rendered":"<p>Sonderausgabe No. 1: erlesene Auswahl an Fotos aus der Kletter- und Alpinismusszene! Das Auge klettert mit. Gerade beim Klettern und Bergsteigen sagt ein Bild oft mehr als tausend Worte. Deshalb enth\u00e4lt das klettern- Sonderheft Galerie vertikal I nur und ausschlie\u00dflich eine erlesene Auswahl an Fotos der Extraklasse. Bilder von 61 Bergfotografen aus aller Welt bieten [&#8230;]\n","protected":false},"featured_media":29277,"template":"","meta":[],"product_brand":[],"product_cat":[21541],"product_tag":[],"class_list":{"0":"post-152556","1":"product","2":"type-product","3":"status-publish","4":"has-post-thumbnail","6":"product_cat-zeitschriften","7":"pa_autor-klettern","8":"pa_erscheinungsjahr-22060","9":"pa_region-deutschland","10":"pa_sprache-de","12":"first","13":"instock","14":"taxable","15":"shipping-taxable","16":"purchasable","17":"product-type-simple"},"_links":{"self":[{"href":"https:\/\/pizbube.ch\/en\/wp-json\/wp\/v2\/product\/152556","targetHints":{"allow":["GET"]}}],"collection":[{"href":"https:\/\/pizbube.ch\/en\/wp-json\/wp\/v2\/product"}],"about":[{"href":"https:\/\/pizbube.ch\/en\/wp-json\/wp\/v2\/types\/product"}],"wp:featuredmedia":[{"embeddable":true,"href":"https:\/\/pizbube.ch\/en\/wp-json\/wp\/v2\/media\/29277"}],"wp:attachment":[{"href":"https:\/\/pizbube.ch\/en\/wp-json\/wp\/v2\/media?parent=152556"}],"wp:term":[{"taxonomy":"product_brand","embeddable":true,"href":"https:\/\/pizbube.ch\/en\/wp-json\/wp\/v2\/product_brand?post=152556"},{"taxonomy":"product_cat","embeddable":true,"href":"https:\/\/pizbube.ch\/en\/wp-json\/wp\/v2\/product_cat?post=152556"},{"taxonomy":"product_tag","embeddable":true,"href":"https:\/\/pizbube.ch\/en\/wp-json\/wp\/v2\/product_tag?post=152556"}],"curies":[{"name":"wp","href":"https:\/\/api.w.org\/{rel}","templated":true}]}}