{"id":152558,"date":"2021-01-15T12:31:30","date_gmt":"2021-01-15T12:31:30","guid":{"rendered":"https:\/\/codengine3.ch\/?product=import-placeholder-for-202012"},"modified":"2021-01-15T12:32:36","modified_gmt":"2021-01-15T12:32:36","slug":"galerie-vertikal-2","status":"publish","type":"product","link":"https:\/\/pizbube.ch\/en\/shop\/galerie-vertikal-2\/","title":{"rendered":"Galerie vertikal 2"},"content":{"rendered":"<p>160 Seiten aktuelle Weltklassefotos vom Klettern und Bergsteigen:<br \/>\nSonderausgabe Nr. 2 der Zeitschrift klettern. Saugende Tiefe. Grimmige K\u00e4lte.<br \/>\nBizarre Eisformationen. Die Kunst des Fotografen besteht darin, vielschichtige<br \/>\nEindr\u00fccke in zwei Dimensionen so festzuhalten, dass der Betrachter die \u00c4ngste<br \/>\nund Freuden der Akteure mitf\u00fchlen kann und die Landschaft vor den Augen des<br \/>\nBetrachters zu leben beginnt. Im zweiten Fotoband von klettern ist genau das<br \/>\nden bekannten Bergfotografen bestens gelungen: Bei diesen Fotos der<br \/>\nExtraklasse kann man nur staunen.<\/p>","protected":false},"excerpt":{"rendered":"<p>160 Seiten aktuelle Weltklassefotos vom Klettern und Bergsteigen: Sonderausgabe Nr. 2 der Zeitschrift klettern. Saugende Tiefe. Grimmige K\u00e4lte. Bizarre Eisformationen. Die Kunst des Fotografen besteht darin, vielschichtige Eindr\u00fccke in zwei Dimensionen so festzuhalten, dass der Betrachter die \u00c4ngste und Freuden der Akteure mitf\u00fchlen kann und die Landschaft vor den Augen des Betrachters zu leben beginnt. [&#8230;]\n","protected":false},"featured_media":29395,"template":"","meta":[],"product_brand":[],"product_cat":[21541],"product_tag":[],"class_list":{"0":"post-152558","1":"product","2":"type-product","3":"status-publish","4":"has-post-thumbnail","6":"product_cat-zeitschriften","7":"pa_autor-klettern","8":"pa_erscheinungsjahr-22150","9":"pa_region-deutschland","10":"pa_sprache-de","12":"first","13":"outofstock","14":"taxable","15":"shipping-taxable","16":"purchasable","17":"product-type-simple"},"_links":{"self":[{"href":"https:\/\/pizbube.ch\/en\/wp-json\/wp\/v2\/product\/152558","targetHints":{"allow":["GET"]}}],"collection":[{"href":"https:\/\/pizbube.ch\/en\/wp-json\/wp\/v2\/product"}],"about":[{"href":"https:\/\/pizbube.ch\/en\/wp-json\/wp\/v2\/types\/product"}],"wp:featuredmedia":[{"embeddable":true,"href":"https:\/\/pizbube.ch\/en\/wp-json\/wp\/v2\/media\/29395"}],"wp:attachment":[{"href":"https:\/\/pizbube.ch\/en\/wp-json\/wp\/v2\/media?parent=152558"}],"wp:term":[{"taxonomy":"product_brand","embeddable":true,"href":"https:\/\/pizbube.ch\/en\/wp-json\/wp\/v2\/product_brand?post=152558"},{"taxonomy":"product_cat","embeddable":true,"href":"https:\/\/pizbube.ch\/en\/wp-json\/wp\/v2\/product_cat?post=152558"},{"taxonomy":"product_tag","embeddable":true,"href":"https:\/\/pizbube.ch\/en\/wp-json\/wp\/v2\/product_tag?post=152558"}],"curies":[{"name":"wp","href":"https:\/\/api.w.org\/{rel}","templated":true}]}}