{"id":152560,"date":"2021-01-15T12:31:30","date_gmt":"2021-01-15T12:31:30","guid":{"rendered":"https:\/\/codengine3.ch\/?product=import-placeholder-for-203819"},"modified":"2025-03-13T09:53:19","modified_gmt":"2025-03-13T08:53:19","slug":"ecuador-1-650-000-mit-galapagos-1-1-000-000","status":"publish","type":"product","link":"https:\/\/pizbube.ch\/en\/shop\/ecuador-1-650-000-mit-galapagos-1-1-000-000\/","title":{"rendered":"Ecuador 1: 650 000 mit Galapagos 1: 1 000 000"},"content":{"rendered":"<p>Exakte H\u00f6henlinien, H\u00f6henschichten-Relief, GPS-tauglich, Gradnetz und<br \/>\nOrtsindes, Klassifiziertes Strassennetz.<br \/>\nZweiseitiges Kartenbild in Plastikh\u00fclle. 66 g<\/p>\n<p><span class=\"value\">Hochrei\u00dffeste und 100% wasserfeste Landkarte \u201eEcuador, Gal\u00e1pagos\u201c aus der Serie world mapping project, erschienen im Reise Know-How Verlag. Reise Know-How Landkarten zeichnen sich durch besonders stabiles Kunststoffpapier aus, das beschreibbar ist wie Papier, sogar mit Bleistift. Der Pappumschlag ist abnehmbar, so dass sich die Karte bequem in jede Tasche stecken l\u00e4sst. Eine Schutzh\u00fclle ist nicht erforderlich. Die kartografische Darstellung konzentriert sich auf die wichtigsten Informationen f\u00fcr Reisende und ist besonders gut lesbar. Statt einer Schummerung werden farbige H\u00f6henschichten verwendet. Ausstattung: &#8211; H\u00f6henlinien mit H\u00f6henangaben; &#8211; Farbige H\u00f6henschichten; &#8211; Klassifiziertes Stra\u00dfennetz mit Entfernungsangaben; &#8211; Sehensw\u00fcrdigkeiten; &#8211; Ausf\u00fchrlicher Ortsindex; &#8211; GPS-genau; &#8211; L\u00e4ngen- und Breitengrade; &#8211; F\u00fcnfsprachige Legende (deutsch, englisch, franz\u00f6sisch, spanisch, russisch); &#8211; Ecuador 1:650.000, Gal\u00e1pagos-Inseln 1:1 Mio. Handliches Format: 70&#215;100 cm, 2-seitig bedruckt. Sprachen: Englisch, Franz\u00f6sisch, Deutsch, Russisch, Spanisch<\/span><\/p>\n<p>Auflage 2022<\/p>","protected":false},"excerpt":{"rendered":"<p>Exakte H\u00f6henlinien, H\u00f6henschichten-Relief, GPS-tauglich, Gradnetz und Ortsindes, Klassifiziertes Strassennetz. Zweiseitiges Kartenbild in Plastikh\u00fclle. 66 g Hochrei\u00dffeste und 100% wasserfeste Landkarte \u201eEcuador, Gal\u00e1pagos\u201c aus der Serie world mapping project, erschienen im Reise Know-How Verlag. Reise Know-How Landkarten zeichnen sich durch besonders stabiles Kunststoffpapier aus, das beschreibbar ist wie Papier, sogar mit Bleistift. Der Pappumschlag ist abnehmbar, [&#8230;]\n","protected":false},"featured_media":178343,"template":"","meta":[],"product_brand":[],"product_cat":[21543],"product_tag":[],"class_list":{"0":"post-152560","1":"product","2":"type-product","3":"status-publish","4":"has-post-thumbnail","6":"product_cat-landkarten","7":"pa_autor-reise-know-how","8":"pa_erscheinungsjahr-27013","9":"pa_region-amerika-sued","10":"pa_sprache-de","12":"first","13":"instock","14":"taxable","15":"shipping-taxable","16":"purchasable","17":"product-type-simple"},"_links":{"self":[{"href":"https:\/\/pizbube.ch\/en\/wp-json\/wp\/v2\/product\/152560","targetHints":{"allow":["GET"]}}],"collection":[{"href":"https:\/\/pizbube.ch\/en\/wp-json\/wp\/v2\/product"}],"about":[{"href":"https:\/\/pizbube.ch\/en\/wp-json\/wp\/v2\/types\/product"}],"wp:featuredmedia":[{"embeddable":true,"href":"https:\/\/pizbube.ch\/en\/wp-json\/wp\/v2\/media\/178343"}],"wp:attachment":[{"href":"https:\/\/pizbube.ch\/en\/wp-json\/wp\/v2\/media?parent=152560"}],"wp:term":[{"taxonomy":"product_brand","embeddable":true,"href":"https:\/\/pizbube.ch\/en\/wp-json\/wp\/v2\/product_brand?post=152560"},{"taxonomy":"product_cat","embeddable":true,"href":"https:\/\/pizbube.ch\/en\/wp-json\/wp\/v2\/product_cat?post=152560"},{"taxonomy":"product_tag","embeddable":true,"href":"https:\/\/pizbube.ch\/en\/wp-json\/wp\/v2\/product_tag?post=152560"}],"curies":[{"name":"wp","href":"https:\/\/api.w.org\/{rel}","templated":true}]}}