{"id":152567,"date":"2021-01-15T12:31:37","date_gmt":"2021-01-15T12:31:37","guid":{"rendered":"https:\/\/codengine3.ch\/?product=import-placeholder-for-205998"},"modified":"2021-01-15T14:45:34","modified_gmt":"2021-01-15T14:45:34","slug":"canyoning-en-sardaigne","status":"publish","type":"product","link":"https:\/\/pizbube.ch\/en\/shop\/canyoning-en-sardaigne\/","title":{"rendered":"Canyoning en Sardaigne"},"content":{"rendered":"<p>La Sardaigne, un des paradis du canyon M&diterran;\u00e9en, vous offre \u00e0 travers<br \/>\ncet ouvrage 28 descentes au coeur d&#8217;une nature pr\u00e9serv\u00e9e et sauvage.<br \/>\nL&#8217;ensamble des canyons d\u00e9crits comprend une fiche technique, une coupe<br \/>\nsch\u00e9matique, et une micro carte, le tout illustr\u00e9 de plus de 60 clich\u00e9s<br \/>\nphotographiques.<br \/>\n103 pp.<\/p>","protected":false},"excerpt":{"rendered":"<p>La Sardaigne, un des paradis du canyon M&diterran;\u00e9en, vous offre \u00e0 travers cet ouvrage 28 descentes au coeur d&#8217;une nature pr\u00e9serv\u00e9e et sauvage. L&#8217;ensamble des canyons d\u00e9crits comprend une fiche technique, une coupe sch\u00e9matique, et une micro carte, le tout illustr\u00e9 de plus de 60 clich\u00e9s photographiques. 103 pp.<\/p>","protected":false},"featured_media":34880,"template":"","meta":[],"product_brand":[],"product_cat":[21650],"product_tag":[],"class_list":{"0":"post-152567","1":"product","2":"type-product","3":"status-publish","4":"has-post-thumbnail","6":"product_cat-canyoningfuehrer","7":"pa_autor-jourdan-fiorina","8":"pa_erscheinungsjahr-21693","9":"pa_region-italien","10":"pa_sprache-fr","12":"first","13":"outofstock","14":"taxable","15":"shipping-taxable","16":"purchasable","17":"product-type-simple"},"_links":{"self":[{"href":"https:\/\/pizbube.ch\/en\/wp-json\/wp\/v2\/product\/152567","targetHints":{"allow":["GET"]}}],"collection":[{"href":"https:\/\/pizbube.ch\/en\/wp-json\/wp\/v2\/product"}],"about":[{"href":"https:\/\/pizbube.ch\/en\/wp-json\/wp\/v2\/types\/product"}],"wp:featuredmedia":[{"embeddable":true,"href":"https:\/\/pizbube.ch\/en\/wp-json\/wp\/v2\/media\/34880"}],"wp:attachment":[{"href":"https:\/\/pizbube.ch\/en\/wp-json\/wp\/v2\/media?parent=152567"}],"wp:term":[{"taxonomy":"product_brand","embeddable":true,"href":"https:\/\/pizbube.ch\/en\/wp-json\/wp\/v2\/product_brand?post=152567"},{"taxonomy":"product_cat","embeddable":true,"href":"https:\/\/pizbube.ch\/en\/wp-json\/wp\/v2\/product_cat?post=152567"},{"taxonomy":"product_tag","embeddable":true,"href":"https:\/\/pizbube.ch\/en\/wp-json\/wp\/v2\/product_tag?post=152567"}],"curies":[{"name":"wp","href":"https:\/\/api.w.org\/{rel}","templated":true}]}}