{"id":152569,"date":"2021-01-15T12:31:37","date_gmt":"2021-01-15T12:31:37","guid":{"rendered":"https:\/\/codengine3.ch\/?product=import-placeholder-for-205564"},"modified":"2021-01-15T14:42:13","modified_gmt":"2021-01-15T14:42:13","slug":"wanderkarte-dorgali-und-urzulei-1-30-000","status":"publish","type":"product","link":"https:\/\/pizbube.ch\/en\/shop\/wanderkarte-dorgali-und-urzulei-1-30-000\/","title":{"rendered":"Wanderkarte Dorgali und Urzulei 1: 30 000"},"content":{"rendered":"<p>Wanderkarte Dorgali und Urzulei, Sardinien Ma\u00dfstab: 1:30.000<br \/>\nCarta turistico escursionistica tra Dorgali e Urzulei<\/p>\n<p>Aktuelle und genaue touristische Wanderkarte f\u00fcr die Region Supramonte von<br \/>\nUrzulei, in Sardinien. Das Gebiet bildet den n\u00f6rdlichen Rand der Region<br \/>\nOgliastra und umfasst eine Fl\u00e4che von ca. 130 km rund um die Gemeinde Urzulei.  <\/p>\n<p>Durch die Kalksteinnatur des Supramonte-Gebirges entstanden in diesem Teil<br \/>\neine Vielzahl teils spektakul\u00e4rer Karstph\u00e4nomene wie Dolinen, H\u00f6hlen und<br \/>\nSchluchten, darunter die ber\u00fchmte Gola Su Gorropu, eine der gewaltigsten<br \/>\nSchluchten Europas.  <\/p>\n<p>In der Karte sind 19 Routen verzeichnet, die neben Angaben zu L\u00e4nge,<br \/>\nSchwierigkeitsgrad und Dauer auch Angaben zu arch\u00e4ologischen St\u00e4tten,<br \/>\nNaturdenkmalen, H\u00f6hlen, Aussichtspunkten u.a. enth\u00e4lt. Unter den vermerkten<br \/>\nTouren finden sich auch die bekannten und beliebten Routen zu Gola Su Gorropu,<br \/>\nCodula di Luna, Teletotes &#8211; Cala di Luna.<\/p>","protected":false},"excerpt":{"rendered":"<p>Wanderkarte Dorgali und Urzulei, Sardinien Ma\u00dfstab: 1:30.000 Carta turistico escursionistica tra Dorgali e Urzulei Aktuelle und genaue touristische Wanderkarte f\u00fcr die Region Supramonte von Urzulei, in Sardinien. Das Gebiet bildet den n\u00f6rdlichen Rand der Region Ogliastra und umfasst eine Fl\u00e4che von ca. 130 km rund um die Gemeinde Urzulei. Durch die Kalksteinnatur des Supramonte-Gebirges entstanden [&#8230;]\n","protected":false},"featured_media":37221,"template":"","meta":[],"product_brand":[],"product_cat":[21543],"product_tag":[],"class_list":{"0":"post-152569","1":"product","2":"type-product","3":"status-publish","4":"has-post-thumbnail","6":"product_cat-landkarten","7":"pa_autor-abies","8":"pa_erscheinungsjahr-21610","9":"pa_region-italien","10":"pa_sprache-d","11":"pa_sprache-e","12":"pa_sprache-f","13":"pa_sprache-i","15":"first","16":"instock","17":"taxable","18":"shipping-taxable","19":"purchasable","20":"product-type-simple"},"_links":{"self":[{"href":"https:\/\/pizbube.ch\/en\/wp-json\/wp\/v2\/product\/152569","targetHints":{"allow":["GET"]}}],"collection":[{"href":"https:\/\/pizbube.ch\/en\/wp-json\/wp\/v2\/product"}],"about":[{"href":"https:\/\/pizbube.ch\/en\/wp-json\/wp\/v2\/types\/product"}],"wp:featuredmedia":[{"embeddable":true,"href":"https:\/\/pizbube.ch\/en\/wp-json\/wp\/v2\/media\/37221"}],"wp:attachment":[{"href":"https:\/\/pizbube.ch\/en\/wp-json\/wp\/v2\/media?parent=152569"}],"wp:term":[{"taxonomy":"product_brand","embeddable":true,"href":"https:\/\/pizbube.ch\/en\/wp-json\/wp\/v2\/product_brand?post=152569"},{"taxonomy":"product_cat","embeddable":true,"href":"https:\/\/pizbube.ch\/en\/wp-json\/wp\/v2\/product_cat?post=152569"},{"taxonomy":"product_tag","embeddable":true,"href":"https:\/\/pizbube.ch\/en\/wp-json\/wp\/v2\/product_tag?post=152569"}],"curies":[{"name":"wp","href":"https:\/\/api.w.org\/{rel}","templated":true}]}}