{"id":152570,"date":"2021-01-15T12:31:37","date_gmt":"2021-01-15T12:31:37","guid":{"rendered":"https:\/\/codengine3.ch\/?product=import-placeholder-for-204818"},"modified":"2021-01-15T14:36:29","modified_gmt":"2021-01-15T14:36:29","slug":"italien-sentiero-italia-trans-sardinien-von-santa-teresa-nach-monti","status":"publish","type":"product","link":"https:\/\/pizbube.ch\/en\/shop\/italien-sentiero-italia-trans-sardinien-von-santa-teresa-nach-monti\/","title":{"rendered":"Italien: Sentiero Italia Trans Sardinien: Von Santa Teresa nach Monti"},"content":{"rendered":"<p>Das erste Viertel des Sentiero Sardegna, dem sardischen Teil des Sentiero<br \/>\nItalia, f\u00fchrt in ca. 7 Tagen auf 120 km von der Nordspitze durch die<br \/>\nurt\u00fcmliche Gallura. \u00dcber sanfte Wiesen- und Macchialandschaften mit bizarren<br \/>\nGranitfelsen geht es bis Monti, traditioneller Weinort der Insel. Ein<br \/>\n&#8218;H\u00f6hepunkt&#8216;: der Monte Limbara (1.359 m) und der herrliche Blick aufs Meer bis<br \/>\nKorsika.<br \/>\nF\u00fcr den erfahrenen und autarken Wanderer ein verschwiegenes Naturparadies<br \/>\nmitten in Europa &#8211; fern von wandertouristischer Infrastruktur.  <\/p>\n<p>1. Auflage 2007, 186 Seiten, 12 Farbkarten, 8 Skizzen und Illustrationen, 38<br \/>\nfarbige Abbildungen<\/p>","protected":false},"excerpt":{"rendered":"<p>Das erste Viertel des Sentiero Sardegna, dem sardischen Teil des Sentiero Italia, f\u00fchrt in ca. 7 Tagen auf 120 km von der Nordspitze durch die urt\u00fcmliche Gallura. \u00dcber sanfte Wiesen- und Macchialandschaften mit bizarren Granitfelsen geht es bis Monti, traditioneller Weinort der Insel. Ein &#8218;H\u00f6hepunkt&#8216;: der Monte Limbara (1.359 m) und der herrliche Blick aufs [&#8230;]\n","protected":false},"featured_media":33338,"template":"","meta":[],"product_brand":[],"product_cat":[21605],"product_tag":[],"class_list":{"0":"post-152570","1":"product","2":"type-product","3":"status-publish","4":"has-post-thumbnail","6":"product_cat-wanderfuehrer-trekking","7":"pa_autor-flad","8":"pa_erscheinungsjahr-21842","9":"pa_region-italien","10":"pa_sprache-de","12":"first","13":"outofstock","14":"taxable","15":"shipping-taxable","16":"purchasable","17":"product-type-simple"},"_links":{"self":[{"href":"https:\/\/pizbube.ch\/en\/wp-json\/wp\/v2\/product\/152570","targetHints":{"allow":["GET"]}}],"collection":[{"href":"https:\/\/pizbube.ch\/en\/wp-json\/wp\/v2\/product"}],"about":[{"href":"https:\/\/pizbube.ch\/en\/wp-json\/wp\/v2\/types\/product"}],"wp:featuredmedia":[{"embeddable":true,"href":"https:\/\/pizbube.ch\/en\/wp-json\/wp\/v2\/media\/33338"}],"wp:attachment":[{"href":"https:\/\/pizbube.ch\/en\/wp-json\/wp\/v2\/media?parent=152570"}],"wp:term":[{"taxonomy":"product_brand","embeddable":true,"href":"https:\/\/pizbube.ch\/en\/wp-json\/wp\/v2\/product_brand?post=152570"},{"taxonomy":"product_cat","embeddable":true,"href":"https:\/\/pizbube.ch\/en\/wp-json\/wp\/v2\/product_cat?post=152570"},{"taxonomy":"product_tag","embeddable":true,"href":"https:\/\/pizbube.ch\/en\/wp-json\/wp\/v2\/product_tag?post=152570"}],"curies":[{"name":"wp","href":"https:\/\/api.w.org\/{rel}","templated":true}]}}