{"id":152572,"date":"2021-01-15T12:31:37","date_gmt":"2021-01-15T12:31:37","guid":{"rendered":"https:\/\/codengine3.ch\/?product=import-placeholder-for-203326"},"modified":"2023-06-08T11:33:30","modified_gmt":"2023-06-08T09:33:30","slug":"norwegen-hardangervidda","status":"publish","type":"product","link":"https:\/\/pizbube.ch\/en\/shop\/norwegen-hardangervidda\/","title":{"rendered":"Norwegen: Hardangervidda"},"content":{"rendered":"<p>Die Hochebene Hardangervidda ist eines der bekanntesten Wandergebiete<br \/>\nNorwegens und mit rund 9.000 km die gr\u00f6\u00dfte Hochfl\u00e4che Europas. Nur wenige<br \/>\nTeile des Gneis- und Granitplateaus reichen bis unter die Baumgrenze hinab.<br \/>\nWeite Gebiete sind wegen ihrer empfindlichen Natur im Nationalpark<br \/>\nHardangervidda gesch\u00fctzt. Das Gebiet ist durchzogen von markierten Wanderwegen<br \/>\nund H\u00fctten. Insbesondere Durchquerungen sind zur Erforschung der Hochebene<br \/>\nbestens geeignet.<\/p>\n<p>Fast 1.200 km markierte Wanderwege in einer beeindruckenden Landschaft und ein dichtes H\u00fcttennetz laden zu Touren in der Hochebene Hardangervidda in S\u00fcdnorwegen ein. Der Wanderf\u00fchrer stellt zwei besonders empfehlenswerte Wanderrouten (Nord-S\u00fcd- und Ost-West-Querung) vor. Jeder Weg wird in mehreren Etappen detailliert beschrieben, zudem gibt es Empfehlungen f\u00fcr Abstecher und Varianten. Genaue Angaben zu Etappenl\u00e4nge, Zeitbedarf und \u00dcbernachtungsm\u00f6glichkeiten sowie Kartenskizzen und H\u00f6henprofile erleichtern die Planung. Ein ausf\u00fchrliches Kapitel mit allgemeinen Reise-Infos hilft Ihnen bei der Vorbereitung der Reise, ein landeskundlicher Teil bringt die Besonderheiten der Region n\u00e4her.<\/p>\n<p>8. \u00fcberarbeitete Auflg. 2022<\/p>","protected":false},"excerpt":{"rendered":"<p>Die Hochebene Hardangervidda ist eines der bekanntesten Wandergebiete Norwegens und mit rund 9.000 km die gr\u00f6\u00dfte Hochfl\u00e4che Europas. Nur wenige Teile des Gneis- und Granitplateaus reichen bis unter die Baumgrenze hinab. Weite Gebiete sind wegen ihrer empfindlichen Natur im Nationalpark Hardangervidda gesch\u00fctzt. Das Gebiet ist durchzogen von markierten Wanderwegen und H\u00fctten. Insbesondere Durchquerungen sind zur [&#8230;]\n","protected":false},"featured_media":167925,"template":"","meta":[],"product_brand":[],"product_cat":[21605],"product_tag":[],"class_list":{"0":"post-152572","1":"product","2":"type-product","3":"status-publish","4":"has-post-thumbnail","6":"product_cat-wanderfuehrer-trekking","7":"pa_autor-koerner","8":"pa_erscheinungsjahr-27013","9":"pa_region-skandinavien-norwegen-schweden-finnland","10":"pa_sprache-de","12":"first","13":"instock","14":"taxable","15":"shipping-taxable","16":"purchasable","17":"product-type-simple"},"_links":{"self":[{"href":"https:\/\/pizbube.ch\/en\/wp-json\/wp\/v2\/product\/152572","targetHints":{"allow":["GET"]}}],"collection":[{"href":"https:\/\/pizbube.ch\/en\/wp-json\/wp\/v2\/product"}],"about":[{"href":"https:\/\/pizbube.ch\/en\/wp-json\/wp\/v2\/types\/product"}],"wp:featuredmedia":[{"embeddable":true,"href":"https:\/\/pizbube.ch\/en\/wp-json\/wp\/v2\/media\/167925"}],"wp:attachment":[{"href":"https:\/\/pizbube.ch\/en\/wp-json\/wp\/v2\/media?parent=152572"}],"wp:term":[{"taxonomy":"product_brand","embeddable":true,"href":"https:\/\/pizbube.ch\/en\/wp-json\/wp\/v2\/product_brand?post=152572"},{"taxonomy":"product_cat","embeddable":true,"href":"https:\/\/pizbube.ch\/en\/wp-json\/wp\/v2\/product_cat?post=152572"},{"taxonomy":"product_tag","embeddable":true,"href":"https:\/\/pizbube.ch\/en\/wp-json\/wp\/v2\/product_tag?post=152572"}],"curies":[{"name":"wp","href":"https:\/\/api.w.org\/{rel}","templated":true}]}}