{"id":152573,"date":"2021-01-15T12:31:37","date_gmt":"2021-01-15T12:31:37","guid":{"rendered":"https:\/\/codengine3.ch\/?product=import-placeholder-for-203391"},"modified":"2021-01-15T14:22:47","modified_gmt":"2021-01-15T14:22:47","slug":"norwegen-nordkap-route","status":"publish","type":"product","link":"https:\/\/pizbube.ch\/en\/shop\/norwegen-nordkap-route\/","title":{"rendered":"Norwegen: Nordkap Route"},"content":{"rendered":"<p>Die Europastra\u00dfe 6 ist die n\u00f6rdlichste Traumstra\u00dfe Europas. Sie f\u00fchrt zusammen<br \/>\nmit der E 69 von Oslo zum n\u00f6rdlichsten Punkt des Kontinents, zum Nordkap. Mehr<br \/>\nals 2.000 km geht es auf der gut ausgebauten Stra\u00dfe mit unz\u00e4hligen<br \/>\nSehensw\u00fcrdigkeiten: durch das Dovrefjell, nach Trondheim, zum Saltstraumen,<br \/>\ndem gr\u00f6\u00dften Gezeitenstrom der Welt, \u00fcber den Polarkreis, zu 6.000 Jahre alte<br \/>\nFelszeichnungen in Alta, nach Hammerfest, der n\u00f6rdlichsten Stadt der Welt; und<br \/>\nnat\u00fcrlich zum Nordkap, wo die Sonne im Sommer nicht untergeht. Nicht zu<br \/>\nvergessen die unz\u00e4hligen Wasserf\u00e4lle, die phantastische Bergkulisse der<br \/>\nFjorde, unendliche Waldgebiete, kalbende Gletscher und enge Flu\u00dft\u00e4ler, die<br \/>\neine Fahrt nie langweilig werden lassen. Zus\u00e4tzlich beschriebene Extratouren<br \/>\nabseits der E 6 vertiefen das Norwegenerlebnis und sorgen f\u00fcr Abwechslung bei<br \/>\nder R\u00fcckfahrt. 3. Auflage 2004, 152 Seiten, eine Farbkarte, 3 Stadtpl\u00e4ne, 4<br \/>\nweitere Karten, 23 farbige Abbildungen, 7 schwarz-wei\u00df Abbildungen  <\/p>","protected":false},"excerpt":{"rendered":"<p>Die Europastra\u00dfe 6 ist die n\u00f6rdlichste Traumstra\u00dfe Europas. Sie f\u00fchrt zusammen mit der E 69 von Oslo zum n\u00f6rdlichsten Punkt des Kontinents, zum Nordkap. Mehr als 2.000 km geht es auf der gut ausgebauten Stra\u00dfe mit unz\u00e4hligen Sehensw\u00fcrdigkeiten: durch das Dovrefjell, nach Trondheim, zum Saltstraumen, dem gr\u00f6\u00dften Gezeitenstrom der Welt, \u00fcber den Polarkreis, zu 6.000 [&#8230;]\n","protected":false},"featured_media":30991,"template":"","meta":[],"product_brand":[],"product_cat":[21605],"product_tag":[],"class_list":{"0":"post-152573","1":"product","2":"type-product","3":"status-publish","4":"has-post-thumbnail","6":"product_cat-wanderfuehrer-trekking","7":"pa_autor-heckmann","8":"pa_erscheinungsjahr-21920","9":"pa_region-skandinavien-norwegen-schweden-finnland","10":"pa_sprache-de","12":"first","13":"outofstock","14":"taxable","15":"shipping-taxable","16":"purchasable","17":"product-type-simple"},"_links":{"self":[{"href":"https:\/\/pizbube.ch\/en\/wp-json\/wp\/v2\/product\/152573","targetHints":{"allow":["GET"]}}],"collection":[{"href":"https:\/\/pizbube.ch\/en\/wp-json\/wp\/v2\/product"}],"about":[{"href":"https:\/\/pizbube.ch\/en\/wp-json\/wp\/v2\/types\/product"}],"wp:featuredmedia":[{"embeddable":true,"href":"https:\/\/pizbube.ch\/en\/wp-json\/wp\/v2\/media\/30991"}],"wp:attachment":[{"href":"https:\/\/pizbube.ch\/en\/wp-json\/wp\/v2\/media?parent=152573"}],"wp:term":[{"taxonomy":"product_brand","embeddable":true,"href":"https:\/\/pizbube.ch\/en\/wp-json\/wp\/v2\/product_brand?post=152573"},{"taxonomy":"product_cat","embeddable":true,"href":"https:\/\/pizbube.ch\/en\/wp-json\/wp\/v2\/product_cat?post=152573"},{"taxonomy":"product_tag","embeddable":true,"href":"https:\/\/pizbube.ch\/en\/wp-json\/wp\/v2\/product_tag?post=152573"}],"curies":[{"name":"wp","href":"https:\/\/api.w.org\/{rel}","templated":true}]}}