{"id":152574,"date":"2021-01-15T12:31:37","date_gmt":"2021-01-15T12:31:37","guid":{"rendered":"https:\/\/codengine3.ch\/?product=import-placeholder-for-204188"},"modified":"2022-05-03T09:36:08","modified_gmt":"2022-05-03T07:36:08","slug":"norwegen-nord","status":"publish","type":"product","link":"https:\/\/pizbube.ch\/en\/shop\/norwegen-nord\/","title":{"rendered":"Norwegen Nord"},"content":{"rendered":"<p>Reisef\u00fchrer; Die B\u00fccher vom Velbinger Verlag sind f\u00fcr ihren hohen<br \/>\nInformationsgehalt bekannt.<\/p>\n<p>In diesem Buch werden alle bekannten und lohnenswerten Ausflugsziele erkl\u00e4rt,<br \/>\ndie Landschaften hervorgehoben und wichtige Verkehrsverbindungen aufgez\u00e4hlt.<br \/>\nBesonders praktisch ist die \u00dcbersicht von einfachen und f\u00fcr Urlauber sehr oft<br \/>\nnotwendigen Redewendungen und S\u00e4tze in der Landessprache. So l\u00e4sst sich ganz<br \/>\neinfach eine Briefmarke kaufen, nach einem Bus fragen oder ins Restaurant<br \/>\ngehen.<\/p>","protected":false},"excerpt":{"rendered":"<p>Reisef\u00fchrer; Die B\u00fccher vom Velbinger Verlag sind f\u00fcr ihren hohen Informationsgehalt bekannt. In diesem Buch werden alle bekannten und lohnenswerten Ausflugsziele erkl\u00e4rt, die Landschaften hervorgehoben und wichtige Verkehrsverbindungen aufgez\u00e4hlt. Besonders praktisch ist die \u00dcbersicht von einfachen und f\u00fcr Urlauber sehr oft notwendigen Redewendungen und S\u00e4tze in der Landessprache. So l\u00e4sst sich ganz einfach eine Briefmarke [&#8230;]\n","protected":false},"featured_media":31973,"template":"","meta":[],"product_brand":[],"product_cat":[21605],"product_tag":[],"class_list":{"0":"post-152574","1":"product","2":"type-product","3":"status-publish","4":"has-post-thumbnail","6":"product_cat-wanderfuehrer-trekking","7":"pa_autor-velbinger","8":"pa_erscheinungsjahr-21763","9":"pa_region-skandinavien-norwegen-schweden-finnland","10":"pa_sprache-de","12":"first","13":"onbackorder","14":"taxable","15":"shipping-taxable","16":"purchasable","17":"product-type-simple"},"_links":{"self":[{"href":"https:\/\/pizbube.ch\/en\/wp-json\/wp\/v2\/product\/152574","targetHints":{"allow":["GET"]}}],"collection":[{"href":"https:\/\/pizbube.ch\/en\/wp-json\/wp\/v2\/product"}],"about":[{"href":"https:\/\/pizbube.ch\/en\/wp-json\/wp\/v2\/types\/product"}],"wp:featuredmedia":[{"embeddable":true,"href":"https:\/\/pizbube.ch\/en\/wp-json\/wp\/v2\/media\/31973"}],"wp:attachment":[{"href":"https:\/\/pizbube.ch\/en\/wp-json\/wp\/v2\/media?parent=152574"}],"wp:term":[{"taxonomy":"product_brand","embeddable":true,"href":"https:\/\/pizbube.ch\/en\/wp-json\/wp\/v2\/product_brand?post=152574"},{"taxonomy":"product_cat","embeddable":true,"href":"https:\/\/pizbube.ch\/en\/wp-json\/wp\/v2\/product_cat?post=152574"},{"taxonomy":"product_tag","embeddable":true,"href":"https:\/\/pizbube.ch\/en\/wp-json\/wp\/v2\/product_tag?post=152574"}],"curies":[{"name":"wp","href":"https:\/\/api.w.org\/{rel}","templated":true}]}}