{"id":152575,"date":"2021-01-15T12:31:38","date_gmt":"2021-01-15T12:31:38","guid":{"rendered":"https:\/\/codengine3.ch\/?product=import-placeholder-for-207008"},"modified":"2023-07-06T14:23:07","modified_gmt":"2023-07-06T12:23:07","slug":"norwegen-die-40-schoensten-touren","status":"publish","type":"product","link":"https:\/\/pizbube.ch\/en\/shop\/norwegen-die-40-schoensten-touren\/","title":{"rendered":"Norwegen &#8211; Die 40 sch\u00f6nsten Touren"},"content":{"rendered":"<p>Zeit zum Wandern Norwegen<br \/>\nDie 40 sch\u00f6nsten Wanderungen \u0096 GPS-Tracks zum Download \u0096 Top-Tipps f\u00fcr sanfte<br \/>\nFjorde, raue Gletscher, einsame Buchten \u0096 Highlights der Region<\/p>\n<p>Wandern im Land der Elche und Fjorde<br \/>\nFjorde, Seen, Gletscher, Polarlichter, Einsamkeit \u0096 wenn diese Begriffe f\u00fcr<br \/>\nSie wie Musik in den Ohren klingen, dann sind Sie in Norwegen goldrichtig. Von<br \/>\nTouren entlang von Hochfl\u00e4chen \u00fcber Fjordausl\u00e4ufer bis hin zu<br \/>\nGipfelbesteigungen: Hier wird dem Naturliebhaber alles geboten.<\/p>\n<p>Mit Karten inklusive Wegpunkten, H\u00f6henprofilen, Tipps zu Sehenswertem am<br \/>\nWegesrand und GPS-Daten zum Download garantiert dieser Wanderf\u00fchrer die<br \/>\nperfekte Orientierung.<\/p>\n<p>192 Seiten, ca. 180 Abbildungen, Format 12,0 x 18,5 cm, Klappenbroschur mit<br \/>\nFadenheftung<\/p>","protected":false},"excerpt":{"rendered":"<p>Zeit zum Wandern Norwegen Die 40 sch\u00f6nsten Wanderungen \u0096 GPS-Tracks zum Download \u0096 Top-Tipps f\u00fcr sanfte Fjorde, raue Gletscher, einsame Buchten \u0096 Highlights der Region Wandern im Land der Elche und Fjorde Fjorde, Seen, Gletscher, Polarlichter, Einsamkeit \u0096 wenn diese Begriffe f\u00fcr Sie wie Musik in den Ohren klingen, dann sind Sie in Norwegen goldrichtig. [&#8230;]\n","protected":false},"featured_media":168468,"template":"","meta":[],"product_brand":[],"product_cat":[21605],"product_tag":[],"class_list":{"0":"post-152575","1":"product","2":"type-product","3":"status-publish","4":"has-post-thumbnail","6":"product_cat-wanderfuehrer-trekking","7":"pa_autor-dietrichs-moll","8":"pa_erscheinungsjahr-21571","9":"pa_region-skandinavien-norwegen-schweden-finnland","10":"pa_sprache-de","12":"first","13":"instock","14":"taxable","15":"shipping-taxable","16":"purchasable","17":"product-type-simple"},"_links":{"self":[{"href":"https:\/\/pizbube.ch\/en\/wp-json\/wp\/v2\/product\/152575","targetHints":{"allow":["GET"]}}],"collection":[{"href":"https:\/\/pizbube.ch\/en\/wp-json\/wp\/v2\/product"}],"about":[{"href":"https:\/\/pizbube.ch\/en\/wp-json\/wp\/v2\/types\/product"}],"wp:featuredmedia":[{"embeddable":true,"href":"https:\/\/pizbube.ch\/en\/wp-json\/wp\/v2\/media\/168468"}],"wp:attachment":[{"href":"https:\/\/pizbube.ch\/en\/wp-json\/wp\/v2\/media?parent=152575"}],"wp:term":[{"taxonomy":"product_brand","embeddable":true,"href":"https:\/\/pizbube.ch\/en\/wp-json\/wp\/v2\/product_brand?post=152575"},{"taxonomy":"product_cat","embeddable":true,"href":"https:\/\/pizbube.ch\/en\/wp-json\/wp\/v2\/product_cat?post=152575"},{"taxonomy":"product_tag","embeddable":true,"href":"https:\/\/pizbube.ch\/en\/wp-json\/wp\/v2\/product_tag?post=152575"}],"curies":[{"name":"wp","href":"https:\/\/api.w.org\/{rel}","templated":true}]}}