{"id":152576,"date":"2021-01-15T12:31:38","date_gmt":"2021-01-15T12:31:38","guid":{"rendered":"https:\/\/codengine3.ch\/?product=import-placeholder-for-205741"},"modified":"2021-01-15T14:43:34","modified_gmt":"2021-01-15T14:43:34","slug":"norwegen-rondane","status":"publish","type":"product","link":"https:\/\/pizbube.ch\/en\/shop\/norwegen-rondane\/","title":{"rendered":"Norwegen: Rondane"},"content":{"rendered":"<p>Das Felsmassiv der Rondane Berge ragt m\u00e4chtig \u00fcber die weite und flache<br \/>\nBerghochebene hinaus. Im S\u00fcden finden sich Bergw\u00e4lder und blumenreiche<br \/>\nBergweiden mit runden Berggipfeln. Vor allem im Norden und im Osten bestimmen<br \/>\ntiefe T\u00e4ler und steile Felsw\u00e4nde das Bild. In dieser kargen und steinigen<br \/>\nBerglandschaft leben wilde Rentiere schon seit Tausenden von Jahren. Im<br \/>\ngesamten Gebiet lassen sich Reste alter Fanganlagen und Siedlungen entdecken.<br \/>\n1962 wurde Rondane als erster Nationalpark Norwegens er\u00f6ffnet und stellt heute<br \/>\neinen der letzten Au\u00dfenposten f\u00fcr die wilden Rentiere dar.  <\/p>\n<p>Im Park gibt es ein gut ausgebautes Netz von markierten Wanderwegen und<br \/>\nH\u00fctten, die eine Vielzahl an Wanderm\u00f6glichkeiten er\u00f6ffnen, angefangen von<br \/>\neinfachen Tagestouren bis hin zu mehrt\u00e4gigen Bergwanderungen. Und wer einen<br \/>\nGipfel erklimmen m\u00f6chte, ganze neun in Rondane erheben sich mehr als 2.000 m<br \/>\nin die H\u00f6he und erfordern nur ein bisschen Ausdauer. Die in diesem Buch<br \/>\nvorgestellten 3 Rundtouren (6 bis 7 Tage) bieten einen umfangreichen Blick in<br \/>\ndiese grandiose Berglandschaft.<br \/>\n1. Auflage 2009, 212 Seiten, 20 Karten, 40 farbige Abbildungen, 11 farbige<br \/>\nH\u00f6henprofile<\/p>","protected":false},"excerpt":{"rendered":"<p>Das Felsmassiv der Rondane Berge ragt m\u00e4chtig \u00fcber die weite und flache Berghochebene hinaus. Im S\u00fcden finden sich Bergw\u00e4lder und blumenreiche Bergweiden mit runden Berggipfeln. Vor allem im Norden und im Osten bestimmen tiefe T\u00e4ler und steile Felsw\u00e4nde das Bild. In dieser kargen und steinigen Berglandschaft leben wilde Rentiere schon seit Tausenden von Jahren. Im [&#8230;]\n","protected":false},"featured_media":34557,"template":"","meta":[],"product_brand":[],"product_cat":[21605],"product_tag":[],"class_list":{"0":"post-152576","1":"product","2":"type-product","3":"status-publish","4":"has-post-thumbnail","6":"product_cat-wanderfuehrer-trekking","7":"pa_autor-koerner","8":"pa_erscheinungsjahr-21693","9":"pa_region-skandinavien-norwegen-schweden-finnland","10":"pa_sprache-de","12":"first","13":"instock","14":"taxable","15":"shipping-taxable","16":"purchasable","17":"product-type-simple"},"_links":{"self":[{"href":"https:\/\/pizbube.ch\/en\/wp-json\/wp\/v2\/product\/152576","targetHints":{"allow":["GET"]}}],"collection":[{"href":"https:\/\/pizbube.ch\/en\/wp-json\/wp\/v2\/product"}],"about":[{"href":"https:\/\/pizbube.ch\/en\/wp-json\/wp\/v2\/types\/product"}],"wp:featuredmedia":[{"embeddable":true,"href":"https:\/\/pizbube.ch\/en\/wp-json\/wp\/v2\/media\/34557"}],"wp:attachment":[{"href":"https:\/\/pizbube.ch\/en\/wp-json\/wp\/v2\/media?parent=152576"}],"wp:term":[{"taxonomy":"product_brand","embeddable":true,"href":"https:\/\/pizbube.ch\/en\/wp-json\/wp\/v2\/product_brand?post=152576"},{"taxonomy":"product_cat","embeddable":true,"href":"https:\/\/pizbube.ch\/en\/wp-json\/wp\/v2\/product_cat?post=152576"},{"taxonomy":"product_tag","embeddable":true,"href":"https:\/\/pizbube.ch\/en\/wp-json\/wp\/v2\/product_tag?post=152576"}],"curies":[{"name":"wp","href":"https:\/\/api.w.org\/{rel}","templated":true}]}}