{"id":152581,"date":"2021-01-15T12:31:38","date_gmt":"2021-01-15T12:31:38","guid":{"rendered":"https:\/\/codengine3.ch\/?product=import-placeholder-for-207660"},"modified":"2021-01-15T16:05:43","modified_gmt":"2021-01-15T16:05:43","slug":"hardangervidda-150000","status":"publish","type":"product","link":"https:\/\/pizbube.ch\/en\/shop\/hardangervidda-150000\/","title":{"rendered":"Hardangervidda 1:50&#8217;000"},"content":{"rendered":"<p>Sheet 3006<\/p>\n<p>Topo 3000 is a detailed map that covers an area of \u200b\u200b64 x 47 km (over<br \/>\n3000km2). Here you will find hiking trails clearly marked, whether they go<br \/>\nover the mountains, through the woods or follow the road. Accommodation sites<br \/>\nare highlighted in order to facilitate planning.<\/p>\n<p>The map covers: M\u00e5b\u00f8dalen &#8211; V\u00f8ringsfossen &#8211; Dyranut &#8211; Halne &#8211; M\u00e5rbu<\/p>\n<p>&#8211; Detailed and easy to read<br \/>\n&#8211; Covers over 3000km2<br \/>\n&#8211; Scale: 1:50 000<br \/>\n&#8211; Water resistant and hard use<br \/>\n&#8211; Clear marked hiking trails<br \/>\n&#8211; Cabins and Accommodations<\/p>","protected":false},"excerpt":{"rendered":"<p>Sheet 3006 Topo 3000 is a detailed map that covers an area of \u200b\u200b64 x 47 km (over 3000km2). Here you will find hiking trails clearly marked, whether they go over the mountains, through the woods or follow the road. Accommodation sites are highlighted in order to facilitate planning. The map covers: M\u00e5b\u00f8dalen &#8211; V\u00f8ringsfossen [&#8230;]\n","protected":false},"featured_media":38085,"template":"","meta":[],"product_brand":[],"product_cat":[21543],"product_tag":[],"class_list":{"0":"post-152581","1":"product","2":"type-product","3":"status-publish","4":"has-post-thumbnail","6":"product_cat-landkarten","7":"pa_autor-nordeca","8":"pa_erscheinungsjahr-21571","9":"pa_region-skandinavien-norwegen-schweden-finnland","10":"pa_sprache-en-norweg","12":"first","13":"instock","14":"taxable","15":"shipping-taxable","16":"purchasable","17":"product-type-simple"},"_links":{"self":[{"href":"https:\/\/pizbube.ch\/en\/wp-json\/wp\/v2\/product\/152581","targetHints":{"allow":["GET"]}}],"collection":[{"href":"https:\/\/pizbube.ch\/en\/wp-json\/wp\/v2\/product"}],"about":[{"href":"https:\/\/pizbube.ch\/en\/wp-json\/wp\/v2\/types\/product"}],"wp:featuredmedia":[{"embeddable":true,"href":"https:\/\/pizbube.ch\/en\/wp-json\/wp\/v2\/media\/38085"}],"wp:attachment":[{"href":"https:\/\/pizbube.ch\/en\/wp-json\/wp\/v2\/media?parent=152581"}],"wp:term":[{"taxonomy":"product_brand","embeddable":true,"href":"https:\/\/pizbube.ch\/en\/wp-json\/wp\/v2\/product_brand?post=152581"},{"taxonomy":"product_cat","embeddable":true,"href":"https:\/\/pizbube.ch\/en\/wp-json\/wp\/v2\/product_cat?post=152581"},{"taxonomy":"product_tag","embeddable":true,"href":"https:\/\/pizbube.ch\/en\/wp-json\/wp\/v2\/product_tag?post=152581"}],"curies":[{"name":"wp","href":"https:\/\/api.w.org\/{rel}","templated":true}]}}