{"id":152584,"date":"2021-01-15T12:31:38","date_gmt":"2021-01-15T12:31:38","guid":{"rendered":"https:\/\/codengine3.ch\/?product=import-placeholder-for-208565"},"modified":"2021-01-15T17:55:22","modified_gmt":"2021-01-15T17:55:22","slug":"klatreforer-for-uskedalen-med-eikedalen","status":"publish","type":"product","link":"https:\/\/pizbube.ch\/en\/shop\/klatreforer-for-uskedalen-med-eikedalen\/","title":{"rendered":"Klatref\u00f8rer for Uskedalen med Eikedalen"},"content":{"rendered":"<p>Phototopo Guidebook for Uskedalen an Eikedalen, south of Bergen, Norway.<br \/>\nThis guide covers 60 routes in Uskedalen, 30 in Eikedalen and a handful of<br \/>\nsport routes in Hjortegryta. The routes described are &#8211; with a few exceptions<br \/>\n&#8211; natutally protected mutipitch routes.<\/p>\n<p>F\u00f8reren inneholder informasjon om hvordan man kommer til Uskedalen, om<br \/>\novernattingsmuligheter, og selvf\u00f8lgelig om klatringen i Uskedalen. Et par<br \/>\nsider med informasjon p\u00e5 engelsk, samt en norsk-engelsk ordliste for de<br \/>\nvanligste klatreuttrykkene som brukes i f\u00f8reren. Jo Gjedrems klassiske<br \/>\nartikkel &#171;P\u00e5 opptur i Uskedalen&#187; om Uskedalens klatrehistorikk (f\u00f8rste gang<br \/>\np\u00e5 trykk i &#171;Vertikale vest&#187;) har ogs\u00e5 funnet veien inn i f\u00f8reren. Alt ispedt<br \/>\ndiverse utvalgte klatrebilder.  <\/p>\n<p>Sidene i f\u00f8reren trykkes p\u00e5 plastpapir, og blir satt inn i frostet ringperm.<br \/>\nPlastpapiret skal t\u00e5le det meste, inkludert det \u00e5 v\u00e6re med p\u00e5 tur i fuktig<br \/>\nklima. Rimgperml\u00f8sningen gj\u00f8r det mulig \u00e5 ta ut enkeltark med rutebeskrivelse<br \/>\nsom alternativ til \u00e5 ta med hele f\u00f8reren p\u00e5 tur.  <\/p>\n<p>Uskedalen: Beskrivelse av ca 60 ruter fra 1 til 18 taulengder lange. Grader<br \/>\nfra 4- til 7+. Rutene er naturlig sikret, bortsett fra et lite knippe<br \/>\nmixruter. Nesten alle ruter er beskrevet med b\u00e5de bilde av veggen med stiplet<br \/>\nlinjef\u00f8ring, samt h\u00e5ndtegnet topo med stiplet linjef\u00f8ring og beskrivelser av<br \/>\nhver enkelt taulengde (lengde, standplasser, sikringsmidler, formasjoner etc.)<br \/>\nDe rutene hvor vi mangler detaljer beskrives bare med stiplet linjef\u00f8ring p\u00e5<br \/>\nbildet.<br \/>\nI Uskedalen ligger ogs\u00e5 det lille sportscraget &#171;Hjortegryta&#187; med 5 svaruter<br \/>\nfra 4 til 6+. Det har ogs\u00e5 f\u00e5tt en side i f\u00f8reren.  <\/p>\n<p>Eikedalen: Nabodal hvor det nylig har blitt utviklet ca 30 naturlig sikrede<br \/>\nruter fra 1 til 3 taulengder. Lengre anmarsj og lavere vegger enn i Uskedalen.<br \/>\nMye klatring p\u00e5 de lave gradene.<\/p>","protected":false},"excerpt":{"rendered":"<p>Phototopo Guidebook for Uskedalen an Eikedalen, south of Bergen, Norway. This guide covers 60 routes in Uskedalen, 30 in Eikedalen and a handful of sport routes in Hjortegryta. The routes described are &#8211; with a few exceptions &#8211; natutally protected mutipitch routes. F\u00f8reren inneholder informasjon om hvordan man kommer til Uskedalen, om overnattingsmuligheter, og selvf\u00f8lgelig [&#8230;]\n","protected":false},"featured_media":40564,"template":"","meta":[],"product_brand":[],"product_cat":[21539],"product_tag":[],"class_list":{"0":"post-152584","1":"product","2":"type-product","3":"status-publish","4":"has-post-thumbnail","6":"product_cat-fuehrerliteratur-sportklettern-bouldern","7":"pa_autor-b-k","8":"pa_erscheinungsjahr-21568","9":"pa_region-skandinavien-norwegen-schweden-finnland","10":"pa_sprache-en-norweg","12":"first","13":"outofstock","14":"taxable","15":"shipping-taxable","16":"purchasable","17":"product-type-simple"},"_links":{"self":[{"href":"https:\/\/pizbube.ch\/en\/wp-json\/wp\/v2\/product\/152584","targetHints":{"allow":["GET"]}}],"collection":[{"href":"https:\/\/pizbube.ch\/en\/wp-json\/wp\/v2\/product"}],"about":[{"href":"https:\/\/pizbube.ch\/en\/wp-json\/wp\/v2\/types\/product"}],"wp:featuredmedia":[{"embeddable":true,"href":"https:\/\/pizbube.ch\/en\/wp-json\/wp\/v2\/media\/40564"}],"wp:attachment":[{"href":"https:\/\/pizbube.ch\/en\/wp-json\/wp\/v2\/media?parent=152584"}],"wp:term":[{"taxonomy":"product_brand","embeddable":true,"href":"https:\/\/pizbube.ch\/en\/wp-json\/wp\/v2\/product_brand?post=152584"},{"taxonomy":"product_cat","embeddable":true,"href":"https:\/\/pizbube.ch\/en\/wp-json\/wp\/v2\/product_cat?post=152584"},{"taxonomy":"product_tag","embeddable":true,"href":"https:\/\/pizbube.ch\/en\/wp-json\/wp\/v2\/product_tag?post=152584"}],"curies":[{"name":"wp","href":"https:\/\/api.w.org\/{rel}","templated":true}]}}