{"id":152585,"date":"2021-01-15T12:31:38","date_gmt":"2021-01-15T12:31:38","guid":{"rendered":"https:\/\/codengine3.ch\/?product=import-placeholder-for-202989"},"modified":"2024-05-10T09:31:10","modified_gmt":"2024-05-10T07:31:10","slug":"kultur-und-wanderwege-die-andere-schweiz","status":"publish","type":"product","link":"https:\/\/pizbube.ch\/en\/shop\/kultur-und-wanderwege-die-andere-schweiz\/","title":{"rendered":"Kultur- und Wanderwege Die andere Schweiz"},"content":{"rendered":"<p>In einem ersten Teil werden die grunds\u00e4tzlichen geschichtlichen und<br \/>\nkulturellen Probleme soweit aufgezeigt, dass die heutige komplexe Struktur der<br \/>\nSchweiz verstanden werden kann. Die vier Kulturen der Schweiz sind nicht nur<br \/>\nin der Sprache, sondern auch in Haus und Siedlung, ja auch in der<br \/>\nLandschaftsnutzung und -gestaltung gut ablesbar. Im zweiten Teil kann der<br \/>\nLeser dem durch den Verfasser zu Fuss abgewanderten Wegnetz \u00ad es sind in 25<br \/>\nJahren \u00fcber 50 000 km geworden \u00ad ganz oder teilweise folgen, und auf Grund der<br \/>\nbeigef\u00fcgten Erkl\u00e4rungen und Illustrationen den Kulturr\u00e4umen auch zuweisen.<\/p>","protected":false},"excerpt":{"rendered":"<p>In einem ersten Teil werden die grunds\u00e4tzlichen geschichtlichen und kulturellen Probleme soweit aufgezeigt, dass die heutige komplexe Struktur der Schweiz verstanden werden kann. Die vier Kulturen der Schweiz sind nicht nur in der Sprache, sondern auch in Haus und Siedlung, ja auch in der Landschaftsnutzung und -gestaltung gut ablesbar. Im zweiten Teil kann der Leser [&#8230;]\n","protected":false},"featured_media":30493,"template":"","meta":[],"product_brand":[],"product_cat":[21580],"product_tag":[],"class_list":{"0":"post-152585","1":"product","2":"type-product","3":"status-publish","4":"has-post-thumbnail","6":"product_cat-kunst-kultur","7":"pa_autor-meister","8":"pa_erscheinungsjahr-22292","9":"pa_region-schweiz","10":"pa_sprache-de","12":"first","13":"outofstock","14":"taxable","15":"shipping-taxable","16":"purchasable","17":"product-type-simple"},"_links":{"self":[{"href":"https:\/\/pizbube.ch\/en\/wp-json\/wp\/v2\/product\/152585","targetHints":{"allow":["GET"]}}],"collection":[{"href":"https:\/\/pizbube.ch\/en\/wp-json\/wp\/v2\/product"}],"about":[{"href":"https:\/\/pizbube.ch\/en\/wp-json\/wp\/v2\/types\/product"}],"wp:featuredmedia":[{"embeddable":true,"href":"https:\/\/pizbube.ch\/en\/wp-json\/wp\/v2\/media\/30493"}],"wp:attachment":[{"href":"https:\/\/pizbube.ch\/en\/wp-json\/wp\/v2\/media?parent=152585"}],"wp:term":[{"taxonomy":"product_brand","embeddable":true,"href":"https:\/\/pizbube.ch\/en\/wp-json\/wp\/v2\/product_brand?post=152585"},{"taxonomy":"product_cat","embeddable":true,"href":"https:\/\/pizbube.ch\/en\/wp-json\/wp\/v2\/product_cat?post=152585"},{"taxonomy":"product_tag","embeddable":true,"href":"https:\/\/pizbube.ch\/en\/wp-json\/wp\/v2\/product_tag?post=152585"}],"curies":[{"name":"wp","href":"https:\/\/api.w.org\/{rel}","templated":true}]}}