{"id":152588,"date":"2021-01-15T12:31:38","date_gmt":"2021-01-15T12:31:38","guid":{"rendered":"https:\/\/codengine3.ch\/?product=import-placeholder-for-201900"},"modified":"2021-01-15T12:31:42","modified_gmt":"2021-01-15T12:31:42","slug":"outdoor-handbuch-wintertrekking","status":"publish","type":"product","link":"https:\/\/pizbube.ch\/en\/shop\/outdoor-handbuch-wintertrekking\/","title":{"rendered":"Outdoor Handbuch Wintertrekking"},"content":{"rendered":"<p>Basiswissen f\u00fcr Draussen- Planung, Vorbereitung, Ausr\u00fcstung f\u00fcr Erlebnisse bei<br \/>\nWinterlichen Temperaturen!<\/p>","protected":false},"excerpt":{"rendered":"<p>Basiswissen f\u00fcr Draussen- Planung, Vorbereitung, Ausr\u00fcstung f\u00fcr Erlebnisse bei Winterlichen Temperaturen!<\/p>","protected":false},"featured_media":45070,"template":"","meta":[],"product_brand":[],"product_cat":[21538],"product_tag":[],"class_list":{"0":"post-152588","1":"product","2":"type-product","3":"status-publish","4":"has-post-thumbnail","6":"product_cat-lehrbuecher","7":"pa_autor-heim-klawatzki","8":"pa_erscheinungsjahr-22150","9":"pa_region-alpin-winter","10":"pa_sprache-de","12":"first","13":"instock","14":"taxable","15":"shipping-taxable","16":"purchasable","17":"product-type-simple"},"_links":{"self":[{"href":"https:\/\/pizbube.ch\/en\/wp-json\/wp\/v2\/product\/152588","targetHints":{"allow":["GET"]}}],"collection":[{"href":"https:\/\/pizbube.ch\/en\/wp-json\/wp\/v2\/product"}],"about":[{"href":"https:\/\/pizbube.ch\/en\/wp-json\/wp\/v2\/types\/product"}],"wp:featuredmedia":[{"embeddable":true,"href":"https:\/\/pizbube.ch\/en\/wp-json\/wp\/v2\/media\/45070"}],"wp:attachment":[{"href":"https:\/\/pizbube.ch\/en\/wp-json\/wp\/v2\/media?parent=152588"}],"wp:term":[{"taxonomy":"product_brand","embeddable":true,"href":"https:\/\/pizbube.ch\/en\/wp-json\/wp\/v2\/product_brand?post=152588"},{"taxonomy":"product_cat","embeddable":true,"href":"https:\/\/pizbube.ch\/en\/wp-json\/wp\/v2\/product_cat?post=152588"},{"taxonomy":"product_tag","embeddable":true,"href":"https:\/\/pizbube.ch\/en\/wp-json\/wp\/v2\/product_tag?post=152588"}],"curies":[{"name":"wp","href":"https:\/\/api.w.org\/{rel}","templated":true}]}}