{"id":152589,"date":"2021-01-15T12:31:39","date_gmt":"2021-01-15T12:31:39","guid":{"rendered":"https:\/\/codengine3.ch\/?product=import-placeholder-for-202529"},"modified":"2021-01-15T12:37:06","modified_gmt":"2021-01-15T12:37:06","slug":"handbuch-fuer-outdoor-guides","status":"publish","type":"product","link":"https:\/\/pizbube.ch\/en\/shop\/handbuch-fuer-outdoor-guides\/","title":{"rendered":"Handbuch f\u00fcr outdoor guides"},"content":{"rendered":"<p>Das Handbuch f\u00fchrt in die weite Welt des Outdoors: Brauchbare Informationen<br \/>\nzur Praxis von Trekking, Kanu, Schneeschuh und anderen Aktivit\u00e4ten unter<br \/>\nfreiem Himmel, aber auch handfeste Leitlinien rund um Organisation und<br \/>\nF\u00fchrung, machen das Buch zu einem guten Begleiter f\u00fcr jeden Outdoor Guide.<br \/>\nDieses Handbuch f\u00fchrt in die weite Welt des Outdoors: Wichtige und<br \/>\ngrundlegende Informationen zur Praxis von Trekking, Kanu, Schneeschuh und<br \/>\nanderen Aktivit\u00e4ten unter freiem Himmel, aber auch handfeste Richtlinien rund<br \/>\num Organisation und F\u00fchrung machen das Buch zu einem guten Begleiter f\u00fcr jeden<br \/>\nOutdoor Guide.<br \/>\nHans-Peter Hufenus, Leiter der Wildnisschule Schweiz, gibt &#8211; belebt von vielen<br \/>\nGeschichten aus der Praxis &#8211; Einblick in professionelles Gestalten vo<br \/>\nNaturerlebnissen. 2. \u00fcberarb. Auflg.<\/p>","protected":false},"excerpt":{"rendered":"<p>Das Handbuch f\u00fchrt in die weite Welt des Outdoors: Brauchbare Informationen zur Praxis von Trekking, Kanu, Schneeschuh und anderen Aktivit\u00e4ten unter freiem Himmel, aber auch handfeste Leitlinien rund um Organisation und F\u00fchrung, machen das Buch zu einem guten Begleiter f\u00fcr jeden Outdoor Guide. Dieses Handbuch f\u00fchrt in die weite Welt des Outdoors: Wichtige und grundlegende [&#8230;]\n","protected":false},"featured_media":29929,"template":"","meta":[],"product_brand":[],"product_cat":[21538],"product_tag":[],"class_list":{"0":"post-152589","1":"product","2":"type-product","3":"status-publish","4":"has-post-thumbnail","6":"product_cat-lehrbuecher","7":"pa_autor-hufenus","8":"pa_erscheinungsjahr-22292","9":"pa_region-orientierung-wetter-ausbildung","10":"pa_sprache-de","12":"first","13":"instock","14":"taxable","15":"shipping-taxable","16":"purchasable","17":"product-type-simple"},"_links":{"self":[{"href":"https:\/\/pizbube.ch\/en\/wp-json\/wp\/v2\/product\/152589","targetHints":{"allow":["GET"]}}],"collection":[{"href":"https:\/\/pizbube.ch\/en\/wp-json\/wp\/v2\/product"}],"about":[{"href":"https:\/\/pizbube.ch\/en\/wp-json\/wp\/v2\/types\/product"}],"wp:featuredmedia":[{"embeddable":true,"href":"https:\/\/pizbube.ch\/en\/wp-json\/wp\/v2\/media\/29929"}],"wp:attachment":[{"href":"https:\/\/pizbube.ch\/en\/wp-json\/wp\/v2\/media?parent=152589"}],"wp:term":[{"taxonomy":"product_brand","embeddable":true,"href":"https:\/\/pizbube.ch\/en\/wp-json\/wp\/v2\/product_brand?post=152589"},{"taxonomy":"product_cat","embeddable":true,"href":"https:\/\/pizbube.ch\/en\/wp-json\/wp\/v2\/product_cat?post=152589"},{"taxonomy":"product_tag","embeddable":true,"href":"https:\/\/pizbube.ch\/en\/wp-json\/wp\/v2\/product_tag?post=152589"}],"curies":[{"name":"wp","href":"https:\/\/api.w.org\/{rel}","templated":true}]}}