{"id":152592,"date":"2021-01-15T12:31:39","date_gmt":"2021-01-15T12:31:39","guid":{"rendered":"https:\/\/codengine3.ch\/?product=import-placeholder-for-206664"},"modified":"2021-01-15T14:50:37","modified_gmt":"2021-01-15T14:50:37","slug":"supertrail-map-italy-lago-di-garda-nord-150000","status":"publish","type":"product","link":"https:\/\/pizbube.ch\/en\/shop\/supertrail-map-italy-lago-di-garda-nord-150000\/","title":{"rendered":"SUPERTRAIL MAP Italy \/ Lago di Garda nord 1:50`000"},"content":{"rendered":"<p>Die besten Singletrails in den besten Mountainbike Spots Europas \u2013 dies ist<br \/>\ndie einfache Formel f\u00fcr die Supertrail Maps. Die weltweit einzigartige<br \/>\ntopographische Karte f\u00fcr ambitionierte Mountainbiker macht das Wissen der<br \/>\nLocals erstmals frei verf\u00fcgbar. Alle befahrbaren Singletrails werden in je<br \/>\nf\u00fcnf Schwierigkeitsgraden f\u00fcr Uphill und Downhill farblich gekennzeichnet.  <\/p>\n<p>Die Supertrail Maps werden von daf\u00fcr ausgebildeten Kartenautoren recherchiert.<br \/>\nDamit ist garantiert, dass die Schwierigkeitsbewertung l\u00e4nder- und<br \/>\ngebiets\u00fcbergreifend einheitlich ist. Die Karten im Massstab 1:50 000 zeigen<br \/>\nalle f\u00fcr die Planung und Umsetzung im Gel\u00e4nde notwendigen Informationen.<\/p>\n<p>Der Kartenausschnitt ist frei gew\u00e4hlt, d.h. mit einer Karte ist das gesamte<br \/>\nGebiet abgedeckt, ung\u00fcnstige Kartenschnitte geh\u00f6ren damit der Vergangenheit<br \/>\nan. Die Supertrail Maps sind auf reiss- und wasserfeste Folie gedruckt und<br \/>\nsind deshalb nahezu unzerst\u00f6rbar. Dank dem praktischen Endformat von 10 x 15<br \/>\ncm passen die Supertrail Maps in jede Jacken- und Hosentasche.<\/p>","protected":false},"excerpt":{"rendered":"<p>Die besten Singletrails in den besten Mountainbike Spots Europas \u2013 dies ist die einfache Formel f\u00fcr die Supertrail Maps. Die weltweit einzigartige topographische Karte f\u00fcr ambitionierte Mountainbiker macht das Wissen der Locals erstmals frei verf\u00fcgbar. Alle befahrbaren Singletrails werden in je f\u00fcnf Schwierigkeitsgraden f\u00fcr Uphill und Downhill farblich gekennzeichnet. Die Supertrail Maps werden von daf\u00fcr [&#8230;]\n","protected":false},"featured_media":35772,"template":"","meta":[],"product_brand":[],"product_cat":[21543],"product_tag":[],"class_list":{"0":"post-152592","1":"product","2":"type-product","3":"status-publish","4":"has-post-thumbnail","6":"product_cat-landkarten","7":"pa_autor-outkomm","8":"pa_erscheinungsjahr-21610","9":"pa_region-italien","10":"pa_sprache-e","11":"pa_sprache-i","13":"first","14":"instock","15":"taxable","16":"shipping-taxable","17":"purchasable","18":"product-type-simple"},"_links":{"self":[{"href":"https:\/\/pizbube.ch\/en\/wp-json\/wp\/v2\/product\/152592","targetHints":{"allow":["GET"]}}],"collection":[{"href":"https:\/\/pizbube.ch\/en\/wp-json\/wp\/v2\/product"}],"about":[{"href":"https:\/\/pizbube.ch\/en\/wp-json\/wp\/v2\/types\/product"}],"wp:featuredmedia":[{"embeddable":true,"href":"https:\/\/pizbube.ch\/en\/wp-json\/wp\/v2\/media\/35772"}],"wp:attachment":[{"href":"https:\/\/pizbube.ch\/en\/wp-json\/wp\/v2\/media?parent=152592"}],"wp:term":[{"taxonomy":"product_brand","embeddable":true,"href":"https:\/\/pizbube.ch\/en\/wp-json\/wp\/v2\/product_brand?post=152592"},{"taxonomy":"product_cat","embeddable":true,"href":"https:\/\/pizbube.ch\/en\/wp-json\/wp\/v2\/product_cat?post=152592"},{"taxonomy":"product_tag","embeddable":true,"href":"https:\/\/pizbube.ch\/en\/wp-json\/wp\/v2\/product_tag?post=152592"}],"curies":[{"name":"wp","href":"https:\/\/api.w.org\/{rel}","templated":true}]}}