{"id":152594,"date":"2021-01-15T12:31:39","date_gmt":"2021-01-15T12:31:39","guid":{"rendered":"https:\/\/codengine3.ch\/?product=import-placeholder-for-201902"},"modified":"2021-01-15T12:31:43","modified_gmt":"2021-01-15T12:31:43","slug":"eugen-guido-lammer","status":"publish","type":"product","link":"https:\/\/pizbube.ch\/en\/shop\/eugen-guido-lammer\/","title":{"rendered":"Eugen Guido Lammer"},"content":{"rendered":"<p>Dokumentation \u00fcber den grossen revolution\u00e4ren Bergsteiger des ausklingenden<br \/>\n19, Jht.- \u00fcber seinen &#8218;Durst nach Todesgefahr&#8216; und seine Provokationen.<\/p>","protected":false},"excerpt":{"rendered":"<p>Dokumentation \u00fcber den grossen revolution\u00e4ren Bergsteiger des ausklingenden 19, Jht.- \u00fcber seinen &#8218;Durst nach Todesgefahr&#8216; und seine Provokationen.<\/p>","protected":false},"featured_media":45070,"template":"","meta":[],"product_brand":[],"product_cat":[21542],"product_tag":[],"class_list":{"0":"post-152594","1":"product","2":"type-product","3":"status-publish","4":"has-post-thumbnail","6":"product_cat-sachbuecher-dokumentationen","7":"pa_autor-hoefler-messner","8":"pa_erscheinungsjahr-22150","9":"pa_region-deutschland","10":"pa_sprache-de","12":"first","13":"outofstock","14":"taxable","15":"shipping-taxable","16":"purchasable","17":"product-type-simple"},"_links":{"self":[{"href":"https:\/\/pizbube.ch\/en\/wp-json\/wp\/v2\/product\/152594","targetHints":{"allow":["GET"]}}],"collection":[{"href":"https:\/\/pizbube.ch\/en\/wp-json\/wp\/v2\/product"}],"about":[{"href":"https:\/\/pizbube.ch\/en\/wp-json\/wp\/v2\/types\/product"}],"wp:featuredmedia":[{"embeddable":true,"href":"https:\/\/pizbube.ch\/en\/wp-json\/wp\/v2\/media\/45070"}],"wp:attachment":[{"href":"https:\/\/pizbube.ch\/en\/wp-json\/wp\/v2\/media?parent=152594"}],"wp:term":[{"taxonomy":"product_brand","embeddable":true,"href":"https:\/\/pizbube.ch\/en\/wp-json\/wp\/v2\/product_brand?post=152594"},{"taxonomy":"product_cat","embeddable":true,"href":"https:\/\/pizbube.ch\/en\/wp-json\/wp\/v2\/product_cat?post=152594"},{"taxonomy":"product_tag","embeddable":true,"href":"https:\/\/pizbube.ch\/en\/wp-json\/wp\/v2\/product_tag?post=152594"}],"curies":[{"name":"wp","href":"https:\/\/api.w.org\/{rel}","templated":true}]}}