{"id":152598,"date":"2021-01-15T12:31:40","date_gmt":"2021-01-15T12:31:40","guid":{"rendered":"https:\/\/codengine3.ch\/?product=import-placeholder-for-201908"},"modified":"2021-01-15T12:31:44","modified_gmt":"2021-01-15T12:31:44","slug":"nachbarn-valle-d-aosta-und-wallis","status":"publish","type":"product","link":"https:\/\/pizbube.ch\/en\/shop\/nachbarn-valle-d-aosta-und-wallis\/","title":{"rendered":"Nachbarn? Valle d&#8216; Aosta und Wallis"},"content":{"rendered":"<p>Der 4. Band aus der Reihe Geschichte der Alpen: kulturelle und geschichtliche<br \/>\nVerbindungen der beiden Regionen.<\/p>\n<p>Zwischen ihnen zieht sich der Pass des Grossen Sankt Bernhard durch das<br \/>\nGebirge. Er verbindet das Aostatal, eine autonome Region Italiens, mit dem<br \/>\nSchweizer Kanton Wallis. Welche \u00c4hnlichkeiten und welche Unterschiede pr\u00e4gen<br \/>\ndie Geschichte der beiden grossen T\u00e4ler mit ihren vielen Seitent\u00e4lern? Handelt<br \/>\nes sich um Nachbarn nicht nur im geographischen, sondern auch in einem<br \/>\nhistorisch-sozialen Sinn? Antworten auf diese Fragen geben hier mehr als ein<br \/>\nDutzend Autorinnen und Autoren. Der erste Beitrag bietet einen historischen<br \/>\n\u00dcberblick, ein geeigneter Einstieg vor allem f\u00fcr diejenigen, welche das<br \/>\nAostatal und das Wallis bisher nur vom H\u00f6rensagen kennen. Die weiteren<br \/>\nBeitr\u00e4ge sind thematisch gruppiert: Macht, Arbeit, Ged\u00e4chtnis, Orte der<br \/>\nForschung. Innerhalb jeder Gruppe wird ein breites Spektrum von Fragen<br \/>\nabgedeckt. Zeitlich reicht die Spannweite von der Antike bis in die Gegenwart.<\/p>","protected":false},"excerpt":{"rendered":"<p>Der 4. Band aus der Reihe Geschichte der Alpen: kulturelle und geschichtliche Verbindungen der beiden Regionen. Zwischen ihnen zieht sich der Pass des Grossen Sankt Bernhard durch das Gebirge. Er verbindet das Aostatal, eine autonome Region Italiens, mit dem Schweizer Kanton Wallis. Welche \u00c4hnlichkeiten und welche Unterschiede pr\u00e4gen die Geschichte der beiden grossen T\u00e4ler mit [&#8230;]\n","protected":false},"featured_media":26937,"template":"","meta":[],"product_brand":[],"product_cat":[21542],"product_tag":[],"class_list":{"0":"post-152598","1":"product","2":"type-product","3":"status-publish","4":"has-post-thumbnail","6":"product_cat-sachbuecher-dokumentationen","7":"pa_autor-busset-dubuis-mathieu","8":"pa_erscheinungsjahr-22150","9":"pa_region-schweiz","10":"pa_sprache-d","11":"pa_sprache-f","13":"first","14":"instock","15":"taxable","16":"shipping-taxable","17":"purchasable","18":"product-type-simple"},"_links":{"self":[{"href":"https:\/\/pizbube.ch\/en\/wp-json\/wp\/v2\/product\/152598","targetHints":{"allow":["GET"]}}],"collection":[{"href":"https:\/\/pizbube.ch\/en\/wp-json\/wp\/v2\/product"}],"about":[{"href":"https:\/\/pizbube.ch\/en\/wp-json\/wp\/v2\/types\/product"}],"wp:featuredmedia":[{"embeddable":true,"href":"https:\/\/pizbube.ch\/en\/wp-json\/wp\/v2\/media\/26937"}],"wp:attachment":[{"href":"https:\/\/pizbube.ch\/en\/wp-json\/wp\/v2\/media?parent=152598"}],"wp:term":[{"taxonomy":"product_brand","embeddable":true,"href":"https:\/\/pizbube.ch\/en\/wp-json\/wp\/v2\/product_brand?post=152598"},{"taxonomy":"product_cat","embeddable":true,"href":"https:\/\/pizbube.ch\/en\/wp-json\/wp\/v2\/product_cat?post=152598"},{"taxonomy":"product_tag","embeddable":true,"href":"https:\/\/pizbube.ch\/en\/wp-json\/wp\/v2\/product_tag?post=152598"}],"curies":[{"name":"wp","href":"https:\/\/api.w.org\/{rel}","templated":true}]}}