{"id":152601,"date":"2021-01-15T12:31:45","date_gmt":"2021-01-15T12:31:45","guid":{"rendered":"https:\/\/codengine3.ch\/?product=import-placeholder-for-204164"},"modified":"2022-12-28T09:06:08","modified_gmt":"2022-12-28T08:06:08","slug":"hoteltraeume-zwischen-gletschern-und-palmen","status":"publish","type":"product","link":"https:\/\/pizbube.ch\/en\/shop\/hoteltraeume-zwischen-gletschern-und-palmen\/","title":{"rendered":"Hoteltr\u00e4ume zwischen Gletschern und Palmen"},"content":{"rendered":"<p>Schweizer Tourismus und Hotelbau 1830- 1920<\/p>\n<p>Hotelk\u00f6nige und ihre glanzvollen Pal\u00e4ste der Belle Epoque<br \/>\nDie Geschichte der schweizerischen Hotellerie und des Tourismus vor dem Ersten<br \/>\nWeltkrieg wird erstmals in einer Gesamt\u00fcbersicht ausgebreitet.<\/p>\n<p>Das Buch f\u00fchrt ein in die Anf\u00e4nge des Tourismus und vertieft das Thema auf exemplarische Art<br \/>\nam Beispiel des Hotelbaus. Ein massgeblicher Teil des bisher unpublizierten<br \/>\nBildmaterials stammt aus dem Archiv des Meiringer Fotohauses Br\u00fcgger, das<br \/>\nlandesweit die Entwicklung der Hotellerie dokumentiert hat.<\/p>","protected":false},"excerpt":{"rendered":"<p>Schweizer Tourismus und Hotelbau 1830- 1920 Hotelk\u00f6nige und ihre glanzvollen Pal\u00e4ste der Belle Epoque Die Geschichte der schweizerischen Hotellerie und des Tourismus vor dem Ersten Weltkrieg wird erstmals in einer Gesamt\u00fcbersicht ausgebreitet. Das Buch f\u00fchrt ein in die Anf\u00e4nge des Tourismus und vertieft das Thema auf exemplarische Art am Beispiel des Hotelbaus. Ein massgeblicher Teil [&#8230;]\n","protected":false},"featured_media":31940,"template":"","meta":[],"product_brand":[],"product_cat":[21542],"product_tag":[],"class_list":{"0":"post-152601","1":"product","2":"type-product","3":"status-publish","4":"has-post-thumbnail","6":"product_cat-sachbuecher-dokumentationen","7":"pa_autor-flueckiger","8":"pa_erscheinungsjahr-21776","9":"pa_region-schweiz","10":"pa_sprache-de","12":"first","13":"outofstock","14":"taxable","15":"shipping-taxable","16":"purchasable","17":"product-type-simple"},"_links":{"self":[{"href":"https:\/\/pizbube.ch\/en\/wp-json\/wp\/v2\/product\/152601","targetHints":{"allow":["GET"]}}],"collection":[{"href":"https:\/\/pizbube.ch\/en\/wp-json\/wp\/v2\/product"}],"about":[{"href":"https:\/\/pizbube.ch\/en\/wp-json\/wp\/v2\/types\/product"}],"wp:featuredmedia":[{"embeddable":true,"href":"https:\/\/pizbube.ch\/en\/wp-json\/wp\/v2\/media\/31940"}],"wp:attachment":[{"href":"https:\/\/pizbube.ch\/en\/wp-json\/wp\/v2\/media?parent=152601"}],"wp:term":[{"taxonomy":"product_brand","embeddable":true,"href":"https:\/\/pizbube.ch\/en\/wp-json\/wp\/v2\/product_brand?post=152601"},{"taxonomy":"product_cat","embeddable":true,"href":"https:\/\/pizbube.ch\/en\/wp-json\/wp\/v2\/product_cat?post=152601"},{"taxonomy":"product_tag","embeddable":true,"href":"https:\/\/pizbube.ch\/en\/wp-json\/wp\/v2\/product_tag?post=152601"}],"curies":[{"name":"wp","href":"https:\/\/api.w.org\/{rel}","templated":true}]}}