{"id":152605,"date":"2021-01-15T12:31:45","date_gmt":"2021-01-15T12:31:45","guid":{"rendered":"https:\/\/codengine3.ch\/?product=import-placeholder-for-203041"},"modified":"2021-01-15T12:53:32","modified_gmt":"2021-01-15T12:53:32","slug":"neue-skigebiete-in-der-schweiz","status":"publish","type":"product","link":"https:\/\/pizbube.ch\/en\/shop\/neue-skigebiete-in-der-schweiz\/","title":{"rendered":"Neue Skigebiete in der Schweiz?"},"content":{"rendered":"<p>Der Wintersporttourismus k\u00e4mpft mit \u00dcberkapazit\u00e4ten, die Nachfrage stagniert.<br \/>\nTrotzdem gibt es in der Branche Pl\u00e4ne und Ideen f\u00fcr Neu- und Ausbauten in<br \/>\nMilliardenh\u00f6he. Dabei sollen auch wertvollste Landschaften und Lebensr\u00e4ume<br \/>\ntouristisch erschlossen werden. Eindr\u00fccklich belegt die Studie den<br \/>\nungebrochenen Expansionsdrang der Seilbahnindustrie und zeigt, wie auch die<br \/>\n\u00f6ffentliche Hand daran beteiligt ist. Das detaillierte Inventar der<br \/>\nAusbaupl\u00e4ne m\u00fcndet in einen Katalog von Verbesserungsmassnahmen. Die Autoren<br \/>\nmachen deutlich, dass eine an Nachhaltigkeit orientierte Tourismusplanung f\u00fcr<br \/>\nheutige Skitourismus- Monokulturen erforderlich ist. 83 Seiten \/ 10 s\/w, 14<br \/>\nfarb. Abbildungen, 4 Karten, 13 Tabellen  <\/p>","protected":false},"excerpt":{"rendered":"<p>Der Wintersporttourismus k\u00e4mpft mit \u00dcberkapazit\u00e4ten, die Nachfrage stagniert. Trotzdem gibt es in der Branche Pl\u00e4ne und Ideen f\u00fcr Neu- und Ausbauten in Milliardenh\u00f6he. Dabei sollen auch wertvollste Landschaften und Lebensr\u00e4ume touristisch erschlossen werden. Eindr\u00fccklich belegt die Studie den ungebrochenen Expansionsdrang der Seilbahnindustrie und zeigt, wie auch die \u00f6ffentliche Hand daran beteiligt ist. Das detaillierte Inventar [&#8230;]\n","protected":false},"featured_media":30553,"template":"","meta":[],"product_brand":[],"product_cat":[21542],"product_tag":[],"class_list":{"0":"post-152605","1":"product","2":"type-product","3":"status-publish","4":"has-post-thumbnail","6":"product_cat-sachbuecher-dokumentationen","7":"pa_autor-mathis-siegrist-kessler","8":"pa_erscheinungsjahr-22292","9":"pa_region-schweiz","10":"pa_sprache-de","12":"first","13":"instock","14":"taxable","15":"shipping-taxable","16":"purchasable","17":"product-type-simple"},"_links":{"self":[{"href":"https:\/\/pizbube.ch\/en\/wp-json\/wp\/v2\/product\/152605","targetHints":{"allow":["GET"]}}],"collection":[{"href":"https:\/\/pizbube.ch\/en\/wp-json\/wp\/v2\/product"}],"about":[{"href":"https:\/\/pizbube.ch\/en\/wp-json\/wp\/v2\/types\/product"}],"wp:featuredmedia":[{"embeddable":true,"href":"https:\/\/pizbube.ch\/en\/wp-json\/wp\/v2\/media\/30553"}],"wp:attachment":[{"href":"https:\/\/pizbube.ch\/en\/wp-json\/wp\/v2\/media?parent=152605"}],"wp:term":[{"taxonomy":"product_brand","embeddable":true,"href":"https:\/\/pizbube.ch\/en\/wp-json\/wp\/v2\/product_brand?post=152605"},{"taxonomy":"product_cat","embeddable":true,"href":"https:\/\/pizbube.ch\/en\/wp-json\/wp\/v2\/product_cat?post=152605"},{"taxonomy":"product_tag","embeddable":true,"href":"https:\/\/pizbube.ch\/en\/wp-json\/wp\/v2\/product_tag?post=152605"}],"curies":[{"name":"wp","href":"https:\/\/api.w.org\/{rel}","templated":true}]}}