{"id":152606,"date":"2021-01-15T12:31:45","date_gmt":"2021-01-15T12:31:45","guid":{"rendered":"https:\/\/codengine3.ch\/?product=import-placeholder-for-206265"},"modified":"2021-01-15T14:47:41","modified_gmt":"2021-01-15T14:47:41","slug":"schneeschuhtouren-graubuenden-nord","status":"publish","type":"product","link":"https:\/\/pizbube.ch\/en\/shop\/schneeschuhtouren-graubuenden-nord\/","title":{"rendered":"Schneeschuhtouren Graub\u00fcnden Nord"},"content":{"rendered":"<p>Vom Pr\u00e4ttigau bis zur Surselva &#8211; Schneeschuhtouren  <\/p>\n<p>Der vorliegende Schneeschuhtourenf\u00fchrer deckt ein interessantes und<br \/>\nvariantenreiches Gebiert ab: Vom bekannten St. Ant\u00f6nien bis zur anhin<br \/>\nunentdeckten Alp Pazzola, von San Bernardino bis zum Kunkelspass.<\/p>\n<p>84 Touren und Varianten in allen Schwierigkeitsgraden \u2013 darunter 20<br \/>\nEinsteigerwanderungen \u2013 sind detailliert beschrieben.<br \/>\n200 Seiten, mit 20 Varianten f\u00fcr Einsteiger  <\/p>","protected":false},"excerpt":{"rendered":"<p>Vom Pr\u00e4ttigau bis zur Surselva &#8211; Schneeschuhtouren Der vorliegende Schneeschuhtourenf\u00fchrer deckt ein interessantes und variantenreiches Gebiert ab: Vom bekannten St. Ant\u00f6nien bis zur anhin unentdeckten Alp Pazzola, von San Bernardino bis zum Kunkelspass. 84 Touren und Varianten in allen Schwierigkeitsgraden \u2013 darunter 20 Einsteigerwanderungen \u2013 sind detailliert beschrieben. 200 Seiten, mit 20 Varianten f\u00fcr Einsteiger<\/p>","protected":false},"featured_media":35249,"template":"","meta":[],"product_brand":[],"product_cat":[21540],"product_tag":[],"class_list":{"0":"post-152606","1":"product","2":"type-product","3":"status-publish","4":"has-post-thumbnail","6":"product_cat-fuehrerliteratur-alpin-winter","7":"pa_autor-coulin","8":"pa_erscheinungsjahr-21610","9":"pa_region-schweiz","10":"pa_sprache-de","12":"first","13":"instock","14":"taxable","15":"shipping-taxable","16":"purchasable","17":"product-type-simple"},"_links":{"self":[{"href":"https:\/\/pizbube.ch\/en\/wp-json\/wp\/v2\/product\/152606","targetHints":{"allow":["GET"]}}],"collection":[{"href":"https:\/\/pizbube.ch\/en\/wp-json\/wp\/v2\/product"}],"about":[{"href":"https:\/\/pizbube.ch\/en\/wp-json\/wp\/v2\/types\/product"}],"wp:featuredmedia":[{"embeddable":true,"href":"https:\/\/pizbube.ch\/en\/wp-json\/wp\/v2\/media\/35249"}],"wp:attachment":[{"href":"https:\/\/pizbube.ch\/en\/wp-json\/wp\/v2\/media?parent=152606"}],"wp:term":[{"taxonomy":"product_brand","embeddable":true,"href":"https:\/\/pizbube.ch\/en\/wp-json\/wp\/v2\/product_brand?post=152606"},{"taxonomy":"product_cat","embeddable":true,"href":"https:\/\/pizbube.ch\/en\/wp-json\/wp\/v2\/product_cat?post=152606"},{"taxonomy":"product_tag","embeddable":true,"href":"https:\/\/pizbube.ch\/en\/wp-json\/wp\/v2\/product_tag?post=152606"}],"curies":[{"name":"wp","href":"https:\/\/api.w.org\/{rel}","templated":true}]}}